{"id":24700,"date":"2024-06-06T13:48:02","date_gmt":"2024-06-06T11:48:02","guid":{"rendered":"https:\/\/denpanels.com\/lux\/"},"modified":"2025-03-07T10:26:32","modified_gmt":"2025-03-07T09:26:32","slug":"lux-panelek","status":"publish","type":"page","link":"https:\/\/denpanels.com\/hu\/panelek\/lux-panelek\/","title":{"rendered":"LUX panelek"},"content":{"rendered":"","protected":false},"excerpt":{"rendered":"","protected":false},"author":3,"featured_media":0,"parent":24951,"menu_order":5,"comment_status":"closed","ping_status":"closed","template":"","meta":{"_acf_changed":false,"footnotes":""},"page-section":[535,533,524,525,528,526,534],"page-template":[541],"class_list":["post-24700","page","type-page","status-publish","hentry","page-section-category-options","page-section-certificates","page-section-datasheet","page-section-hero","page-section-megamenu","page-section-product-category","page-section-the-panels-construction","page-template-category-lux"],"acf":{"product_category-selected":665,"product_category-headline_p1":"LUX akusztikai panelek","product_category-headline_p2":"Exkluz\u00edv design \u00e9s kiv\u00e1l\u00f3 akusztika","product_category-introduction":"<strong>\u00c1lmodozol egy st\u00edlusos \u00e9s harmonikus t\u00e9r kialak\u00edt\u00e1s\u00e1r\u00f3l? A LUX akusztikai paneleink \u00f6tv\u00f6zik az eleganci\u00e1t \u00e9s a funkcionalit\u00e1st, 40 mm sz\u00e9les l\u00e9ceikkel, amelyek nyugodt, kifinomult fel\u00fcletet hoznak l\u00e9tre, \u00e9s term\u00e9szetes, eleg\u00e1ns eszt\u00e9tik\u00e1t adnak.<\/strong>\r\n\r\n<ul>\r\n    <li><strong>Eleganci\u00e1t \u00e9s nyugalmat hoz<\/strong> \u2013 sz\u00e9lesebb l\u00e9cek a kiegyens\u00falyozott megjelen\u00e9s\u00e9rt.<\/li>\r\n    <li><strong>Fa furn\u00e9r h\u00e1rom oldalon<\/strong> \u2013 pr\u00e9mium \u00e9s z\u00f6kken\u0151mentes befejez\u00e9s.<\/li>\r\n    <li><strong>Hat\u00e9kony hangelnyel\u00e9s<\/strong> \u2013 cs\u00f6kkenti a zajt \u00e9s jav\u00edtja az akusztik\u00e1t.<\/li>\r\n    <li><strong>FSC\u00ae-tan\u00fas\u00edtv\u00e1nnyal rendelkez\u0151 anyagok<\/strong> \u2013 felel\u0151sen beszerzett faanyag.<\/li>\r\n    <li><strong>Fenntarthat\u00f3 \u00e9p\u00edt\u00e9s<\/strong> \u2013 akusztikus filc, amely legal\u00e1bb 50%-ban \u00fajrahasznos\u00edtott m\u0171anyagb\u00f3l k\u00e9sz\u00fclt.<\/li>\r\n<\/ul>\r\n\r\nA fa l\u00e9cek \u00e9s akusztikus poli\u00e9szter filc egyed\u00fcl\u00e1ll\u00f3 kombin\u00e1ci\u00f3ja jelent\u0151sen jav\u00edtja az akusztik\u00e1t, \u00edgy a LUX panelek t\u00f6k\u00e9letesek otthonokhoz, irod\u00e1khoz \u00e9s k\u00f6zterekhez.\r\n\r\n<i>Exkluz\u00edv design. Jobb akusztika. Term\u00e9szetes min\u0151s\u00e9g.<\/i>","product_category-highlighted_media":24719,"product_category-cta":{"product_category_cta":null},"comparrison_image":null,"product_category-some_of_our_combinations":24320,"hero-media":[24721,24720],"hero-h1":"LUX panelek","hero-sub_header":""},"_links":{"self":[{"href":"https:\/\/denpanels.com\/hu\/wp-json\/wp\/v2\/pages\/24700","targetHints":{"allow":["GET"]}}],"collection":[{"href":"https:\/\/denpanels.com\/hu\/wp-json\/wp\/v2\/pages"}],"about":[{"href":"https:\/\/denpanels.com\/hu\/wp-json\/wp\/v2\/types\/page"}],"author":[{"embeddable":true,"href":"https:\/\/denpanels.com\/hu\/wp-json\/wp\/v2\/users\/3"}],"replies":[{"embeddable":true,"href":"https:\/\/denpanels.com\/hu\/wp-json\/wp\/v2\/comments?post=24700"}],"version-history":[{"count":4,"href":"https:\/\/denpanels.com\/hu\/wp-json\/wp\/v2\/pages\/24700\/revisions"}],"predecessor-version":[{"id":24724,"href":"https:\/\/denpanels.com\/hu\/wp-json\/wp\/v2\/pages\/24700\/revisions\/24724"}],"up":[{"embeddable":true,"href":"https:\/\/denpanels.com\/hu\/wp-json\/wp\/v2\/pages\/24951"}],"acf:attachment":[{"embeddable":true,"href":"https:\/\/denpanels.com\/hu\/wp-json\/wp\/v2\/media\/24720"},{"embeddable":true,"href":"https:\/\/denpanels.com\/hu\/wp-json\/wp\/v2\/media\/24721"}],"acf:post":[{"embeddable":true,"href":"https:\/\/denpanels.com\/hu\/wp-json\/wp\/v2\/translation\/24320"}],"acf:term":[{"embeddable":true,"taxonomy":"product-category","href":"https:\/\/denpanels.com\/hu\/wp-json\/wp\/v2\/product-category\/665"}],"wp:attachment":[{"href":"https:\/\/denpanels.com\/hu\/wp-json\/wp\/v2\/media?parent=24700"}],"wp:term":[{"taxonomy":"page-section","embeddable":true,"href":"https:\/\/denpanels.com\/hu\/wp-json\/wp\/v2\/page-section?post=24700"},{"taxonomy":"page-template","embeddable":true,"href":"https:\/\/denpanels.com\/hu\/wp-json\/wp\/v2\/page-template?post=24700"}],"curies":[{"name":"wp","href":"https:\/\/api.w.org\/{rel}","templated":true}]}}