{"id":24674,"date":"2024-06-06T13:47:44","date_gmt":"2024-06-06T11:47:44","guid":{"rendered":"https:\/\/denpanels.com\/linoleum\/"},"modified":"2025-03-06T15:43:19","modified_gmt":"2025-03-06T14:43:19","slug":"linoleum-panelek","status":"publish","type":"page","link":"https:\/\/denpanels.com\/hu\/panelek\/linoleum-panelek\/","title":{"rendered":"Lin\u00f3leum panelek"},"content":{"rendered":"","protected":false},"excerpt":{"rendered":"","protected":false},"author":3,"featured_media":0,"parent":24951,"menu_order":9,"comment_status":"closed","ping_status":"closed","template":"","meta":{"_acf_changed":false,"footnotes":""},"page-section":[535,533,524,525,528,526,534],"page-template":[540],"class_list":["post-24674","page","type-page","status-publish","hentry","page-section-category-options","page-section-certificates","page-section-datasheet","page-section-hero","page-section-megamenu","page-section-product-category","page-section-the-panels-construction","page-template-category-linoleum"],"acf":{"product_category-selected":664,"product_category-headline_p1":"Lin\u00f3leum akusztikai panelek","product_category-headline_p2":"\u2013 L\u00e1gy elegancia \u00e9s kiv\u00e1l\u00f3 akusztika","product_category-introduction":"<strong>Olyan kifinomult \u00e9s funkcion\u00e1lis falmegold\u00e1st keresel? A Denpanels lin\u00f3leum akusztikai panelei a term\u00e9szetes sz\u00e9ps\u00e9get, akusztikai k\u00e9nyelmet \u00e9s praktikus karbantart\u00e1st \u00f6tv\u00f6zik, lehet\u0151v\u00e9 t\u00e9ve, hogy harmonikus \u00e9s st\u00edlusos bels\u0151 teret alak\u00edts ki.<\/strong>\r\n\r\n<ul>\r\n    <li><strong>Puh\u00e1bb, matt fel\u00fclet<\/strong> \u2013 eleganci\u00e1t \u00e9s melegs\u00e9get ad b\u00e1rmely t\u00e9rnek.<\/li>\r\n    <li><strong>Sz\u00e9les sz\u00ednv\u00e1laszt\u00e9k<\/strong> \u2013 20 st\u00edlusos \u00e1rnyalat, amely b\u00e1rmilyen dekor\u00e1ci\u00f3hoz illik.<\/li>\r\n    <li><strong>Term\u00e9szetes \u00e9s antisztatikus anyag<\/strong> \u2013 k\u00f6nnyen tiszt\u00edthat\u00f3, \u00e9s ellen\u00e1ll a pornak \u00e9s szennyez\u0151d\u00e9seknek.<\/li>\r\n    <li><strong>Hat\u00e9kony hangelnyel\u00e9s<\/strong> \u2013 cs\u00f6kkenti a zajt \u00e9s jav\u00edtja az akusztik\u00e1t mind priv\u00e1t, mind professzion\u00e1lis k\u00f6rnyezetben.<\/li>\r\n<\/ul>\r\n\r\nLin\u00f3leum paneleink tart\u00f3s \u00e9s fenntarthat\u00f3 megold\u00e1st k\u00edn\u00e1lnak, jav\u00edtva a bels\u0151 kl\u00edm\u00e1t \u00e9s az eszt\u00e9tik\u00e1t. T\u00f6k\u00e9letes v\u00e1laszt\u00e1s azoknak, akik eleg\u00e1ns megjelen\u00e9st keresnek an\u00e9lk\u00fcl, hogy kompromisszumot kellene k\u00f6tni\u00fck a funkcionalit\u00e1s ter\u00e9n.\r\n\r\n<i>Id\u0151tlen design. Fejlettebb akusztika. Term\u00e9szetes min\u0151s\u00e9g.<\/i>","product_category-highlighted_media":24692,"product_category-cta":{"product_category_cta":null},"comparrison_image":null,"product_category-some_of_our_combinations":24320,"hero-media":[24696],"hero-h1":"Lin\u00f3leum panelek","hero-sub_header":""},"_links":{"self":[{"href":"https:\/\/denpanels.com\/hu\/wp-json\/wp\/v2\/pages\/24674","targetHints":{"allow":["GET"]}}],"collection":[{"href":"https:\/\/denpanels.com\/hu\/wp-json\/wp\/v2\/pages"}],"about":[{"href":"https:\/\/denpanels.com\/hu\/wp-json\/wp\/v2\/types\/page"}],"author":[{"embeddable":true,"href":"https:\/\/denpanels.com\/hu\/wp-json\/wp\/v2\/users\/3"}],"replies":[{"embeddable":true,"href":"https:\/\/denpanels.com\/hu\/wp-json\/wp\/v2\/comments?post=24674"}],"version-history":[{"count":3,"href":"https:\/\/denpanels.com\/hu\/wp-json\/wp\/v2\/pages\/24674\/revisions"}],"predecessor-version":[{"id":24698,"href":"https:\/\/denpanels.com\/hu\/wp-json\/wp\/v2\/pages\/24674\/revisions\/24698"}],"up":[{"embeddable":true,"href":"https:\/\/denpanels.com\/hu\/wp-json\/wp\/v2\/pages\/24951"}],"acf:attachment":[{"embeddable":true,"href":"https:\/\/denpanels.com\/hu\/wp-json\/wp\/v2\/media\/24696"}],"acf:post":[{"embeddable":true,"href":"https:\/\/denpanels.com\/hu\/wp-json\/wp\/v2\/translation\/24320"}],"acf:term":[{"embeddable":true,"taxonomy":"product-category","href":"https:\/\/denpanels.com\/hu\/wp-json\/wp\/v2\/product-category\/664"}],"wp:attachment":[{"href":"https:\/\/denpanels.com\/hu\/wp-json\/wp\/v2\/media?parent=24674"}],"wp:term":[{"taxonomy":"page-section","embeddable":true,"href":"https:\/\/denpanels.com\/hu\/wp-json\/wp\/v2\/page-section?post=24674"},{"taxonomy":"page-template","embeddable":true,"href":"https:\/\/denpanels.com\/hu\/wp-json\/wp\/v2\/page-template?post=24674"}],"curies":[{"name":"wp","href":"https:\/\/api.w.org\/{rel}","templated":true}]}}