{"id":24654,"date":"2024-06-06T13:48:20","date_gmt":"2024-06-06T11:48:20","guid":{"rendered":"https:\/\/denpanels.com\/raw\/"},"modified":"2025-08-13T11:47:50","modified_gmt":"2025-08-13T09:47:50","slug":"raw-panelek","status":"publish","type":"page","link":"https:\/\/denpanels.com\/hu\/panelek\/raw-panelek\/","title":{"rendered":"RAW panelek"},"content":{"rendered":"","protected":false},"excerpt":{"rendered":"","protected":false},"author":3,"featured_media":0,"parent":24951,"menu_order":6,"comment_status":"closed","ping_status":"closed","template":"","meta":{"_acf_changed":false,"footnotes":""},"page-section":[535,533,524,525,528,526,534],"page-template":[470],"class_list":["post-24654","page","type-page","status-publish","hentry","page-section-category-options","page-section-certificates","page-section-datasheet","page-section-hero","page-section-megamenu","page-section-product-category","page-section-the-panels-construction","page-template-raw"],"acf":{"product_category-selected":663,"product_category-headline_p1":"RAW akusztikai panelelek","product_category-headline_p2":"Szabad\u00edtsd fel kreativit\u00e1sodat","product_category-introduction":"<strong>Olyan teret szeretn\u00e9l l\u00e9trehozni, amely val\u00f3ban egyedi \u00e9s szem\u00e9lyre szabott? A RAW akusztikai paneleink lehet\u0151s\u00e9get adnak arra, hogy pontosan \u00fagy alak\u00edtsd a falaidat, ahogy elk\u00e9pzeled \u0151ket. Furn\u00e9r n\u00e9lk\u00fcl sz\u00e1ll\u00edtjuk, \u00edgy k\u00e9szen \u00e1llnak arra, hogy le tudd \u0151ket festeni, term\u00e9szetes olajjal kezelni, vagy \u00e9rintetlen\u00fcl hagyni egy nyers, ipari megjelen\u00e9shez. Ak\u00e1r DIY rajong\u00f3 vagy, ak\u00e1r egyed\u00fcl\u00e1ll\u00f3 bels\u0151 teret szeretn\u00e9l, a RAW panelek teljes kontrollt adnak a tervez\u00e9s felett.<\/strong>\r\n\r\n<ul>\r\n    <li><strong>Ide\u00e1lis DIY projektekhez<\/strong> \u2013 fesd le, olajozd, vagy hagyd term\u00e9szetes \u00e1llapot\u00e1ban a mer\u00e9sz, nyers eszt\u00e9tika \u00e9rdek\u00e9ben.<\/li>\r\n    <li><strong>Kiv\u00e1l\u00f3 hangelnyel\u00e9s<\/strong> \u2013 cs\u00f6kkenti a visszhangot \u00e9s jav\u00edtja az akusztik\u00e1t b\u00e1rmilyen t\u00e9rben.<\/li>\r\n    <li><strong>Fenntarthat\u00f3 anyagok<\/strong> \u2013 FSC\u2122-tan\u00fas\u00edtv\u00e1nnyal rendelkez\u0151 MDF l\u00e9cek akusztikus PET filccel, amely legal\u00e1bb 50%-ban \u00fajrahasznos\u00edtott m\u0171anyag palackokb\u00f3l k\u00e9sz\u00fclt.<\/li>\r\n    <li><strong>Professzion\u00e1lis szint\u0171 dokument\u00e1ci\u00f3<\/strong> \u2013 LCA-tan\u00fas\u00edtv\u00e1ny, \u00e9s t\u00e1mogatja a DGNB, LEED \u00e9s BREEAM tan\u00fas\u00edtv\u00e1nyokat a fenntarthat\u00f3 \u00e9p\u00edt\u00e9shez.<\/li>\r\n<\/ul>\r\n\r\nA RAW akusztikai panelekkel egy sokoldal\u00fa, magas min\u0151s\u00e9g\u0171 megold\u00e1st kapsz, amely nemcsak a teret jav\u00edtja, hanem az akusztik\u00e1t is fejleszti, \u00e9s hozz\u00e1j\u00e1rul a felel\u0151s \u00e9p\u00edt\u00e9si gyakorlatokhoz.\r\n\r\n<i>Szem\u00e9lyre szab\u00e1s. Hangelnyel\u00e9s. Hozz l\u00e9tre valami egyedit.<\/i>","product_category-highlighted_media":24662,"product_category-cta":{"product_category_cta":null},"comparrison_image":"","product_category-some_of_our_combinations":24320,"hero-media":[28525],"hero-h1":"RAW panelek","hero-sub_header":""},"_links":{"self":[{"href":"https:\/\/denpanels.com\/hu\/wp-json\/wp\/v2\/pages\/24654","targetHints":{"allow":["GET"]}}],"collection":[{"href":"https:\/\/denpanels.com\/hu\/wp-json\/wp\/v2\/pages"}],"about":[{"href":"https:\/\/denpanels.com\/hu\/wp-json\/wp\/v2\/types\/page"}],"author":[{"embeddable":true,"href":"https:\/\/denpanels.com\/hu\/wp-json\/wp\/v2\/users\/3"}],"replies":[{"embeddable":true,"href":"https:\/\/denpanels.com\/hu\/wp-json\/wp\/v2\/comments?post=24654"}],"version-history":[{"count":4,"href":"https:\/\/denpanels.com\/hu\/wp-json\/wp\/v2\/pages\/24654\/revisions"}],"predecessor-version":[{"id":30109,"href":"https:\/\/denpanels.com\/hu\/wp-json\/wp\/v2\/pages\/24654\/revisions\/30109"}],"up":[{"embeddable":true,"href":"https:\/\/denpanels.com\/hu\/wp-json\/wp\/v2\/pages\/24951"}],"acf:attachment":[{"embeddable":true,"href":"https:\/\/denpanels.com\/hu\/wp-json\/wp\/v2\/media\/28525"}],"acf:post":[{"embeddable":true,"href":"https:\/\/denpanels.com\/hu\/wp-json\/wp\/v2\/translation\/24320"}],"acf:term":[{"embeddable":true,"taxonomy":"product-category","href":"https:\/\/denpanels.com\/hu\/wp-json\/wp\/v2\/product-category\/663"}],"wp:attachment":[{"href":"https:\/\/denpanels.com\/hu\/wp-json\/wp\/v2\/media?parent=24654"}],"wp:term":[{"taxonomy":"page-section","embeddable":true,"href":"https:\/\/denpanels.com\/hu\/wp-json\/wp\/v2\/page-section?post=24654"},{"taxonomy":"page-template","embeddable":true,"href":"https:\/\/denpanels.com\/hu\/wp-json\/wp\/v2\/page-template?post=24654"}],"curies":[{"name":"wp","href":"https:\/\/api.w.org\/{rel}","templated":true}]}}