{"id":24626,"date":"2024-06-06T13:47:19","date_gmt":"2024-06-06T11:47:19","guid":{"rendered":"https:\/\/denpanels.com\/laminate\/"},"modified":"2025-03-06T15:16:58","modified_gmt":"2025-03-06T14:16:58","slug":"laminalt-panelek","status":"publish","type":"page","link":"https:\/\/denpanels.com\/hu\/panelek\/laminalt-panelek\/","title":{"rendered":"Lamin\u00e1lt panelek"},"content":{"rendered":"","protected":false},"excerpt":{"rendered":"","protected":false},"author":3,"featured_media":0,"parent":24951,"menu_order":8,"comment_status":"closed","ping_status":"closed","template":"","meta":{"_acf_changed":false,"footnotes":""},"page-section":[535,524,525,528,526,534],"page-template":[479],"class_list":["post-24626","page","type-page","status-publish","hentry","page-section-category-options","page-section-datasheet","page-section-hero","page-section-megamenu","page-section-product-category","page-section-the-panels-construction","page-template-laminat"],"acf":{"product_category-selected":660,"product_category-headline_p1":"Lamin\u00e1lt panelek","product_category-headline_p2":"- Term\u00e9szetes megjelen\u00e9s, minim\u00e1lis karbantart\u00e1s","product_category-introduction":"<strong>St\u00edlusos \u00e9s praktikus falmegold\u00e1st keresel? A Denpanels lamin\u00e1lt paneleivel a term\u00e9szetes anyagok, mint a k\u0151 \u00e9s a m\u00e1rv\u00e1ny val\u00f3s\u00e1gh\u0171 megjelen\u00e9s\u00e9t kapod \u2013 mindenf\u00e9le gond n\u00e9lk\u00fcl.<\/strong>\r\n\r\n<ul>\r\n    <li><strong>Autentikus design<\/strong> \u2013 r\u00e9szletes text\u00far\u00e1k \u00e9s m\u00e9lys\u00e9g.<\/li>\r\n    <li><strong>Alacsony karbantart\u00e1s<\/strong> \u2013 ellen\u00e1ll az ujjlenyomatoknak \u00e9s a szennyez\u0151d\u00e9seknek.<\/li>\r\n    <li><strong>Jav\u00edtja az akusztik\u00e1t<\/strong> \u2013 cs\u00f6kkenti a zajt \u00e9s a visszhangot, nyugodt teret teremtve.<\/li>\r\n    <li><strong>Tart\u00f3s \u00e9s praktikus<\/strong> \u2013 ide\u00e1lis otthonokhoz, irod\u00e1khoz \u00e9s k\u00f6zterekhez.<\/li>\r\n    <li><strong>D\u00e1n design \u00e9s magas min\u0151s\u00e9g<\/strong> \u2013 az eszt\u00e9tika \u00e9s a funkcionalit\u00e1s \u00f6tv\u00f6zete.<\/li>\r\n<\/ul>\r\n\r\nA lamin\u00e1lt panelek a k\u0151 vagy m\u00e1rv\u00e1ny eleg\u00e1ns megjelen\u00e9s\u00e9t biztos\u00edtj\u00e1k k\u00f6lts\u00e9ghat\u00e9kony \u00e9s k\u00f6nnyen tiszt\u00edthat\u00f3 megold\u00e1s form\u00e1j\u00e1ban \u2013 t\u00f6k\u00e9letesek forgalmas otthonokhoz \u00e9s professzion\u00e1lis k\u00f6rnyezetekhez.\r\n\r\n<i>Id\u0151tlen design. Minim\u00e1lis karbantart\u00e1s. Maxim\u00e1lis hat\u00e1s.<\/i>","product_category-highlighted_media":24649,"product_category-cta":{"product_category_cta":null},"comparrison_image":null,"product_category-some_of_our_combinations":24320,"hero-media":[24650],"hero-h1":"Lamin\u00e1lt panelek","hero-sub_header":""},"_links":{"self":[{"href":"https:\/\/denpanels.com\/hu\/wp-json\/wp\/v2\/pages\/24626","targetHints":{"allow":["GET"]}}],"collection":[{"href":"https:\/\/denpanels.com\/hu\/wp-json\/wp\/v2\/pages"}],"about":[{"href":"https:\/\/denpanels.com\/hu\/wp-json\/wp\/v2\/types\/page"}],"author":[{"embeddable":true,"href":"https:\/\/denpanels.com\/hu\/wp-json\/wp\/v2\/users\/3"}],"replies":[{"embeddable":true,"href":"https:\/\/denpanels.com\/hu\/wp-json\/wp\/v2\/comments?post=24626"}],"version-history":[{"count":3,"href":"https:\/\/denpanels.com\/hu\/wp-json\/wp\/v2\/pages\/24626\/revisions"}],"predecessor-version":[{"id":24652,"href":"https:\/\/denpanels.com\/hu\/wp-json\/wp\/v2\/pages\/24626\/revisions\/24652"}],"up":[{"embeddable":true,"href":"https:\/\/denpanels.com\/hu\/wp-json\/wp\/v2\/pages\/24951"}],"acf:attachment":[{"embeddable":true,"href":"https:\/\/denpanels.com\/hu\/wp-json\/wp\/v2\/media\/24650"}],"acf:post":[{"embeddable":true,"href":"https:\/\/denpanels.com\/hu\/wp-json\/wp\/v2\/translation\/24320"}],"acf:term":[{"embeddable":true,"taxonomy":"product-category","href":"https:\/\/denpanels.com\/hu\/wp-json\/wp\/v2\/product-category\/660"}],"wp:attachment":[{"href":"https:\/\/denpanels.com\/hu\/wp-json\/wp\/v2\/media?parent=24626"}],"wp:term":[{"taxonomy":"page-section","embeddable":true,"href":"https:\/\/denpanels.com\/hu\/wp-json\/wp\/v2\/page-section?post=24626"},{"taxonomy":"page-template","embeddable":true,"href":"https:\/\/denpanels.com\/hu\/wp-json\/wp\/v2\/page-template?post=24626"}],"curies":[{"name":"wp","href":"https:\/\/api.w.org\/{rel}","templated":true}]}}