{"id":24604,"date":"2024-06-06T13:46:15","date_gmt":"2024-06-06T11:46:15","guid":{"rendered":"https:\/\/denpanels.com\/foiled\/"},"modified":"2025-03-06T13:56:04","modified_gmt":"2025-03-06T12:56:04","slug":"foliazott-panelek","status":"publish","type":"page","link":"https:\/\/denpanels.com\/hu\/panelek\/foliazott-panelek\/","title":{"rendered":"F\u00f3li\u00e1zott panelek"},"content":{"rendered":"","protected":false},"excerpt":{"rendered":"","protected":false},"author":3,"featured_media":0,"parent":24951,"menu_order":7,"comment_status":"closed","ping_status":"closed","template":"","meta":{"_acf_changed":false,"footnotes":""},"page-section":[535,524,525,530,528,526,534],"page-template":[539],"class_list":["post-24604","page","type-page","status-publish","hentry","page-section-category-options","page-section-datasheet","page-section-hero","page-section-main-category","page-section-megamenu","page-section-product-category","page-section-the-panels-construction","page-template-category-foiled"],"acf":{"product_category-selected":672,"product_category-headline_p1":"F\u00f3li\u00e1zott akusztikai panelek","product_category-headline_p2":"- Modern elegancia","product_category-introduction":"<strong>Olyan letisztult \u00e9s alacsony karbantart\u00e1st ig\u00e9nyl\u0151 falmegold\u00e1st keresel, amely egyar\u00e1nt jav\u00edtja a diz\u00e1jnt \u00e9s az akusztik\u00e1t? A f\u00f3li\u00e1zott akusztikai paneleink kifinomult, egys\u00e9ges megjelen\u00e9st k\u00edn\u00e1lnak, mik\u00f6zben hat\u00e9konyan jav\u00edtj\u00e1k a hangmin\u0151s\u00e9get otthonodban vagy munkahelyeden.<\/strong>\r\n\r\n<ul>\r\n    <li><strong>Sz\u00e9les sz\u00edn- \u00e9s st\u00edlusv\u00e1laszt\u00e9k<\/strong> \u2013 k\u00f6nnyed\u00e9n illeszkedik a l\u00e1t\u00e1sm\u00f3dodhoz.<\/li>\r\n    <li><strong>F\u00f3lia bor\u00edtja mindh\u00e1rom l\u00e1that\u00f3 oldalt<\/strong> \u2013 z\u00f6kken\u0151mentes \u00e9s exkluz\u00edv befejez\u00e9s.<\/li>\r\n    <li><strong>Tart\u00f3s \u00e9s k\u00f6nnyen tiszt\u00edthat\u00f3<\/strong> \u2013 hossz\u00fa t\u00e1v\u00fa megold\u00e1s minim\u00e1lis karbantart\u00e1ssal.<\/li>\r\n    <li><strong>Akusztikailag tervezett<\/strong> \u2013 cs\u00f6kkenti a zajt \u00e9s a visszhangot, nyugodt l\u00e9gk\u00f6rt teremtve.<\/li>\r\n    <li><strong>D\u00e1n design<\/strong> \u2013 eszt\u00e9tik\u00e1ra \u00e9s funkcionalit\u00e1sra egyar\u00e1nt figyelmet ford\u00edtva k\u00e9sz\u00fclt.<\/li>\r\n<\/ul>\r\n\r\nSzil\u00e1rd \u00e9s kifinomult megjelen\u00e9s\u00fcknek k\u00f6sz\u00f6nhet\u0151en ezek a panelek melegs\u00e9get \u00e9s st\u00edlust csemp\u00e9sznek b\u00e1rmilyen bels\u0151 t\u00e9rbe \u2013 an\u00e9lk\u00fcl, hogy a fa term\u00e9szetes vari\u00e1ci\u00f3i befoly\u00e1soln\u00e1k, biztos\u00edtva a k\u00f6vetkezetes \u00e9s kifinomult v\u00e9geredm\u00e9nyt.\r\n\r\n<i>Friss\u00edtsd a tered f\u00f3li\u00e1zott akusztikai panelekkel \u2013 egy egyszer\u0171 m\u00f3dja annak, hogy id\u0151tlen eleganci\u00e1t \u00e9s kiv\u00e1l\u00f3 hangkomfortot \u00e9rj el.<\/i>","product_category-highlighted_media":24621,"product_category-cta":{"product_category_cta":null},"comparrison_image":null,"product_category-some_of_our_combinations":24320,"hero-media":[24619],"hero-h1":"F\u00f3li\u00e1zott panelek","hero-sub_header":""},"_links":{"self":[{"href":"https:\/\/denpanels.com\/hu\/wp-json\/wp\/v2\/pages\/24604","targetHints":{"allow":["GET"]}}],"collection":[{"href":"https:\/\/denpanels.com\/hu\/wp-json\/wp\/v2\/pages"}],"about":[{"href":"https:\/\/denpanels.com\/hu\/wp-json\/wp\/v2\/types\/page"}],"author":[{"embeddable":true,"href":"https:\/\/denpanels.com\/hu\/wp-json\/wp\/v2\/users\/3"}],"replies":[{"embeddable":true,"href":"https:\/\/denpanels.com\/hu\/wp-json\/wp\/v2\/comments?post=24604"}],"version-history":[{"count":4,"href":"https:\/\/denpanels.com\/hu\/wp-json\/wp\/v2\/pages\/24604\/revisions"}],"predecessor-version":[{"id":24624,"href":"https:\/\/denpanels.com\/hu\/wp-json\/wp\/v2\/pages\/24604\/revisions\/24624"}],"up":[{"embeddable":true,"href":"https:\/\/denpanels.com\/hu\/wp-json\/wp\/v2\/pages\/24951"}],"acf:attachment":[{"embeddable":true,"href":"https:\/\/denpanels.com\/hu\/wp-json\/wp\/v2\/media\/24619"}],"acf:post":[{"embeddable":true,"href":"https:\/\/denpanels.com\/hu\/wp-json\/wp\/v2\/translation\/24320"}],"acf:term":[{"embeddable":true,"taxonomy":"product-category","href":"https:\/\/denpanels.com\/hu\/wp-json\/wp\/v2\/product-category\/672"}],"wp:attachment":[{"href":"https:\/\/denpanels.com\/hu\/wp-json\/wp\/v2\/media?parent=24604"}],"wp:term":[{"taxonomy":"page-section","embeddable":true,"href":"https:\/\/denpanels.com\/hu\/wp-json\/wp\/v2\/page-section?post=24604"},{"taxonomy":"page-template","embeddable":true,"href":"https:\/\/denpanels.com\/hu\/wp-json\/wp\/v2\/page-template?post=24604"}],"curies":[{"name":"wp","href":"https:\/\/api.w.org\/{rel}","templated":true}]}}