{"id":24561,"date":"2024-06-03T12:02:55","date_gmt":"2024-06-03T10:02:55","guid":{"rendered":"https:\/\/denpanels.com\/wood\/"},"modified":"2026-03-24T15:47:36","modified_gmt":"2026-03-24T14:47:36","slug":"fa-panelek","status":"publish","type":"page","link":"https:\/\/denpanels.com\/hu\/panelek\/fa-panelek\/","title":{"rendered":"Fa panelek"},"content":{"rendered":"","protected":false},"excerpt":{"rendered":"","protected":false},"author":1,"featured_media":0,"parent":24951,"menu_order":1,"comment_status":"closed","ping_status":"closed","template":"","meta":{"_acf_changed":false,"footnotes":""},"page-section":[535,533,536,524,525,529,528,526,534],"page-template":[480],"class_list":["post-24561","page","type-page","status-publish","hentry","page-section-category-options","page-section-certificates","page-section-content-blocks","page-section-datasheet","page-section-hero","page-section-highlighted-inspiration","page-section-megamenu","page-section-product-category","page-section-the-panels-construction","page-template-wood-panels"],"acf":{"product_category-selected":662,"product_category-headline_p1":"FA PANELEK","product_category-headline_p2":"Alak\u00edtsd \u00e1t tered a term\u00e9szetes sz\u00e9ps\u00e9ggel","product_category-introduction":"<strong> Szeretn\u00e9l olyan teret l\u00e9trehozni, amely egyszerre gy\u00f6ny\u00f6r\u0171 \u00e9s k\u00e9nyelmes? A Denpanels fa paneleinek term\u00e9szetes \u00e9s st\u00edlusos megold\u00e1sa nemcsak a bels\u0151 teret, hanem a helyis\u00e9g akusztik\u00e1j\u00e1t is jav\u00edtja.<\/strong>\r\n\r\n<ul>\r\n    <li><strong> Hozd be a term\u00e9szetet otthonodba<\/strong> \u2013 teremts meleg \u00e9s h\u00edvogat\u00f3 l\u00e9gk\u00f6rt.<\/li>\r\n    <li><strong> \u00c9szaki Hatty\u00fa \u00d6koc\u00edmke & k\u00f6rnyezetbar\u00e1t v\u00e1laszt\u00e1s<\/strong> \u2013 tudatos d\u00f6nt\u00e9s mindkett\u0151t\u00f6k sz\u00e1m\u00e1ra, a k\u00f6rnyezet \u00e9s te is nyersz.<\/li>\r\n    <li><strong> Term\u00e9szetes fa fel\u00fcletek<\/strong> \u2013 val\u00f3di fa furn\u00e9r, amely eleganci\u00e1t \u00e9s m\u00e9lys\u00e9get ad.<\/li>\r\n    <li><strong> Fenntarthat\u00f3 & FSC\u2122-tan\u00fas\u00edtv\u00e1nnyal rendelkez\u0151 fa<\/strong> \u2013 felel\u0151sen beszerzett \u00e9s tart\u00f3s anyagok.<\/li>\r\n    <li><strong> Magas min\u0151s\u00e9g\u0171 d\u00e1n design<\/strong> \u2013 olyan figyelemmel k\u00e9sz\u00fclt, amely az eszt\u00e9tik\u00e1t \u00e9s a funkcionalit\u00e1st egyar\u00e1nt szem el\u0151tt tartja.<\/li>\r\n<\/ul>\r\n\r\nFa paneljeinket \u00fagy tervezt\u00fck, hogy elnyelj\u00e9k a hangot \u00e9s cs\u00f6kkents\u00e9k a visszhangot, nyugodtabb \u00e9s k\u00e9nyelmesebb akusztikai k\u00f6rnyezetet teremtve \u2013 t\u00f6k\u00e9letesek otthonokba, irod\u00e1kba \u00e9s k\u00f6zterekre.\r\n\r\n<strong>Egyszer\u0171 telep\u00edt\u00e9s, leny\u0171g\u00f6z\u0151 design \u00e9s akusztika, amit \u00e9rezhetsz.<\/strong>\r\n\r\n*M\u0171f\u00e1b\u00f3l k\u00e9sz\u00fclt, hogy egys\u00e9ges megjelen\u00e9st biztos\u00edtson.","product_category-highlighted_media":24593,"product_category-cta":{"product_category_cta":null},"comparrison_image":"","product_category-some_of_our_combinations":24320,"hero-media":[24598],"hero-h1":"FA PANELEK","hero-sub_header":""},"_links":{"self":[{"href":"https:\/\/denpanels.com\/hu\/wp-json\/wp\/v2\/pages\/24561","targetHints":{"allow":["GET"]}}],"collection":[{"href":"https:\/\/denpanels.com\/hu\/wp-json\/wp\/v2\/pages"}],"about":[{"href":"https:\/\/denpanels.com\/hu\/wp-json\/wp\/v2\/types\/page"}],"author":[{"embeddable":true,"href":"https:\/\/denpanels.com\/hu\/wp-json\/wp\/v2\/users\/1"}],"replies":[{"embeddable":true,"href":"https:\/\/denpanels.com\/hu\/wp-json\/wp\/v2\/comments?post=24561"}],"version-history":[{"count":6,"href":"https:\/\/denpanels.com\/hu\/wp-json\/wp\/v2\/pages\/24561\/revisions"}],"predecessor-version":[{"id":31099,"href":"https:\/\/denpanels.com\/hu\/wp-json\/wp\/v2\/pages\/24561\/revisions\/31099"}],"up":[{"embeddable":true,"href":"https:\/\/denpanels.com\/hu\/wp-json\/wp\/v2\/pages\/24951"}],"acf:attachment":[{"embeddable":true,"href":"https:\/\/denpanels.com\/hu\/wp-json\/wp\/v2\/media\/24598"}],"acf:post":[{"embeddable":true,"href":"https:\/\/denpanels.com\/hu\/wp-json\/wp\/v2\/translation\/24320"}],"acf:term":[{"embeddable":true,"taxonomy":"product-category","href":"https:\/\/denpanels.com\/hu\/wp-json\/wp\/v2\/product-category\/662"}],"wp:attachment":[{"href":"https:\/\/denpanels.com\/hu\/wp-json\/wp\/v2\/media?parent=24561"}],"wp:term":[{"taxonomy":"page-section","embeddable":true,"href":"https:\/\/denpanels.com\/hu\/wp-json\/wp\/v2\/page-section?post=24561"},{"taxonomy":"page-template","embeddable":true,"href":"https:\/\/denpanels.com\/hu\/wp-json\/wp\/v2\/page-template?post=24561"}],"curies":[{"name":"wp","href":"https:\/\/api.w.org\/{rel}","templated":true}]}}