{"id":24555,"date":"2024-07-11T14:10:27","date_gmt":"2024-07-11T12:10:27","guid":{"rendered":"https:\/\/denpanels.com\/responsibility\/"},"modified":"2025-03-06T13:26:55","modified_gmt":"2025-03-06T12:26:55","slug":"felelosseg","status":"publish","type":"page","link":"https:\/\/denpanels.com\/hu\/felelosseg\/","title":{"rendered":"Felel\u0151ss\u00e9g"},"content":{"rendered":"","protected":false},"excerpt":{"rendered":"","protected":false},"author":3,"featured_media":0,"parent":0,"menu_order":0,"comment_status":"closed","ping_status":"closed","template":"","meta":{"_acf_changed":false,"footnotes":""},"page-section":[525],"page-template":[543],"class_list":["post-24555","page","type-page","status-publish","hentry","page-section-hero","page-template-page-responsibility"],"acf":{"responsibility-intro_section":{"responsibility_intro-headline":"Elk\u00f6telezetts\u00e9g","responsibility_intro-headline_p2":"Felel\u0151s gy\u00e1rt\u00e1s","responsibility_intro-content":"A Denpanels-n\u00e9l a felel\u0151ss\u00e9gv\u00e1llal\u00e1s nemcsak egy trendi fogalom, hanem egy amb\u00edci\u00f3. Gondosan be\u00e9p\u00edtj\u00fck a k\u00f6rnyezeti szempontokat \u00e9rt\u00e9kl\u00e1ncunk minden l\u00e9p\u00e9s\u00e9be, a koncepci\u00f3t\u00f3l a v\u00e9gs\u0151 v\u00e1s\u00e1rl\u00f3ig. A hossz\u00fa \u00e9lettartam\u00fa, min\u0151s\u00e9gi term\u00e9kekre, mint p\u00e9ld\u00e1ul eleg\u00e1ns \u00e9s id\u0151t\u00e1ll\u00f3 akusztikai paneleinkre \u00f6sszpontos\u00edtva t\u00fckr\u00f6zz\u00fck elk\u00f6telezetts\u00e9g\u00fcnket az intelligens \u00e9s fenntarthat\u00f3bb megold\u00e1sok ir\u00e1nt.\r\n\r\nElk\u00f6telezetts\u00e9g\u00fcnket a felel\u0151ss\u00e9gv\u00e1llal\u00e1s ir\u00e1nt k\u00fcl\u00f6nb\u00f6z\u0151 tan\u00fas\u00edtv\u00e1nyok is meger\u0151s\u00edtik. Az FSC\u00ae-tan\u00fas\u00edtv\u00e1nnyal rendelkez\u0151 faanyagok haszn\u00e1lata biztos\u00edtja a felel\u0151s \u00e9s k\u00f6rnyezetbar\u00e1t gy\u00e1rt\u00e1st. Az \u00c9szaki Hatty\u00fa \u00d6koc\u00edmk\u00e9vel val\u00f3 egy\u00fcttm\u0171k\u00f6d\u00e9s\u00fcnk er\u0151s\u00edti elk\u00f6telezetts\u00e9g\u00fcnket a hullad\u00e9k minimaliz\u00e1l\u00e1sa \u00e9s a toxikus vegyi anyagok elker\u00fcl\u00e9se ir\u00e1nt. Akt\u00edvan elk\u00f6telezettek vagyunk az ENSZ Fenntarthat\u00f3 Fejl\u0151d\u00e9si C\u00e9ljai ir\u00e1nt, \u00e9s er\u0151fesz\u00edt\u00e9seinket \u00f6sszehangoljuk a glob\u00e1lis kezdem\u00e9nyez\u00e9sekkel egy jobb vil\u00e1g \u00e9rdek\u00e9ben.\r\n\r\nA Denpanels-n\u00e9l a felel\u0151s fogyaszt\u00e1s \u00e9s gy\u00e1rt\u00e1s nemcsak elvek, hanem mindennapi gyakorlatok. Szigor\u00fa min\u0151s\u00e9gellen\u0151rz\u00e9s\u00fcnk biztos\u00edtja, hogy csak rendk\u00edv\u00fcl magas min\u0151s\u00e9g\u0171 term\u00e9kek jussanak el v\u00e1s\u00e1rl\u00f3inkhoz. A gy\u00e1rt\u00e1si hib\u00e1k eset\u00e9n elk\u00f6telezetts\u00e9g\u00fcnket az anyagok jav\u00edt\u00e1sa \u00e9s \u00fajrahasznos\u00edt\u00e1sa mutatja, ami a hullad\u00e9k minimaliz\u00e1l\u00e1s\u00e1ra \u00e9s az er\u0151forr\u00e1sok felesleges fogyaszt\u00e1s\u00e1nak elker\u00fcl\u00e9s\u00e9re ir\u00e1nyul.\r\n\r\nA m\u0171anyagszennyez\u00e9s v\u00edzi \u00e9l\u0151vil\u00e1gra gyakorolt hat\u00e1s\u00e1nak elismer\u00e9s\u00e9\u00fcl a Denpanels hozz\u00e1j\u00e1rul a k\u00f6rforg\u00e1sos gazdas\u00e1ghoz az akusztikai paneleinkben tal\u00e1lhat\u00f3 anyagok \u00fajrahasznos\u00edt\u00e1s\u00e1val. A paneleinkben haszn\u00e1lt PET filc, amely legal\u00e1bb 50%-ban \u00fajrahasznos\u00edtott m\u0171anyag palackokb\u00f3l k\u00e9sz\u00fcl, tan\u00faskodik a v\u00edzi \u00e9l\u0151vil\u00e1g v\u00e9delme ir\u00e1nti elk\u00f6telezetts\u00e9g\u00fcnkr\u0151l. Tov\u00e1bb\u00e1, mint FSC\u00ae-tan\u00fas\u00edtv\u00e1nnyal rendelkez\u0151 v\u00e1llalat, biztos\u00edtjuk, hogy fa paneleink hozz\u00e1j\u00e1rulnak a vil\u00e1g erd\u0151inek \u00e9s a sz\u00e1razf\u00f6ldi \u00e9l\u0151vil\u00e1g eg\u00e9szs\u00e9ges egyens\u00faly\u00e1nak fenntart\u00e1s\u00e1hoz."},"responsibility-background_image":24556,"responsibility-certificates":{"certificate":[{"responsibility_certificates-logo":22732,"responsibility_certificates-title":"Forest Stewardship council","responsibility_certificates-description":"A mi akusztikai paneleinket FSC\u00ae-tan\u00fas\u00edtv\u00e1nnyal rendelkez\u0151 f\u00e1b\u00f3l, felel\u0151sen kezelt erd\u0151kb\u0151l \u00e9s m\u00e1s ellen\u0151rz\u00f6tt forr\u00e1sokb\u00f3l k\u00e9sz\u00edtj\u00fck.\r\n\r\nA Forest Stewardship Council\u00ae (FSC\u00ae) egy nemzetk\u00f6zi, nonprofit tan\u00fas\u00edtv\u00e1nyrendszer faanyagok \u00e9s pap\u00edrterm\u00e9kek sz\u00e1m\u00e1ra. Az FSC\u00ae log\u00f3val ell\u00e1tott fa- \u00e9s pap\u00edrterm\u00e9keken l\u00e1that\u00f3, hogy ezeket a term\u00e9keket tiszta lelkiismerettel v\u00e1s\u00e1rolhatod meg. Az FSC\u00ae-tan\u00fas\u00edtv\u00e1nnyal rendelkez\u0151 erd\u0151kben a f\u00e1kat olyan \u00fctemben v\u00e1gj\u00e1k ki, amely nem gyorsabb, mint ahogyan az erd\u0151 k\u00e9pes meg\u00fajulni. Tov\u00e1bb\u00e1, az FSC\u00ae biztos\u00edtja, hogy a helyi k\u00f6z\u00f6ss\u00e9gek, a biodiverzit\u00e1s \u00e9s az erd\u0151munk\u00e1sok tiszteletteljes b\u00e1n\u00e1sm\u00f3dban r\u00e9szes\u00fclnek.\r\n\r\nK\u00e9rj\u00fck, l\u00e9pj kapcsolatba vel\u00fcnk, ha b\u00e1rmilyen k\u00e9rd\u00e9sed van az FSC\u00ae-tan\u00fas\u00edtv\u00e1nyunkkal vagy a fenntarthat\u00f3s\u00e1gra vonatkoz\u00f3 f\u00f3kusz\u00e1l\u00e1sunkkal kapcsolatban.","responsibility_certificates-cta_link":"","responsibility_certificates-cta_text":""},{"responsibility_certificates-logo":24187,"responsibility_certificates-title":"Nordic Swan Ecolabel","responsibility_certificates-description":"Az \u00c9szaki Hatty\u00fa \u00d6koc\u00edmke nem csup\u00e1n egy \u00fajabb c\u00edmke vagy tan\u00fas\u00edtv\u00e1ny. Ez a skandin\u00e1v orsz\u00e1gok hivatalos k\u00f6rnyezetv\u00e9delmi c\u00edmk\u00e9je, \u00e9s a vil\u00e1g egyik legszigor\u00fabb \u00e9s legambici\u00f3zusabb k\u00f6rnyezetv\u00e9delmi tan\u00fas\u00edtv\u00e1nyak\u00e9nt ismert. Az \u00c9szaki Hatty\u00fa \u00d6koc\u00edmke ir\u00e1nyt\u0171k\u00e9nt szolg\u00e1l a fogyaszt\u00f3k sz\u00e1m\u00e1ra, megk\u00f6nny\u00edtve sz\u00e1mukra a z\u00f6ldebb \u00e9letm\u00f3d elfogad\u00e1s\u00e1t. Az \u00c9szaki Hatty\u00fa \u00d6koc\u00edmke jelent\u0151s\u00e9ge folyamatosan n\u00f6vekszik az eg\u00e9sz Skandin\u00e1v r\u00e9gi\u00f3ban.\r\n\r\nCsak D\u00e1ni\u00e1ban a lakoss\u00e1g 95%-a ismeri a c\u00edmk\u00e9t, \u00e9s 67%-uk akt\u00edvan keres r\u00e1 v\u00e1s\u00e1rl\u00e1skor; most m\u00e1r akusztikai paneleken is megtal\u00e1lhat\u00f3. A d\u00e1nok 68%-a akt\u00edvan r\u00e9szt vesz a k\u00f6rnyezet v\u00e9delm\u00e9re ir\u00e1nyul\u00f3 szem\u00e9lyes cselekv\u00e9sekben. Az \u00c9szaki Hatty\u00fa \u00d6koc\u00edmk\u00e9t visel\u0151 licencelt v\u00e1llalatok a k\u00f6rnyezetbar\u00e1t megold\u00e1sokat strat\u00e9giai versenyel\u0151nyk\u00e9nt haszn\u00e1lhatj\u00e1k, el\u0151seg\u00edtve a fenntarthat\u00f3bb t\u00e1rsadalom kialak\u00edt\u00e1s\u00e1t.","responsibility_certificates-cta_link":"","responsibility_certificates-cta_text":""},{"responsibility_certificates-logo":24567,"responsibility_certificates-title":"Leveg\u0151min\u0151s\u00e9g tesztelve","responsibility_certificates-description":"Amikor a Denpanels akusztikai paneleit v\u00e1lasztod, amelyek bels\u0151 l\u00e9gk\u00f6rre tesztelt\u00e9k \u00e9s a n\u00e9met AgBB szabv\u00e1ny szerint j\u00f3v\u00e1hagyt\u00e1k, nem csup\u00e1n jobb hangz\u00e1st kapsz otthonodban. Olyan megold\u00e1st v\u00e1lasztasz, amely akt\u00edvan hozz\u00e1j\u00e1rul egy eg\u00e9szs\u00e9gesebb \u00e9s tiszt\u00e1bb bels\u0151 k\u00f6rnyezethez.\r\n\r\nAz AgBB j\u00f3v\u00e1hagy\u00e1s biztos\u00edtja, hogy a panelek mentesek a k\u00e1ros kibocs\u00e1t\u00e1sokt\u00f3l, \u00edgy k\u00e9nyelmes \u00e9s eg\u00e9szs\u00e9ges k\u00f6rnyezetet \u00e9lvezhetsz agg\u00f3d\u00e1s n\u00e9lk\u00fcl. A Denpanels akusztikai paneleivel nemcsak optim\u00e1lis akusztik\u00e1t kapsz, hanem azt is biztos\u00edtja, hogy a leveg\u0151, amelyet bel\u00e9legzel, a lehet\u0151 legtiszt\u00e1bb. Ez egy befektet\u00e9s a k\u00e9nyelembe \u00e9s az eg\u00e9szs\u00e9gbe egyar\u00e1nt.","responsibility_certificates-cta_link":"","responsibility_certificates-cta_text":""}]},"hero-media":"","hero-h1":"","hero-sub_header":""},"_links":{"self":[{"href":"https:\/\/denpanels.com\/hu\/wp-json\/wp\/v2\/pages\/24555","targetHints":{"allow":["GET"]}}],"collection":[{"href":"https:\/\/denpanels.com\/hu\/wp-json\/wp\/v2\/pages"}],"about":[{"href":"https:\/\/denpanels.com\/hu\/wp-json\/wp\/v2\/types\/page"}],"author":[{"embeddable":true,"href":"https:\/\/denpanels.com\/hu\/wp-json\/wp\/v2\/users\/3"}],"replies":[{"embeddable":true,"href":"https:\/\/denpanels.com\/hu\/wp-json\/wp\/v2\/comments?post=24555"}],"version-history":[{"count":3,"href":"https:\/\/denpanels.com\/hu\/wp-json\/wp\/v2\/pages\/24555\/revisions"}],"predecessor-version":[{"id":24559,"href":"https:\/\/denpanels.com\/hu\/wp-json\/wp\/v2\/pages\/24555\/revisions\/24559"}],"wp:attachment":[{"href":"https:\/\/denpanels.com\/hu\/wp-json\/wp\/v2\/media?parent=24555"}],"wp:term":[{"taxonomy":"page-section","embeddable":true,"href":"https:\/\/denpanels.com\/hu\/wp-json\/wp\/v2\/page-section?post=24555"},{"taxonomy":"page-template","embeddable":true,"href":"https:\/\/denpanels.com\/hu\/wp-json\/wp\/v2\/page-template?post=24555"}],"curies":[{"name":"wp","href":"https:\/\/api.w.org\/{rel}","templated":true}]}}