{"id":24450,"date":"2024-05-23T15:21:12","date_gmt":"2024-05-23T13:21:12","guid":{"rendered":"https:\/\/denpanels.com\/about\/"},"modified":"2025-03-05T14:07:11","modified_gmt":"2025-03-05T13:07:11","slug":"rolunk","status":"publish","type":"page","link":"https:\/\/denpanels.com\/hu\/rolunk\/","title":{"rendered":"R\u00f3lunk"},"content":{"rendered":"","protected":false},"excerpt":{"rendered":"","protected":false},"author":1,"featured_media":0,"parent":0,"menu_order":0,"comment_status":"closed","ping_status":"closed","template":"","meta":{"_acf_changed":false,"footnotes":""},"page-section":[536,525,526],"page-template":[111],"class_list":["post-24450","page","type-page","status-publish","hentry","page-section-content-blocks","page-section-hero","page-section-product-category","page-template-about-us"],"acf":{"product_category-selected":false,"product_category-headline_p1":"R\u00f3lunk","product_category-headline_p2":"Denpanels","product_category-introduction":"A Denpanels azzal a v\u00edzi\u00f3val j\u00f6tt l\u00e9tre, hogy egy olyan m\u00e1rk\u00e1t hozzon l\u00e9tre, amely nemcsak alkalmazkodik az eur\u00f3pai piac ig\u00e9nyeihez, hanem \u00fcnnepli annak soksz\u00edn\u0171s\u00e9g\u00e9t \u00e9s gazdag formatervez\u00e9si hagyom\u00e1nyait. D\u00e1ni\u00e1ban gy\u00f6kerezve, a Fog & Ven\u00f8 r\u00e9szek\u00e9nt a Denpanels gyorsan a min\u0151s\u00e9gi mesters\u00e9gbeli tud\u00e1s \u00e9s eszt\u00e9tikai innov\u00e1ci\u00f3 szimb\u00f3lum\u00e1v\u00e1 v\u00e1lt.\r\n\r\nDe mi t\u00f6bbek vagyunk, mint csup\u00e1n sz\u00e9p fel\u00fcletek \u2013 mi azok sz\u00e1m\u00e1ra vagyunk itt, akik szeretnek alkotni. Ak\u00e1r null\u00e1r\u00f3l \u00e9p\u00edtesz, fel\u00faj\u00edtasz, vagy egyszer\u0171en egy szem\u00e9lyes \u00e9rint\u00e9st szeretn\u00e9l adni egy t\u00e9rnek, paneleinket \u00fagy tervezt\u00fck, hogy k\u00f6nnyen dolgozhass vel\u00fck. R\u00f6gz\u00edtsd, v\u00e1gd, fesd le \u0151ket, vagy kombin\u00e1ld \u0151ket \u00faj m\u00f3dokon \u2013 a v\u00e1laszt\u00e1s a ti\u00e9d!\r\n\r\nA Denpanels-n\u00e9l mindent az\u00e9rt tesz\u00fcnk, hogy k\u00f6nnyebb\u00e9 tegy\u00fck sz\u00e1modra valami olyan l\u00e9trehoz\u00e1s\u00e1t, ami t\u00f6k\u00e9letesen illik hozz\u00e1d. Ugyanakkor felel\u0151ss\u00e9get v\u00e1llalunk a fenntarthat\u00f3 anyagok kiv\u00e1laszt\u00e1s\u00e1val, a hullad\u00e9k minimaliz\u00e1l\u00e1s\u00e1val \u00e9s a hossz\u00fa \u00e9lettartam\u00fa term\u00e9kek biztos\u00edt\u00e1s\u00e1val.\r\n\r\nTeh\u00e1t, ha tapasztalt bark\u00e1csol\u00f3 vagy, vagy csak szeretsz k\u00e9zzel dolgozni \u2013 vedd el\u0151 az eszk\u00f6zeidet, \u00e9s \u00e9p\u00edts\u00fcnk egy\u00fctt valami nagyszer\u0171t!","product_category-highlighted_media":24919,"product_category-cta":{"product_category_cta":null},"comparrison_image":null,"product_category-some_of_our_combinations":24320,"hero-media":[24451],"hero-h1":"Denpanels","hero-sub_header":"eleg\u00e1ns eur\u00f3pai st\u00edlus"},"_links":{"self":[{"href":"https:\/\/denpanels.com\/hu\/wp-json\/wp\/v2\/pages\/24450","targetHints":{"allow":["GET"]}}],"collection":[{"href":"https:\/\/denpanels.com\/hu\/wp-json\/wp\/v2\/pages"}],"about":[{"href":"https:\/\/denpanels.com\/hu\/wp-json\/wp\/v2\/types\/page"}],"author":[{"embeddable":true,"href":"https:\/\/denpanels.com\/hu\/wp-json\/wp\/v2\/users\/1"}],"replies":[{"embeddable":true,"href":"https:\/\/denpanels.com\/hu\/wp-json\/wp\/v2\/comments?post=24450"}],"version-history":[{"count":3,"href":"https:\/\/denpanels.com\/hu\/wp-json\/wp\/v2\/pages\/24450\/revisions"}],"predecessor-version":[{"id":24454,"href":"https:\/\/denpanels.com\/hu\/wp-json\/wp\/v2\/pages\/24450\/revisions\/24454"}],"acf:attachment":[{"embeddable":true,"href":"https:\/\/denpanels.com\/hu\/wp-json\/wp\/v2\/media\/24451"}],"acf:post":[{"embeddable":true,"href":"https:\/\/denpanels.com\/hu\/wp-json\/wp\/v2\/translation\/24320"}],"wp:attachment":[{"href":"https:\/\/denpanels.com\/hu\/wp-json\/wp\/v2\/media?parent=24450"}],"wp:term":[{"taxonomy":"page-section","embeddable":true,"href":"https:\/\/denpanels.com\/hu\/wp-json\/wp\/v2\/page-section?post=24450"},{"taxonomy":"page-template","embeddable":true,"href":"https:\/\/denpanels.com\/hu\/wp-json\/wp\/v2\/page-template?post=24450"}],"curies":[{"name":"wp","href":"https:\/\/api.w.org\/{rel}","templated":true}]}}