{"id":30770,"date":"2026-02-02T15:45:49","date_gmt":"2026-02-02T14:45:49","guid":{"rendered":"https:\/\/denpanels.com\/metallic-panels\/"},"modified":"2026-02-03T11:42:13","modified_gmt":"2026-02-03T10:42:13","slug":"metallic-panneaux","status":"publish","type":"page","link":"https:\/\/denpanels.com\/fr\/metallic-panneaux\/","title":{"rendered":"Metallic Panneaux"},"content":{"rendered":"","protected":false},"excerpt":{"rendered":"","protected":false},"author":3,"featured_media":0,"parent":0,"menu_order":0,"comment_status":"closed","ping_status":"closed","template":"","meta":{"_acf_changed":false,"footnotes":""},"page-section":[535,524,525,530,526,532,527,534],"page-template":[945],"class_list":["post-30770","page","type-page","status-publish","hentry","page-section-category-options","page-section-datasheet","page-section-hero","page-section-main-category","page-section-product-category","page-section-specific-products","page-section-sub-category","page-section-the-panels-construction","page-template-category-metallic"],"acf":{"product_category-selected":940,"product_category-headline_p1":"Apportez un style audacieux et moderne","product_category-headline_p2":"\u00e0 votre int\u00e9rieur","product_category-introduction":"Vous recherchez une solution murale \u00e9l\u00e9gante et moderne avec une touche industrielle exclusive ? Les panneaux m\u00e9talliques de Denpanels associent l\u2019aspect de l\u2019acier bross\u00e9 \u00e0 des teintes m\u00e9talliques raffin\u00e9es, vous permettant de cr\u00e9er un espace \u00e0 la fois styl\u00e9 et apaisant.\r\n\r\nParfaits pour les maisons, les bureaux et les espaces publics, ces panneaux am\u00e9liorent l\u2019acoustique de la pi\u00e8ce tout en offrant une esth\u00e9tique \u00e9pur\u00e9e et sophistiqu\u00e9e \u2013 avec une surface con\u00e7ue pour la vie quotidienne.\r\n\r\n<strong>Avec les panneaux m\u00e9talliques de Denpanels, vous obtenez :<\/strong>\r\n\r\n<ul>\r\n  <li>Un look moderne en acier bross\u00e9 \u2013 pour une finition minimaliste et exclusive<\/li>\r\n  <li>6 couleurs m\u00e9talliques \u2013 Aluminium, Bronze, Cuivre, Or, Inox et Titane<\/li>\r\n  <li>Une meilleure acoustique \u2013 absorption du son et r\u00e9duction de la r\u00e9verb\u00e9ration<\/li>\r\n  <li>Un entretien facile \u2013 une surface stratifi\u00e9e durable et simple \u00e0 nettoyer<\/li>\r\n  <li>Des traces de doigts moins visibles \u2013 pour un rendu net et uniforme<\/li>\r\n  <li>Design et qualit\u00e9 danois \u2013 fabriqu\u00e9 avec un souci de fonctionnalit\u00e9 et d\u2019esth\u00e9tique<\/li>\r\n<\/ul>\r\n","product_category-highlighted_media":30758,"product_category-cta":{"product_category_cta":null},"comparrison_image":"","product_category-some_of_our_combinations":27539,"hero-media":[30727],"hero-h1":"Metallic Panneaux","hero-sub_header":""},"_links":{"self":[{"href":"https:\/\/denpanels.com\/fr\/wp-json\/wp\/v2\/pages\/30770","targetHints":{"allow":["GET"]}}],"collection":[{"href":"https:\/\/denpanels.com\/fr\/wp-json\/wp\/v2\/pages"}],"about":[{"href":"https:\/\/denpanels.com\/fr\/wp-json\/wp\/v2\/types\/page"}],"author":[{"embeddable":true,"href":"https:\/\/denpanels.com\/fr\/wp-json\/wp\/v2\/users\/3"}],"replies":[{"embeddable":true,"href":"https:\/\/denpanels.com\/fr\/wp-json\/wp\/v2\/comments?post=30770"}],"version-history":[{"count":3,"href":"https:\/\/denpanels.com\/fr\/wp-json\/wp\/v2\/pages\/30770\/revisions"}],"predecessor-version":[{"id":30797,"href":"https:\/\/denpanels.com\/fr\/wp-json\/wp\/v2\/pages\/30770\/revisions\/30797"}],"acf:attachment":[{"embeddable":true,"href":"https:\/\/denpanels.com\/fr\/wp-json\/wp\/v2\/media\/30727"}],"acf:post":[{"embeddable":true,"href":"https:\/\/denpanels.com\/fr\/wp-json\/wp\/v2\/translation\/27539"}],"acf:term":[{"embeddable":true,"taxonomy":"product-category","href":"https:\/\/denpanels.com\/fr\/wp-json\/wp\/v2\/product-category\/940"}],"wp:attachment":[{"href":"https:\/\/denpanels.com\/fr\/wp-json\/wp\/v2\/media?parent=30770"}],"wp:term":[{"taxonomy":"page-section","embeddable":true,"href":"https:\/\/denpanels.com\/fr\/wp-json\/wp\/v2\/page-section?post=30770"},{"taxonomy":"page-template","embeddable":true,"href":"https:\/\/denpanels.com\/fr\/wp-json\/wp\/v2\/page-template?post=30770"}],"curies":[{"name":"wp","href":"https:\/\/api.w.org\/{rel}","templated":true}]}}