{"id":29396,"date":"2025-06-17T14:52:19","date_gmt":"2025-06-17T12:52:19","guid":{"rendered":"https:\/\/denpanels.com\/faq\/"},"modified":"2025-06-25T08:19:21","modified_gmt":"2025-06-25T06:19:21","slug":"faq","status":"publish","type":"page","link":"https:\/\/denpanels.com\/fr\/faq\/","title":{"rendered":"FAQ"},"content":{"rendered":"","protected":false},"excerpt":{"rendered":"","protected":false},"author":1,"featured_media":0,"parent":0,"menu_order":0,"comment_status":"closed","ping_status":"closed","template":"","meta":{"_acf_changed":false,"footnotes":""},"page-section":[536,525,526],"page-template":[766],"class_list":["post-29396","page","type-page","status-publish","hentry","page-section-content-blocks","page-section-hero","page-section-product-category","page-template-faq"],"acf":{"product_category-selected":false,"product_category-headline_p1":"Impossible de trouver","product_category-headline_p2":"ce que vous recherchez ?","product_category-introduction":"N'h\u00e9sitez pas \u00e0 nous contacter - nous sommes l\u00e0 pour vous aider.\r\n\r\n<strong>Contact<\/strong>\r\ndenpanels@fog-veno.com\r\n(+45) 88 77 83 70\r\n\r\n<strong>Heures de t\u00e9l\u00e9phone (CET)<\/strong>\r\nLundi 08:00 - 16:00\r\nMardi 08:00 - 16:00\r\nMercredi 08:00 - 16:00\r\nJeudi 08:00 - 16:00\r\nVendredi 08:00 - 14:00","product_category-highlighted_media":29415,"product_category-cta":{"product_category_cta":null},"comparrison_image":null,"product_category-some_of_our_combinations":"","hero-media":[29290],"hero-h1":"FAQ","hero-sub_header":""},"_links":{"self":[{"href":"https:\/\/denpanels.com\/fr\/wp-json\/wp\/v2\/pages\/29396","targetHints":{"allow":["GET"]}}],"collection":[{"href":"https:\/\/denpanels.com\/fr\/wp-json\/wp\/v2\/pages"}],"about":[{"href":"https:\/\/denpanels.com\/fr\/wp-json\/wp\/v2\/types\/page"}],"author":[{"embeddable":true,"href":"https:\/\/denpanels.com\/fr\/wp-json\/wp\/v2\/users\/1"}],"replies":[{"embeddable":true,"href":"https:\/\/denpanels.com\/fr\/wp-json\/wp\/v2\/comments?post=29396"}],"version-history":[{"count":1,"href":"https:\/\/denpanels.com\/fr\/wp-json\/wp\/v2\/pages\/29396\/revisions"}],"predecessor-version":[{"id":29405,"href":"https:\/\/denpanels.com\/fr\/wp-json\/wp\/v2\/pages\/29396\/revisions\/29405"}],"acf:attachment":[{"embeddable":true,"href":"https:\/\/denpanels.com\/fr\/wp-json\/wp\/v2\/media\/29290"}],"wp:attachment":[{"href":"https:\/\/denpanels.com\/fr\/wp-json\/wp\/v2\/media?parent=29396"}],"wp:term":[{"taxonomy":"page-section","embeddable":true,"href":"https:\/\/denpanels.com\/fr\/wp-json\/wp\/v2\/page-section?post=29396"},{"taxonomy":"page-template","embeddable":true,"href":"https:\/\/denpanels.com\/fr\/wp-json\/wp\/v2\/page-template?post=29396"}],"curies":[{"name":"wp","href":"https:\/\/api.w.org\/{rel}","templated":true}]}}