{"id":28174,"date":"2024-06-06T12:03:39","date_gmt":"2024-06-06T10:03:39","guid":{"rendered":"https:\/\/denpanels.com\/nordic-swan-ecolabel\/"},"modified":"2025-04-16T08:34:23","modified_gmt":"2025-04-16T06:34:23","slug":"ecolabel-nordic-swan","status":"publish","type":"page","link":"https:\/\/denpanels.com\/fr\/ecolabel-nordic-swan\/","title":{"rendered":"\u00c9colabel Nordic Swan"},"content":{"rendered":"<div>\n<p>        <video src=\"\/wp-content\/uploads\/Nordic-Swan-Ecolabel.mp4\"><\/video><\/p>\n<\/div>\n<div>\n<h1>\u00c9colabel Nordic Swan<\/h1>\n<\/div>\n<h2>Un r\u00e9f\u00e9rentiel essentiel<\/h2>\n<h2>pour la durabilit\u00e9 et la qualit\u00e9<\/h2>\n<div>\n<p>Dans le secteur de la construction d\u2019aujourd\u2019hui, l\u2019\u00c9colabel Nordic Swan est devenu un r\u00e9f\u00e9rentiel essentiel en mati\u00e8re de durabilit\u00e9 et de qualit\u00e9. Cet embl\u00e8me s\u2019est impos\u00e9 comme une norme reconnue en mati\u00e8re de responsabilit\u00e9 environnementale, de durabilit\u00e9 et de sensibilisation des consommateurs \u2013 non seulement au Danemark, mais dans l\u2019ensemble de la r\u00e9gion nordique.<\/p>\n<p>Comment s\u2019assurer que les espaces que nous cr\u00e9ons soient \u00e0 la fois esth\u00e9tiques, fonctionnels et respectueux de l\u2019environnement\u202f?<\/p>\n<p>L\u2019\u00c9colabel Nordic Swan apporte une r\u00e9ponse concr\u00e8te. Partout dans les pays nordiques, son importance ne cesse de cro\u00eetre. Rien qu\u2019au Danemark, 95\u202f% de la population conna\u00eet ce label et 67\u202f% l\u2019utilisent activement comme crit\u00e8re dans leurs d\u00e9cisions d\u2019achat. Ces chiffres traduisent une tendance plus large \u00e0 l\u2019\u00e9chelle nordique, o\u00f9 les consommateurs comme les entreprises accordent une priorit\u00e9 croissante \u00e0 la durabilit\u00e9 et aux consid\u00e9rations environnementales.<\/p>\n<p>Une mauvaise acoustique peut consid\u00e9rablement nuire \u00e0 l\u2019exp\u00e9rience d\u2019un espace, qu\u2019il s\u2019agisse de lieux de travail, d\u2019espaces publics ou de foyers priv\u00e9s. En choisissant nos panneaux acoustiques certifi\u00e9s par l\u2019\u00c9colabel Nordic Swan, vous am\u00e9liorez non seulement l\u2019acoustique, mais vous affirmez \u00e9galement un engagement fort envers la plan\u00e8te. Dans les environnements professionnels, o\u00f9 la productivit\u00e9 et la satisfaction des employ\u00e9s sont cruciales, les solutions labellis\u00e9es Nordic Swan deviennent un v\u00e9ritable atout. Elles r\u00e9pondent aux d\u00e9fis acoustiques tout en soulignant l\u2019implication de l\u2019entreprise en mati\u00e8re de durabilit\u00e9.<\/p>\n<\/div>\n<p><p>\n        <a href=\"https:\/\/fog-veno.com\/en\/nordic-swan-ecolabel\/\" rel=\"nofollow noopener\" target=\"_blank\">En savoir plus sur notre certification<\/a>\n    <\/p>\n<\/p>\n<p><img decoding=\"async\" src=\"\/wp-content\/uploads\/Render-1.jpg\" alt=\"\" title=\"\"><\/p>\n<h2>\n<p>Les avantages des panneaux acoustiques certifi\u00e9s \u00c9colabel Nordic Swan<\/p>\n<\/h2>\n<div>\n<p>L\u2019\u00c9colabel Nordic Swan s\u2019aligne sur les Objectifs de D\u00e9veloppement Durable des Nations Unies, en mettant l\u2019accent sur une production durable et une consommation responsable. Voici comment nos panneaux acoustiques certifi\u00e9s \u00c9colabel Nordic Swan se distinguent :<\/p>\n<ul>\n<li><strong>Long\u00e9vit\u00e9<\/strong> : Une combinaison de qualit\u00e9 et de durabilit\u00e9 garantit une solution p\u00e9renne.<\/li>\n<li><strong>Durabilit\u00e9<\/strong> : Les panneaux soutiennent une approche de construction plus \u00e9cologique en r\u00e9duisant les d\u00e9chets et en favorisant une \u00e9conomie circulaire. Ils sont con\u00e7us dans le respect de la nature, depuis la sylviculture responsable jusqu\u2019au surcyclage des mat\u00e9riaux.<\/li>\n<li><strong>Sant\u00e9<\/strong> : L\u2019absence de substances chimiques nocives rend les espaces plus sains \u00e0 vivre, r\u00e9duisant ainsi les risques pour la sant\u00e9 des occupants, qu\u2019ils y vivent, y travaillent ou y passent simplement du temps.<\/li>\n<li><strong>Soutien aux initiatives mondiales<\/strong> : En choisissant l\u2019\u00c9colabel Nordic Swan, vous soutenez \u00e9galement les Objectifs de D\u00e9veloppement Durable des Nations Unies, notamment les objectifs 12 (consommation et production responsables) et 15 (vie terrestre).<\/li>\n<\/ul>\n<\/div>\n<div>\n<p>        <img decoding=\"async\" src=\"\/wp-content\/uploads\/UK_Swan.png\" alt=\"\" title=\"\"><\/p>\n<h2>Recherchez<\/h2>\n<p>le label \u00e9cologique Nordic Swan<\/p>\n<div>\n<p>L\u2019avenir de la construction est vert, ax\u00e9 sur la fonctionnalit\u00e9 et centr\u00e9 sur l\u2019utilisateur. Int\u00e9grer l\u2019acoustique d\u00e8s la conception n\u2019est pas seulement essentiel pour offrir une exp\u00e9rience optimale, c\u2019est aussi une part importante de la responsabilit\u00e9 que nous avons envers notre plan\u00e8te et ses habitants. Les panneaux acoustiques certifi\u00e9s \u00c9colabel Nordic Swan de BY VEN\u00d8 proposent une solution qui r\u00e9pond \u00e0 la fois \u00e0 la qualit\u00e9 sonore, \u00e0 la durabilit\u00e9 et \u00e0 la sant\u00e9 de nos environnements b\u00e2tis.<\/p>\n<\/p><\/div>\n<p><a href=\"https:\/\/www.svanemaerket.dk\/en\" rel=\"nofollow noopener\" target=\"_blank\">En savoir plus sur l\u2019\u00c9colabel Nordic Swan<\/a><\/p>\n<\/div>\n<p><!--more--><br \/>\n<!-- {\"type\":\"layout\",\"children\":[{\"type\":\"section\",\"props\":{\"\":\"linear-gradient(180deg, rgba(75,93,99,1) 0%, rgba(75,93,99,0.7217480742296919) 31%, rgba(75,93,99,0.14751838235294112) 100%);\",\"animation\":\"scale-up\",\"animation_delay\":\"200\",\"divider_height\":\"120\",\"divider_layers_gap\":\"5\",\"divider_layers_opacity\":\"0.5\",\"divider_position\":\"top\",\"divider_responsive\":true,\"divider_shadow_blur_radius\":\"5\",\"divider_shadow_color\":\"#00000080\",\"divider_shadow_offset_x\":\"0\",\"divider_shadow_offset_y\":\"5\",\"divider_width\":\"100\",\"header_transparent\":true,\"header_transparent_noplaceholder\":true,\"height_viewport\":35,\"image_effect\":\"parallax\",\"image_parallax_bgy\":\"100\",\"image_position\":\"center-center\",\"image_size\":\"cover\",\"image_width\":1920,\"media_background\":\"#4B5D63\",\"media_blend_mode\":\"multiply\",\"padding\":\"none\",\"padding_custom_bottom\":\"70\",\"padding_custom_top\":\"70\",\"style\":\"secondary\",\"style_custom_color\":\"#ccc\",\"text_color\":\"light\",\"title_breakpoint\":\"xl\",\"title_position\":\"top-left\",\"title_rotation\":\"left\",\"vertical_align\":\"middle\",\"width\":\"\"},\"children\":[{\"type\":\"row\",\"props\":{\"divider\":false,\"parallax\":true},\"children\":[{\"type\":\"column\",\"props\":{\"image_position\":\"center-center\",\"position_sticky_breakpoint\":\"m\"},\"children\":[{\"type\":\"slideshow\",\"props\":{\"blend\":false,\"class\":\"gradientoverlay\",\"css\":\".el-element {\\n    margin-bottom: 0px !important;\\n}\",\"image_loading\":true,\"image_width\":\"1920\",\"link_style\":\"default\",\"link_text\":\"Read more\",\"margin\":\"default\",\"meta_align\":\"below-title\",\"meta_element\":\"div\",\"meta_style\":\"text-meta\",\"nav\":\"\",\"nav_align\":\"center\",\"nav_below\":true,\"nav_breakpoint\":\"s\",\"nav_position\":\"bottom-center\",\"nav_position_margin\":\"medium\",\"overlay_animation\":\"parallax\",\"overlay_position\":\"center-left\",\"position\":\"relative\",\"show_content\":false,\"show_link\":false,\"show_meta\":false,\"show_thumbnail\":false,\"show_title\":false,\"slidenav\":\"bottom-left\",\"slidenav_breakpoint\":\"s\",\"slidenav_hover\":true,\"slidenav_large\":true,\"slidenav_margin\":\"medium\",\"slidenav_outside_breakpoint\":\"xl\",\"slideshow_animation\":\"fade\",\"slideshow_autoplay\":true,\"slideshow_autoplay_interval\":\"6\",\"slideshow_autoplay_pause\":true,\"slideshow_height\":\"viewport\",\"slideshow_height_offset_top\":false,\"slideshow_height_viewport\":80,\"slideshow_kenburns\":\"alternate\",\"slideshow_kenburns_duration\":\"20\",\"slideshow_min_height\":300,\"slideshow_parallax\":false,\"slideshow_parallax_easing\":\"0.3\",\"slideshow_ratio\":\"16:9\",\"text_color\":\"light\",\"thumbnav_height\":\"75\",\"thumbnav_nowrap\":true,\"thumbnav_svg_color\":\"emphasis\",\"thumbnav_width\":\"100\",\"title_element\":\"h3\",\"title_hover_style\":\"reset\"},\"children\":[{\"type\":\"slideshow_item\",\"props\":{\"video\":\"wp-content\\\/uploads\\\/Nordic-Swan-Ecolabel.mp4\"}}]},{\"type\":\"panel\",\"props\":{\"content_column_breakpoint\":\"m\",\"icon_width\":80,\"image_align\":\"top\",\"image_grid_breakpoint\":\"m\",\"image_grid_width\":\"1-2\",\"image_svg_color\":\"emphasis\",\"link_style\":\"default\",\"link_text\":\"Read more\",\"margin\":\"default\",\"margin_remove_bottom\":true,\"meta\":\"\",\"meta_align\":\"below-title\",\"meta_element\":\"div\",\"meta_style\":\"h4\",\"position\":\"absolute\",\"position_bottom\":\"5vh\",\"position_z_index\":\"3\",\"text_align\":\"center\",\"title\":\"\\u00c9colabel Nordic Swan\",\"title_align\":\"top\",\"title_element\":\"h1\",\"title_grid_breakpoint\":\"m\",\"title_grid_width\":\"1-2\",\"title_hover_style\":\"reset\",\"title_style\":\"heading-medium\"}}]}]}],\"name\":\"Hero med slider\"},{\"type\":\"section\",\"props\":{\"animation_delay\":\"200\",\"image_position\":\"center-center\",\"style\":\"default\",\"title_breakpoint\":\"xl\",\"title_position\":\"top-left\",\"title_rotation\":\"left\",\"vertical_align\":\"middle\",\"width\":\"default\"},\"children\":[{\"type\":\"row\",\"children\":[{\"type\":\"column\",\"props\":{\"image_position\":\"center-center\",\"position_sticky_breakpoint\":\"m\",\"style\":\"tile-default\",\"vertical_align\":\"middle\"},\"children\":[{\"type\":\"headline\",\"props\":{\"content\":\"Un r\\u00e9f\\u00e9rentiel essentiel\",\"margin_remove_bottom\":true,\"title_element\":\"h2\",\"title_style\":\"heading-medium\"}},{\"type\":\"headline\",\"props\":{\"content\":\"pour la durabilit\\u00e9 et la qualit\\u00e9\",\"margin_remove_bottom\":false,\"margin_remove_top\":true,\"title_color\":\"primary\",\"title_element\":\"h2\",\"title_style\":\"heading-medium\"}},{\"type\":\"text\",\"props\":{\"column_breakpoint\":\"m\",\"content\":\"\n\n<p>Dans le secteur de la construction d\\u2019aujourd\\u2019hui, l\\u2019\\u00c9colabel Nordic Swan est devenu un r\\u00e9f\\u00e9rentiel essentiel en mati\\u00e8re de durabilit\\u00e9 et de qualit\\u00e9. Cet embl\\u00e8me s\\u2019est impos\\u00e9 comme une norme reconnue en mati\\u00e8re de responsabilit\\u00e9 environnementale, de durabilit\\u00e9 et de sensibilisation des consommateurs \\u2013 non seulement au Danemark, mais dans l\\u2019ensemble de la r\\u00e9gion nordique.<\\\/p>\\n\\n\n\n<p>Comment s\\u2019assurer que les espaces que nous cr\\u00e9ons soient \\u00e0 la fois esth\\u00e9tiques, fonctionnels et respectueux de l\\u2019environnement\\u202f?<\\\/p>\\n\\n\n\n<p>L\\u2019\\u00c9colabel Nordic Swan apporte une r\\u00e9ponse concr\\u00e8te. Partout dans les pays nordiques, son importance ne cesse de cro\\u00eetre. Rien qu\\u2019au Danemark, 95\\u202f% de la population conna\\u00eet ce label et 67\\u202f% l\\u2019utilisent activement comme crit\\u00e8re dans leurs d\\u00e9cisions d\\u2019achat. Ces chiffres traduisent une tendance plus large \\u00e0 l\\u2019\\u00e9chelle nordique, o\\u00f9 les consommateurs comme les entreprises accordent une priorit\\u00e9 croissante \\u00e0 la durabilit\\u00e9 et aux consid\\u00e9rations environnementales.<\\\/p>\\n\\n\n\n<p>Une mauvaise acoustique peut consid\\u00e9rablement nuire \\u00e0 l\\u2019exp\\u00e9rience d\\u2019un espace, qu\\u2019il s\\u2019agisse de lieux de travail, d\\u2019espaces publics ou de foyers priv\\u00e9s. En choisissant nos panneaux acoustiques certifi\\u00e9s par l\\u2019\\u00c9colabel Nordic Swan, vous am\\u00e9liorez non seulement l\\u2019acoustique, mais vous affirmez \\u00e9galement un engagement fort envers la plan\\u00e8te. Dans les environnements professionnels, o\\u00f9 la productivit\\u00e9 et la satisfaction des employ\\u00e9s sont cruciales, les solutions labellis\\u00e9es Nordic Swan deviennent un v\\u00e9ritable atout. Elles r\\u00e9pondent aux d\\u00e9fis acoustiques tout en soulignant l\\u2019implication de l\\u2019entreprise en mati\\u00e8re de durabilit\\u00e9.<\\\/p>\",\"margin\":\"default\"}},{\"type\":\"button\",\"props\":{\"grid_column_gap\":\"small\",\"grid_row_gap\":\"small\",\"margin\":\"default\"},\"children\":[{\"type\":\"button_item\",\"props\":{\"button_style\":\"primary\",\"content\":\"En savoir plus sur notre certification\",\"dialog_layout\":\"modal\",\"dialog_offcanvas_flip\":true,\"icon_align\":\"left\",\"link\":\"https:\\\/\\\/fog-veno.com\\\/en\\\/nordic-swan-ecolabel\\\/\"}}]}]}]}],\"name\":\"Intro\"},{\"type\":\"section\",\"props\":{\"image_position\":\"center-center\",\"padding_remove_horizontal\":false,\"padding_remove_top\":false,\"style\":\"muted\",\"title_breakpoint\":\"xl\",\"title_position\":\"top-left\",\"title_rotation\":\"left\",\"vertical_align\":\"middle\",\"width\":\"default\"},\"children\":[{\"type\":\"row\",\"props\":{\"layout\":\"1-2,1-2\"},\"children\":[{\"type\":\"column\",\"props\":{\"image_position\":\"center-center\",\"position_sticky_breakpoint\":\"m\",\"vertical_align\":\"middle\",\"width_medium\":\"1-2\"},\"children\":[{\"type\":\"image\",\"props\":{\"image\":\"wp-content\\\/uploads\\\/Render-1.jpg\",\"image_height\":960,\"image_svg_color\":\"emphasis\",\"image_width\":1280,\"margin\":\"default\"}}]},{\"type\":\"column\",\"props\":{\"image_position\":\"center-center\",\"position_sticky_breakpoint\":\"m\",\"vertical_align\":\"middle\",\"width_medium\":\"1-2\"},\"children\":[{\"type\":\"headline\",\"props\":{\"content\":\"\n\n<p>Les avantages des panneaux acoustiques certifi\\u00e9s \\u00c9colabel Nordic Swan<\\\/p>\",\"title_element\":\"h2\",\"title_style\":\"h1\"}},{\"type\":\"text\",\"props\":{\"column_breakpoint\":\"m\",\"content\":\"\n\n<p>L\\u2019\\u00c9colabel Nordic Swan s\\u2019aligne sur les Objectifs de D\\u00e9veloppement Durable des Nations Unies, en mettant l\\u2019accent sur une production durable et une consommation responsable. Voici comment nos panneaux acoustiques certifi\\u00e9s \\u00c9colabel Nordic Swan se distinguent :<\\\/p>\\n\\n\n\n<ul>\\n\n\n<li><strong>Long\\u00e9vit\\u00e9<\\\/strong> : Une combinaison de qualit\\u00e9 et de durabilit\\u00e9 garantit une solution p\\u00e9renne.<\\\/li>\\n\n\n<li><strong>Durabilit\\u00e9<\\\/strong> : Les panneaux soutiennent une approche de construction plus \\u00e9cologique en r\\u00e9duisant les d\\u00e9chets et en favorisant une \\u00e9conomie circulaire. Ils sont con\\u00e7us dans le respect de la nature, depuis la sylviculture responsable jusqu\\u2019au surcyclage des mat\\u00e9riaux.<\\\/li>\\n\n\n<li><strong>Sant\\u00e9<\\\/strong> : L\\u2019absence de substances chimiques nocives rend les espaces plus sains \\u00e0 vivre, r\\u00e9duisant ainsi les risques pour la sant\\u00e9 des occupants, qu\\u2019ils y vivent, y travaillent ou y passent simplement du temps.<\\\/li>\\n\n\n<li><strong>Soutien aux initiatives mondiales<\\\/strong> : En choisissant l\\u2019\\u00c9colabel Nordic Swan, vous soutenez \\u00e9galement les Objectifs de D\\u00e9veloppement Durable des Nations Unies, notamment les objectifs 12 (consommation et production responsables) et 15 (vie terrestre).<\\\/li>\\n<\\\/ul>\",\"margin\":\"default\"}}]}]}]},{\"type\":\"section\",\"props\":{\"image_position\":\"center-center\",\"style\":\"default\",\"title_breakpoint\":\"xl\",\"title_position\":\"top-left\",\"title_rotation\":\"left\",\"vertical_align\":\"middle\",\"width\":\"default\"},\"children\":[{\"type\":\"row\",\"children\":[{\"type\":\"column\",\"props\":{\"image_position\":\"center-center\",\"position_sticky_breakpoint\":\"m\"},\"children\":[{\"type\":\"panel\",\"props\":{\"content\":\"\n\n<p>L\\u2019avenir de la construction est vert, ax\\u00e9 sur la fonctionnalit\\u00e9 et centr\\u00e9 sur l\\u2019utilisateur. Int\\u00e9grer l\\u2019acoustique d\\u00e8s la conception n\\u2019est pas seulement essentiel pour offrir une exp\\u00e9rience optimale, c\\u2019est aussi une part importante de la responsabilit\\u00e9 que nous avons envers notre plan\\u00e8te et ses habitants. Les panneaux acoustiques certifi\\u00e9s \\u00c9colabel Nordic Swan de BY VEN\\u00d8 proposent une solution qui r\\u00e9pond \\u00e0 la fois \\u00e0 la qualit\\u00e9 sonore, \\u00e0 la durabilit\\u00e9 et \\u00e0 la sant\\u00e9 de nos environnements b\\u00e2tis.<\\\/p> \",\"content_column_breakpoint\":\"m\",\"icon_width\":80,\"image\":\"wp-content\\\/uploads\\\/UK_Swan.png\",\"image_align\":\"right\",\"image_grid_breakpoint\":\"m\",\"image_grid_width\":\"1-2\",\"image_height\":640,\"image_svg_color\":\"emphasis\",\"image_vertical_align\":true,\"image_width\":640,\"link\":\"https:\\\/\\\/www.svanemaerket.dk\\\/en\",\"link_style\":\"default\",\"link_target\":true,\"link_text\":\"En savoir plus sur l\\u2019\\u00c9colabel Nordic Swan\",\"margin\":\"default\",\"meta\":\"le label \\u00e9cologique Nordic Swan\",\"meta_align\":\"below-title\",\"meta_color\":\"primary\",\"meta_element\":\"div\",\"meta_margin\":\"remove\",\"meta_style\":\"h1\",\"title\":\"Recherchez\",\"title_align\":\"top\",\"title_element\":\"h2\",\"title_grid_breakpoint\":\"m\",\"title_grid_width\":\"1-2\",\"title_hover_style\":\"reset\",\"title_style\":\"h1\"}}]}]}],\"name\":\"Panel med rigtige indstillinger\"}],\"version\":\"4.5.11\",\"yooessentialsVersion\":\"2.3.9\"} --><\/p>\n","protected":false},"excerpt":{"rendered":"<p>\u00c9colabel Nordic Swan Un r\u00e9f\u00e9rentiel essentiel pour la durabilit\u00e9 et la qualit\u00e9 Dans le secteur de la construction d\u2019aujourd\u2019hui, l\u2019\u00c9colabel Nordic Swan est devenu un r\u00e9f\u00e9rentiel essentiel en mati\u00e8re de durabilit\u00e9 et de qualit\u00e9. Cet embl\u00e8me s\u2019est impos\u00e9 comme une norme reconnue en mati\u00e8re de responsabilit\u00e9 environnementale, de durabilit\u00e9 et de sensibilisation des consommateurs \u2013 [&hellip;]<\/p>\n","protected":false},"author":3,"featured_media":0,"parent":0,"menu_order":0,"comment_status":"closed","ping_status":"closed","template":"","meta":{"_acf_changed":false,"footnotes":""},"page-section":[],"page-template":[111],"class_list":["post-28174","page","type-page","status-publish","hentry","page-template-about-us"],"acf":[],"_links":{"self":[{"href":"https:\/\/denpanels.com\/fr\/wp-json\/wp\/v2\/pages\/28174","targetHints":{"allow":["GET"]}}],"collection":[{"href":"https:\/\/denpanels.com\/fr\/wp-json\/wp\/v2\/pages"}],"about":[{"href":"https:\/\/denpanels.com\/fr\/wp-json\/wp\/v2\/types\/page"}],"author":[{"embeddable":true,"href":"https:\/\/denpanels.com\/fr\/wp-json\/wp\/v2\/users\/3"}],"replies":[{"embeddable":true,"href":"https:\/\/denpanels.com\/fr\/wp-json\/wp\/v2\/comments?post=28174"}],"version-history":[{"count":3,"href":"https:\/\/denpanels.com\/fr\/wp-json\/wp\/v2\/pages\/28174\/revisions"}],"predecessor-version":[{"id":28182,"href":"https:\/\/denpanels.com\/fr\/wp-json\/wp\/v2\/pages\/28174\/revisions\/28182"}],"wp:attachment":[{"href":"https:\/\/denpanels.com\/fr\/wp-json\/wp\/v2\/media?parent=28174"}],"wp:term":[{"taxonomy":"page-section","embeddable":true,"href":"https:\/\/denpanels.com\/fr\/wp-json\/wp\/v2\/page-section?post=28174"},{"taxonomy":"page-template","embeddable":true,"href":"https:\/\/denpanels.com\/fr\/wp-json\/wp\/v2\/page-template?post=28174"}],"curies":[{"name":"wp","href":"https:\/\/api.w.org\/{rel}","templated":true}]}}