{"id":28148,"date":"2025-01-09T12:21:06","date_gmt":"2025-01-09T11:21:06","guid":{"rendered":"https:\/\/denpanels.com\/panels\/accessoires\/adhesive\/"},"modified":"2025-04-16T08:10:30","modified_gmt":"2025-04-16T06:10:30","slug":"colle-de-construction","status":"publish","type":"page","link":"https:\/\/denpanels.com\/fr\/panels\/accessoires\/colle-de-construction\/","title":{"rendered":"Colle de construction"},"content":{"rendered":"","protected":false},"excerpt":{"rendered":"","protected":false},"author":3,"featured_media":0,"parent":27825,"menu_order":0,"comment_status":"closed","ping_status":"closed","template":"","meta":{"_acf_changed":false,"footnotes":""},"page-section":[525,529,528,526],"page-template":[370],"class_list":["post-28148","page","type-page","status-publish","hentry","page-section-hero","page-section-highlighted-inspiration","page-section-megamenu","page-section-product-category","page-template-product-sub-category"],"acf":{"product_category-selected":416,"product_category-headline_p1":"Colle de montage forte et fiable","product_category-headline_p2":"pour panneaux acoustiques","product_category-introduction":"Chez Denpanels, nous simplifions l\u2019installation gr\u00e2ce \u00e0 notre colle de montage haute performance \u2013 con\u00e7ue pour une adh\u00e9rence forte, flexible et durable.\r\n\r\nAdh\u00e9rence extra forte \u2013 maintient les panneaux en place m\u00eame \u00e0 l\u2019\u00e9tat humide.  \r\nDurable et flexible \u2013 absorbe les mouvements entre les \u00e9l\u00e9ments de construction.  \r\nApplication polyvalente \u2013 adh\u00e8re au bois, au verre, au b\u00e9ton, \u00e0 la brique, au m\u00e9tal et plus encore.  \r\nFacile \u00e0 utiliser \u2013 s\u2019applique facilement \u00e0 des temp\u00e9ratures de +5\u202f\u00b0C \u00e0 +40\u202f\u00b0C.\r\n\r\nObtenez une finition professionnelle et durable sans support suppl\u00e9mentaire.\r\n\r\nContenu : 290 ml par cartouche.","product_category-highlighted_media":28151,"product_category-cta":{"product_category_cta":null},"comparrison_image":null,"product_category-some_of_our_combinations":27539,"hero-media":[27636],"hero-h1":"Colle de construction","hero-sub_header":""},"_links":{"self":[{"href":"https:\/\/denpanels.com\/fr\/wp-json\/wp\/v2\/pages\/28148","targetHints":{"allow":["GET"]}}],"collection":[{"href":"https:\/\/denpanels.com\/fr\/wp-json\/wp\/v2\/pages"}],"about":[{"href":"https:\/\/denpanels.com\/fr\/wp-json\/wp\/v2\/types\/page"}],"author":[{"embeddable":true,"href":"https:\/\/denpanels.com\/fr\/wp-json\/wp\/v2\/users\/3"}],"replies":[{"embeddable":true,"href":"https:\/\/denpanels.com\/fr\/wp-json\/wp\/v2\/comments?post=28148"}],"version-history":[{"count":3,"href":"https:\/\/denpanels.com\/fr\/wp-json\/wp\/v2\/pages\/28148\/revisions"}],"predecessor-version":[{"id":28153,"href":"https:\/\/denpanels.com\/fr\/wp-json\/wp\/v2\/pages\/28148\/revisions\/28153"}],"up":[{"embeddable":true,"href":"https:\/\/denpanels.com\/fr\/wp-json\/wp\/v2\/pages\/27825"}],"acf:attachment":[{"embeddable":true,"href":"https:\/\/denpanels.com\/fr\/wp-json\/wp\/v2\/media\/27636"}],"acf:post":[{"embeddable":true,"href":"https:\/\/denpanels.com\/fr\/wp-json\/wp\/v2\/translation\/27539"}],"acf:term":[{"embeddable":true,"taxonomy":"product-category","href":"https:\/\/denpanels.com\/fr\/wp-json\/wp\/v2\/product-category\/416"}],"wp:attachment":[{"href":"https:\/\/denpanels.com\/fr\/wp-json\/wp\/v2\/media?parent=28148"}],"wp:term":[{"taxonomy":"page-section","embeddable":true,"href":"https:\/\/denpanels.com\/fr\/wp-json\/wp\/v2\/page-section?post=28148"},{"taxonomy":"page-template","embeddable":true,"href":"https:\/\/denpanels.com\/fr\/wp-json\/wp\/v2\/page-template?post=28148"}],"curies":[{"name":"wp","href":"https:\/\/api.w.org\/{rel}","templated":true}]}}