{"id":28141,"date":"2025-01-09T12:16:51","date_gmt":"2025-01-09T11:16:51","guid":{"rendered":"https:\/\/denpanels.com\/panels\/accessoires\/screws\/"},"modified":"2025-04-16T08:08:52","modified_gmt":"2025-04-16T06:08:52","slug":"vis-de-fixation","status":"publish","type":"page","link":"https:\/\/denpanels.com\/fr\/panels\/accessoires\/vis-de-fixation\/","title":{"rendered":"Vis de fixation"},"content":{"rendered":"","protected":false},"excerpt":{"rendered":"","protected":false},"author":3,"featured_media":0,"parent":27825,"menu_order":0,"comment_status":"closed","ping_status":"closed","template":"","meta":{"_acf_changed":false,"footnotes":""},"page-section":[525,529,526],"page-template":[370],"class_list":["post-28141","page","type-page","status-publish","hentry","page-section-hero","page-section-highlighted-inspiration","page-section-product-category","page-template-product-sub-category"],"acf":{"product_category-selected":424,"product_category-headline_p1":"Installation s\u00fbre et sans faille","product_category-headline_p2":"pour vos panneaux","product_category-introduction":"Chez Denpanels, nous facilitons une installation simple et discr\u00e8te gr\u00e2ce \u00e0 nos vis de fixation con\u00e7ues avec pr\u00e9cision, assurant une pose solide et \u00e9l\u00e9gante.\r\n\r\nParfait ajustement \u2013 con\u00e7ues pour s\u2019ancrer solidement entre les lattes.  \r\nApparence discr\u00e8te \u2013 disponibles en quatre couleurs assorties au feutre au dos du panneau.  \r\nKit complet \u2013 contient un embout TX-20 pour une installation facile.\r\n\r\nD\u00e9tails du paquet :  \r\nDimensions : 4,0 x 30 mm  \r\nQuantit\u00e9 : 50 pi\u00e8ces  \r\nComprend : embout TX-20\r\n\r\nAvec les vis de fixation Denpanels, vous avez tout ce qu\u2019il faut pour une installation professionnelle, discr\u00e8te et fiable.","product_category-highlighted_media":28341,"product_category-cta":{"product_category_cta":null},"comparrison_image":null,"product_category-some_of_our_combinations":27539,"hero-media":[27727],"hero-h1":"Vis de fixation","hero-sub_header":""},"_links":{"self":[{"href":"https:\/\/denpanels.com\/fr\/wp-json\/wp\/v2\/pages\/28141","targetHints":{"allow":["GET"]}}],"collection":[{"href":"https:\/\/denpanels.com\/fr\/wp-json\/wp\/v2\/pages"}],"about":[{"href":"https:\/\/denpanels.com\/fr\/wp-json\/wp\/v2\/types\/page"}],"author":[{"embeddable":true,"href":"https:\/\/denpanels.com\/fr\/wp-json\/wp\/v2\/users\/3"}],"replies":[{"embeddable":true,"href":"https:\/\/denpanels.com\/fr\/wp-json\/wp\/v2\/comments?post=28141"}],"version-history":[{"count":3,"href":"https:\/\/denpanels.com\/fr\/wp-json\/wp\/v2\/pages\/28141\/revisions"}],"predecessor-version":[{"id":28147,"href":"https:\/\/denpanels.com\/fr\/wp-json\/wp\/v2\/pages\/28141\/revisions\/28147"}],"up":[{"embeddable":true,"href":"https:\/\/denpanels.com\/fr\/wp-json\/wp\/v2\/pages\/27825"}],"acf:attachment":[{"embeddable":true,"href":"https:\/\/denpanels.com\/fr\/wp-json\/wp\/v2\/media\/27727"}],"acf:post":[{"embeddable":true,"href":"https:\/\/denpanels.com\/fr\/wp-json\/wp\/v2\/translation\/27539"}],"acf:term":[{"embeddable":true,"taxonomy":"product-category","href":"https:\/\/denpanels.com\/fr\/wp-json\/wp\/v2\/product-category\/424"}],"wp:attachment":[{"href":"https:\/\/denpanels.com\/fr\/wp-json\/wp\/v2\/media?parent=28141"}],"wp:term":[{"taxonomy":"page-section","embeddable":true,"href":"https:\/\/denpanels.com\/fr\/wp-json\/wp\/v2\/page-section?post=28141"},{"taxonomy":"page-template","embeddable":true,"href":"https:\/\/denpanels.com\/fr\/wp-json\/wp\/v2\/page-template?post=28141"}],"curies":[{"name":"wp","href":"https:\/\/api.w.org\/{rel}","templated":true}]}}