{"id":28129,"date":"2025-01-09T12:01:39","date_gmt":"2025-01-09T11:01:39","guid":{"rendered":"https:\/\/denpanels.com\/panels\/accessoires\/led-light-cover\/"},"modified":"2025-04-15T14:19:40","modified_gmt":"2025-04-15T12:19:40","slug":"led-light-cover","status":"publish","type":"page","link":"https:\/\/denpanels.com\/fr\/panels\/accessoires\/led-light-cover\/","title":{"rendered":"LED Light Cover"},"content":{"rendered":"","protected":false},"excerpt":{"rendered":"","protected":false},"author":3,"featured_media":0,"parent":27825,"menu_order":0,"comment_status":"closed","ping_status":"closed","template":"","meta":{"_acf_changed":false,"footnotes":""},"page-section":[524,525,529,526],"page-template":[370],"class_list":["post-28129","page","type-page","status-publish","hentry","page-section-datasheet","page-section-hero","page-section-highlighted-inspiration","page-section-product-category","page-template-product-sub-category"],"acf":{"product_category-selected":433,"product_category-headline_p1":"Sublimez vos panneaux acoustiques","product_category-headline_p2":"avec des LED Light Covers","product_category-introduction":"Chez Denpanels, nous facilitons l'int\u00e9gration d'un \u00e9clairage \u00e9l\u00e9gant dans vos panneaux acoustiques gr\u00e2ce \u00e0 notre LED Light Cover.\r\n\r\nCon\u00e7u pour une installation sans effort, ce profil s'adapte parfaitement sur une bande LED plac\u00e9e entre les lattes, assurant une distribution lumineuse uniforme et une esth\u00e9tique homog\u00e8ne sans modifier la bande LED elle-m\u00eame.\r\n\r\n<strong>\u00c9l\u00e9gant et moderne<\/strong> \u2013 am\u00e9liore \u00e0 la fois l\u2019\u00e9clairage et le design du panneau.  \r\n<strong>Installation facile<\/strong> \u2013 il suffit de le placer sur votre bande LED.  \r\n<strong>Ajustement parfait<\/strong> \u2013 con\u00e7u pour \u00eatre utilis\u00e9 avec les panneaux acoustiques Denpanels.\r\n\r\nD\u00e9tails du produit :  \r\nDimensions : 600 x 45 x 10 mm  \r\nInclus : 4 caches LED\r\n\r\nBande LED non incluse.\r\n\r\nCr\u00e9ez un espace magnifiquement illumin\u00e9 avec un minimum d'effort !","product_category-highlighted_media":28130,"product_category-cta":{"product_category_cta":null},"comparrison_image":null,"product_category-some_of_our_combinations":27539,"hero-media":[28131],"hero-h1":"LED Light Cover","hero-sub_header":""},"_links":{"self":[{"href":"https:\/\/denpanels.com\/fr\/wp-json\/wp\/v2\/pages\/28129","targetHints":{"allow":["GET"]}}],"collection":[{"href":"https:\/\/denpanels.com\/fr\/wp-json\/wp\/v2\/pages"}],"about":[{"href":"https:\/\/denpanels.com\/fr\/wp-json\/wp\/v2\/types\/page"}],"author":[{"embeddable":true,"href":"https:\/\/denpanels.com\/fr\/wp-json\/wp\/v2\/users\/3"}],"replies":[{"embeddable":true,"href":"https:\/\/denpanels.com\/fr\/wp-json\/wp\/v2\/comments?post=28129"}],"version-history":[{"count":1,"href":"https:\/\/denpanels.com\/fr\/wp-json\/wp\/v2\/pages\/28129\/revisions"}],"predecessor-version":[{"id":28132,"href":"https:\/\/denpanels.com\/fr\/wp-json\/wp\/v2\/pages\/28129\/revisions\/28132"}],"up":[{"embeddable":true,"href":"https:\/\/denpanels.com\/fr\/wp-json\/wp\/v2\/pages\/27825"}],"acf:attachment":[{"embeddable":true,"href":"https:\/\/denpanels.com\/fr\/wp-json\/wp\/v2\/media\/28131"}],"acf:post":[{"embeddable":true,"href":"https:\/\/denpanels.com\/fr\/wp-json\/wp\/v2\/translation\/27539"}],"acf:term":[{"embeddable":true,"taxonomy":"product-category","href":"https:\/\/denpanels.com\/fr\/wp-json\/wp\/v2\/product-category\/433"}],"wp:attachment":[{"href":"https:\/\/denpanels.com\/fr\/wp-json\/wp\/v2\/media?parent=28129"}],"wp:term":[{"taxonomy":"page-section","embeddable":true,"href":"https:\/\/denpanels.com\/fr\/wp-json\/wp\/v2\/page-section?post=28129"},{"taxonomy":"page-template","embeddable":true,"href":"https:\/\/denpanels.com\/fr\/wp-json\/wp\/v2\/page-template?post=28129"}],"curies":[{"name":"wp","href":"https:\/\/api.w.org\/{rel}","templated":true}]}}