{"id":28124,"date":"2025-01-09T12:05:05","date_gmt":"2025-01-09T11:05:05","guid":{"rendered":"https:\/\/denpanels.com\/panels\/accessoires\/storage\/"},"modified":"2025-04-15T14:16:17","modified_gmt":"2025-04-15T12:16:17","slug":"rangement","status":"publish","type":"page","link":"https:\/\/denpanels.com\/fr\/panels\/accessoires\/rangement\/","title":{"rendered":"Rangement"},"content":{"rendered":"<div><\/div>\n<div><\/div>\n<p>&nbsp;<\/p>\n<p>&nbsp;<\/p>\n<ul>\n<li><\/li>\n<li><\/li>\n<li><\/li>\n<li><\/li>\n<\/ul>\n<ul>\n<li><\/li>\n<li><\/li>\n<li><\/li>\n<li><\/li>\n<\/ul>\n<ul>\n<li><\/li>\n<li><\/li>\n<li><\/li>\n<li><\/li>\n<\/ul>\n<ul>\n<li><\/li>\n<li><\/li>\n<li><\/li>\n<li><\/li>\n<\/ul>\n<div><\/div>\n<p><!--more--><\/p>\n","protected":false},"excerpt":{"rendered":"<p>&nbsp; &nbsp;<\/p>\n","protected":false},"author":3,"featured_media":0,"parent":27825,"menu_order":0,"comment_status":"closed","ping_status":"closed","template":"","meta":{"_acf_changed":false,"footnotes":""},"page-section":[524,525,529,528,526],"page-template":[370],"class_list":["post-28124","page","type-page","status-publish","hentry","page-section-datasheet","page-section-hero","page-section-highlighted-inspiration","page-section-megamenu","page-section-product-category","page-template-product-sub-category"],"acf":{"product_category-selected":442,"product_category-headline_p1":"Rangement intelligent","product_category-headline_p2":"Rencontre un design \u00e9l\u00e9gant","product_category-introduction":"Chez Denpanels, nous transformons vos panneaux acoustiques en solutions de rangement fonctionnelles gr\u00e2ce \u00e0 nos \u00e9tag\u00e8res \u00e9l\u00e9gantes et pratiques. Con\u00e7ues pour un montage facile, ces \u00e9tag\u00e8res offrent un moyen astucieux de stocker et d'exposer les essentiels du quotidien sans compromettre l'acoustique.\r\n\r\n<strong>Installation facile<\/strong> \u2013 s'int\u00e8gre parfaitement avec vos panneaux acoustiques.  \r\n<strong>Design polyvalent<\/strong> \u2013 parfait pour les plantes, les livres et les objets d\u00e9coratifs.  \r\n<strong>Solide et durable<\/strong> \u2013 supporte jusqu'\u00e0 5 kg \/ 11 lbs.\r\n\r\n\u00c9tag\u00e8res de rangement avec crochets\r\nAjoutez \u00e0 la fois fonctionnalit\u00e9 et style \u00e0 votre entr\u00e9e, bureau ou salon avec nos \u00e9tag\u00e8res de rangement dot\u00e9es de quatre crochets int\u00e9gr\u00e9s. Id\u00e9ales pour les cl\u00e9s, les sacs et autres petits objets essentiels, elles permettent de garder votre espace organis\u00e9 et \u00e9l\u00e9gant tout en maintenant une acoustique optimale de la pi\u00e8ce.\r\n\r\nDimensions : 50 x 215 x 70 mm  \r\nCapacit\u00e9 de charge : 5 kg \/ 11 lbs\r\n\r\nRangement intelligent, simplifi\u00e9.","product_category-highlighted_media":28125,"product_category-cta":{"product_category_cta":null},"comparrison_image":null,"product_category-some_of_our_combinations":27539,"hero-media":[12382,27832],"hero-h1":"Rangement","hero-sub_header":""},"_links":{"self":[{"href":"https:\/\/denpanels.com\/fr\/wp-json\/wp\/v2\/pages\/28124","targetHints":{"allow":["GET"]}}],"collection":[{"href":"https:\/\/denpanels.com\/fr\/wp-json\/wp\/v2\/pages"}],"about":[{"href":"https:\/\/denpanels.com\/fr\/wp-json\/wp\/v2\/types\/page"}],"author":[{"embeddable":true,"href":"https:\/\/denpanels.com\/fr\/wp-json\/wp\/v2\/users\/3"}],"replies":[{"embeddable":true,"href":"https:\/\/denpanels.com\/fr\/wp-json\/wp\/v2\/comments?post=28124"}],"version-history":[{"count":3,"href":"https:\/\/denpanels.com\/fr\/wp-json\/wp\/v2\/pages\/28124\/revisions"}],"predecessor-version":[{"id":28128,"href":"https:\/\/denpanels.com\/fr\/wp-json\/wp\/v2\/pages\/28124\/revisions\/28128"}],"up":[{"embeddable":true,"href":"https:\/\/denpanels.com\/fr\/wp-json\/wp\/v2\/pages\/27825"}],"acf:attachment":[{"embeddable":true,"href":"https:\/\/denpanels.com\/fr\/wp-json\/wp\/v2\/media\/27832"},{"embeddable":true,"href":"https:\/\/denpanels.com\/fr\/wp-json\/wp\/v2\/media\/12382"}],"acf:post":[{"embeddable":true,"href":"https:\/\/denpanels.com\/fr\/wp-json\/wp\/v2\/translation\/27539"}],"acf:term":[{"embeddable":true,"taxonomy":"product-category","href":"https:\/\/denpanels.com\/fr\/wp-json\/wp\/v2\/product-category\/442"}],"wp:attachment":[{"href":"https:\/\/denpanels.com\/fr\/wp-json\/wp\/v2\/media?parent=28124"}],"wp:term":[{"taxonomy":"page-section","embeddable":true,"href":"https:\/\/denpanels.com\/fr\/wp-json\/wp\/v2\/page-section?post=28124"},{"taxonomy":"page-template","embeddable":true,"href":"https:\/\/denpanels.com\/fr\/wp-json\/wp\/v2\/page-template?post=28124"}],"curies":[{"name":"wp","href":"https:\/\/api.w.org\/{rel}","templated":true}]}}