{"id":28116,"date":"2024-11-28T10:50:59","date_gmt":"2024-11-28T09:50:59","guid":{"rendered":"https:\/\/denpanels.com\/panels\/accessoires\/hooks-brackets\/"},"modified":"2025-04-15T14:11:51","modified_gmt":"2025-04-15T12:11:51","slug":"crochets-supports","status":"publish","type":"page","link":"https:\/\/denpanels.com\/fr\/panels\/accessoires\/crochets-supports\/","title":{"rendered":"Crochets &#038; Supports"},"content":{"rendered":"","protected":false},"excerpt":{"rendered":"","protected":false},"author":1,"featured_media":0,"parent":27825,"menu_order":0,"comment_status":"closed","ping_status":"closed","template":"","meta":{"_acf_changed":false,"footnotes":""},"page-section":[524,525,529,526],"page-template":[370],"class_list":["post-28116","page","type-page","status-publish","hentry","page-section-datasheet","page-section-hero","page-section-highlighted-inspiration","page-section-product-category","page-template-product-sub-category"],"acf":{"product_category-selected":431,"product_category-headline_p1":"Sublimez vos panneaux acoustiques","product_category-headline_p2":"avec une fonctionnalit\u00e9 intelligente et \u00e9l\u00e9gante","product_category-introduction":"Chez Denpanels, nous facilitons la combinaison du design et de la praticit\u00e9 avec nos crochets et supports innovants, transformant vos panneaux acoustiques en solutions de rangement fonctionnelles.\r\n\r\n- Intelligent et \u00e9l\u00e9gant \u2013 int\u00e9grez harmonieusement le rangement \u00e0 votre design de panneau.\r\n- Installation facile \u2013 compatible avec des configurations de panneaux horizontaux et verticaux.\r\n- Solide et s\u00e9curis\u00e9 \u2013 supporte jusqu'\u00e0 5 kg \/ 11 lbs par crochet.\r\n\r\nUtilisez nos crochets pour accrocher des vestes, sacs et cl\u00e9s, ou personnalisez avec des supports pour des \u00e9tag\u00e8res, poign\u00e9es ou crochets suppl\u00e9mentaires qui correspondent \u00e0 votre style.\r\n\r\nL'installation est rapide et intuitive :\r\n- Panneaux horizontaux : fixez fermement le support derri\u00e8re la latte pour un ajustement stable et discret.\r\n- Panneaux verticaux : attachez le montage vertical (vendu s\u00e9par\u00e9ment) au feutre, puis verrouillez le support en place pour un positionnement flexible.\r\n\r\nAvec nos crochets et supports, vos panneaux acoustiques deviennent plus qu'un simple \u00e9l\u00e9ment de design \u2013 ils deviennent une partie organis\u00e9e et \u00e9l\u00e9gante de votre espace.\r\n\r\nChaque pack contient 2 pi\u00e8ces.","product_category-highlighted_media":28120,"product_category-cta":{"product_category_cta":null},"comparrison_image":null,"product_category-some_of_our_combinations":27539,"hero-media":[28119],"hero-h1":"Crochets & Supports","hero-sub_header":""},"_links":{"self":[{"href":"https:\/\/denpanels.com\/fr\/wp-json\/wp\/v2\/pages\/28116","targetHints":{"allow":["GET"]}}],"collection":[{"href":"https:\/\/denpanels.com\/fr\/wp-json\/wp\/v2\/pages"}],"about":[{"href":"https:\/\/denpanels.com\/fr\/wp-json\/wp\/v2\/types\/page"}],"author":[{"embeddable":true,"href":"https:\/\/denpanels.com\/fr\/wp-json\/wp\/v2\/users\/1"}],"replies":[{"embeddable":true,"href":"https:\/\/denpanels.com\/fr\/wp-json\/wp\/v2\/comments?post=28116"}],"version-history":[{"count":4,"href":"https:\/\/denpanels.com\/fr\/wp-json\/wp\/v2\/pages\/28116\/revisions"}],"predecessor-version":[{"id":28123,"href":"https:\/\/denpanels.com\/fr\/wp-json\/wp\/v2\/pages\/28116\/revisions\/28123"}],"up":[{"embeddable":true,"href":"https:\/\/denpanels.com\/fr\/wp-json\/wp\/v2\/pages\/27825"}],"acf:attachment":[{"embeddable":true,"href":"https:\/\/denpanels.com\/fr\/wp-json\/wp\/v2\/media\/28119"}],"acf:post":[{"embeddable":true,"href":"https:\/\/denpanels.com\/fr\/wp-json\/wp\/v2\/translation\/27539"}],"acf:term":[{"embeddable":true,"taxonomy":"product-category","href":"https:\/\/denpanels.com\/fr\/wp-json\/wp\/v2\/product-category\/431"}],"wp:attachment":[{"href":"https:\/\/denpanels.com\/fr\/wp-json\/wp\/v2\/media?parent=28116"}],"wp:term":[{"taxonomy":"page-section","embeddable":true,"href":"https:\/\/denpanels.com\/fr\/wp-json\/wp\/v2\/page-section?post=28116"},{"taxonomy":"page-template","embeddable":true,"href":"https:\/\/denpanels.com\/fr\/wp-json\/wp\/v2\/page-template?post=28116"}],"curies":[{"name":"wp","href":"https:\/\/api.w.org\/{rel}","templated":true}]}}