{"id":28108,"date":"2025-01-09T12:08:22","date_gmt":"2025-01-09T11:08:22","guid":{"rendered":"https:\/\/denpanels.com\/panels\/accessoires\/frames\/"},"modified":"2026-02-12T10:23:12","modified_gmt":"2026-02-12T09:23:12","slug":"frames","status":"publish","type":"page","link":"https:\/\/denpanels.com\/fr\/panels\/accessoires\/frames\/","title":{"rendered":"Frames"},"content":{"rendered":"","protected":false},"excerpt":{"rendered":"","protected":false},"author":3,"featured_media":0,"parent":27825,"menu_order":0,"comment_status":"closed","ping_status":"closed","template":"","meta":{"_acf_changed":false,"footnotes":""},"page-section":[524,525,529,528,526],"page-template":[370],"class_list":["post-28108","page","type-page","status-publish","hentry","page-section-datasheet","page-section-hero","page-section-highlighted-inspiration","page-section-megamenu","page-section-product-category","page-template-product-sub-category"],"acf":{"product_category-selected":445,"product_category-headline_p1":"L'ajustement parfait","product_category-headline_p2":"pour une finition impeccable","product_category-introduction":"Vous recherchez une solution propre et professionnelle pour int\u00e9grer des prises \u00e9lectriques dans vos panneaux acoustiques ?\r\n\r\nLes cadres Denpanels ont \u00e9t\u00e9 con\u00e7us pour offrir une solution pr\u00e9cise et homog\u00e8ne qui pr\u00e9serve \u00e0 la fois l'esth\u00e9tique et les performances acoustiques de vos panneaux. Parfaitement adapt\u00e9s \u00e0 vos panneaux en bois, chaque cadre est fabriqu\u00e9 \u00e0 partir de panneaux MDF recouverts d'un placage en bois v\u00e9ritable assorti \u00e0 vos panneaux Denpanels, garantissant ainsi un aspect harmonieux et coh\u00e9rent.\r\n\r\nLes cadres sont d\u00e9coup\u00e9s sur mesure pour s'adapter \u00e0 votre installation \u00e9lectrique sp\u00e9cifique, permettant ainsi aux \u00e9l\u00e9ments techniques de s'int\u00e9grer naturellement et avec raffinement dans le design global. En encadrant soigneusement la prise dans la surface du panneau, vous obtenez une finition propre et coh\u00e9rente sans compromettre l'esth\u00e9tique \u00e9l\u00e9gante ou les propri\u00e9t\u00e9s d'absorption acoustique du panneau.\r\n\r\nFabriqu\u00e9s avec pr\u00e9cision et inspir\u00e9s du design danois de haute qualit\u00e9, les cadres allient souci du d\u00e9tail, fonctionnalit\u00e9 et coh\u00e9rence visuelle. Le r\u00e9sultat est une finition bien pens\u00e9e qui met en valeur l'espace : \u00e9l\u00e9gante, int\u00e9gr\u00e9e et enti\u00e8rement fonctionnelle.","product_category-highlighted_media":29447,"product_category-cta":{"product_category_cta":null},"comparrison_image":29438,"product_category-some_of_our_combinations":27539,"hero-media":[28110],"hero-h1":"Frames","hero-sub_header":""},"_links":{"self":[{"href":"https:\/\/denpanels.com\/fr\/wp-json\/wp\/v2\/pages\/28108","targetHints":{"allow":["GET"]}}],"collection":[{"href":"https:\/\/denpanels.com\/fr\/wp-json\/wp\/v2\/pages"}],"about":[{"href":"https:\/\/denpanels.com\/fr\/wp-json\/wp\/v2\/types\/page"}],"author":[{"embeddable":true,"href":"https:\/\/denpanels.com\/fr\/wp-json\/wp\/v2\/users\/3"}],"replies":[{"embeddable":true,"href":"https:\/\/denpanels.com\/fr\/wp-json\/wp\/v2\/comments?post=28108"}],"version-history":[{"count":2,"href":"https:\/\/denpanels.com\/fr\/wp-json\/wp\/v2\/pages\/28108\/revisions"}],"predecessor-version":[{"id":31021,"href":"https:\/\/denpanels.com\/fr\/wp-json\/wp\/v2\/pages\/28108\/revisions\/31021"}],"up":[{"embeddable":true,"href":"https:\/\/denpanels.com\/fr\/wp-json\/wp\/v2\/pages\/27825"}],"acf:attachment":[{"embeddable":true,"href":"https:\/\/denpanels.com\/fr\/wp-json\/wp\/v2\/media\/28110"}],"acf:post":[{"embeddable":true,"href":"https:\/\/denpanels.com\/fr\/wp-json\/wp\/v2\/translation\/27539"}],"acf:term":[{"embeddable":true,"taxonomy":"product-category","href":"https:\/\/denpanels.com\/fr\/wp-json\/wp\/v2\/product-category\/445"}],"wp:attachment":[{"href":"https:\/\/denpanels.com\/fr\/wp-json\/wp\/v2\/media?parent=28108"}],"wp:term":[{"taxonomy":"page-section","embeddable":true,"href":"https:\/\/denpanels.com\/fr\/wp-json\/wp\/v2\/page-section?post=28108"},{"taxonomy":"page-template","embeddable":true,"href":"https:\/\/denpanels.com\/fr\/wp-json\/wp\/v2\/page-template?post=28108"}],"curies":[{"name":"wp","href":"https:\/\/api.w.org\/{rel}","templated":true}]}}