{"id":28099,"date":"2025-01-09T12:14:33","date_gmt":"2025-01-09T11:14:33","guid":{"rendered":"https:\/\/denpanels.com\/panels\/accessoires\/oils\/"},"modified":"2025-04-15T13:57:47","modified_gmt":"2025-04-15T11:57:47","slug":"huiles","status":"publish","type":"page","link":"https:\/\/denpanels.com\/fr\/panels\/accessoires\/huiles\/","title":{"rendered":"Huiles"},"content":{"rendered":"","protected":false},"excerpt":{"rendered":"","protected":false},"author":3,"featured_media":0,"parent":27825,"menu_order":0,"comment_status":"closed","ping_status":"closed","template":"","meta":{"_acf_changed":false,"footnotes":""},"page-section":[525,529,528,526],"page-template":[370],"class_list":["post-28099","page","type-page","status-publish","hentry","page-section-hero","page-section-highlighted-inspiration","page-section-megamenu","page-section-product-category","page-template-product-sub-category"],"acf":{"product_category-selected":377,"product_category-headline_p1":"Prot\u00e9ger, Sublimer &","product_category-headline_p2":"Personnalisez vos panneaux en bois","product_category-introduction":"Chez Denpanels, nous vous aidons \u00e0 prolonger la durabilit\u00e9, \u00e0 sublimer la beaut\u00e9 naturelle et \u00e0 personnaliser vos panneaux avec nos huiles d'entretien de haute qualit\u00e9.\r\n\r\n<strong>Revitalise & prot\u00e8ge<\/strong> \u2013 nourrit le bois et offre une finition durable.  \r\n<strong>Sublime la texture<\/strong> \u2013 met en valeur le grain naturel pour un look raffin\u00e9.  \r\n<strong>Personnalisable<\/strong> \u2013 disponible en cinq couleurs \u00e9l\u00e9gantes pour s\u2019adapter \u00e0 votre style.\r\n\r\nChaque flacon de 500 ml est facile \u00e0 appliquer \u2013 suivez simplement les instructions pour de meilleurs r\u00e9sultats.\r\n\r\nPr\u00e9servez. Sublimez. Personnalisez.","product_category-highlighted_media":28103,"product_category-cta":{"product_category_cta":null},"comparrison_image":null,"product_category-some_of_our_combinations":27539,"hero-media":[28100],"hero-h1":"Huiles","hero-sub_header":""},"_links":{"self":[{"href":"https:\/\/denpanels.com\/fr\/wp-json\/wp\/v2\/pages\/28099","targetHints":{"allow":["GET"]}}],"collection":[{"href":"https:\/\/denpanels.com\/fr\/wp-json\/wp\/v2\/pages"}],"about":[{"href":"https:\/\/denpanels.com\/fr\/wp-json\/wp\/v2\/types\/page"}],"author":[{"embeddable":true,"href":"https:\/\/denpanels.com\/fr\/wp-json\/wp\/v2\/users\/3"}],"replies":[{"embeddable":true,"href":"https:\/\/denpanels.com\/fr\/wp-json\/wp\/v2\/comments?post=28099"}],"version-history":[{"count":3,"href":"https:\/\/denpanels.com\/fr\/wp-json\/wp\/v2\/pages\/28099\/revisions"}],"predecessor-version":[{"id":28105,"href":"https:\/\/denpanels.com\/fr\/wp-json\/wp\/v2\/pages\/28099\/revisions\/28105"}],"up":[{"embeddable":true,"href":"https:\/\/denpanels.com\/fr\/wp-json\/wp\/v2\/pages\/27825"}],"acf:attachment":[{"embeddable":true,"href":"https:\/\/denpanels.com\/fr\/wp-json\/wp\/v2\/media\/28100"}],"acf:post":[{"embeddable":true,"href":"https:\/\/denpanels.com\/fr\/wp-json\/wp\/v2\/translation\/27539"}],"acf:term":[{"embeddable":true,"taxonomy":"product-category","href":"https:\/\/denpanels.com\/fr\/wp-json\/wp\/v2\/product-category\/377"}],"wp:attachment":[{"href":"https:\/\/denpanels.com\/fr\/wp-json\/wp\/v2\/media?parent=28099"}],"wp:term":[{"taxonomy":"page-section","embeddable":true,"href":"https:\/\/denpanels.com\/fr\/wp-json\/wp\/v2\/page-section?post=28099"},{"taxonomy":"page-template","embeddable":true,"href":"https:\/\/denpanels.com\/fr\/wp-json\/wp\/v2\/page-template?post=28099"}],"curies":[{"name":"wp","href":"https:\/\/api.w.org\/{rel}","templated":true}]}}