{"id":28008,"date":"2025-01-09T12:11:21","date_gmt":"2025-01-09T11:11:21","guid":{"rendered":"https:\/\/denpanels.com\/panels\/accessoires\/finishing-slats\/"},"modified":"2025-04-15T13:52:36","modified_gmt":"2025-04-15T11:52:36","slug":"lattes-de-finition","status":"publish","type":"page","link":"https:\/\/denpanels.com\/fr\/panels\/accessoires\/lattes-de-finition\/","title":{"rendered":"Lattes De Finition"},"content":{"rendered":"","protected":false},"excerpt":{"rendered":"","protected":false},"author":3,"featured_media":0,"parent":27825,"menu_order":0,"comment_status":"closed","ping_status":"closed","template":"","meta":{"_acf_changed":false,"footnotes":""},"page-section":[536,524,525,528,526],"page-template":[497],"class_list":["post-28008","page","type-page","status-publish","hentry","page-section-content-blocks","page-section-datasheet","page-section-hero","page-section-megamenu","page-section-product-category","page-template-category-finishing-slates"],"acf":{"finishing_slats-sub_categories_copy":[513,518],"product_category-selected":454,"product_category-headline_p1":"Lattes De Finition :","product_category-headline_p2":"La touche finale parfaite","product_category-introduction":"Chez Denpanels, nous proposons des lattes de finition pour une finition en bois homog\u00e8ne et coh\u00e9rente lors de l'installation de vos panneaux acoustiques. Tandis que certains pr\u00e9f\u00e8rent des bords noirs, d'autres optent pour un aspect bois naturel \u2013 et c'est l\u00e0 que nos lattes de finition interviennent !\r\n\r\n<strong>S\u2019harmonise avec vos panneaux<\/strong> \u2013 fabriqu\u00e9es \u00e0 partir de MDF teint\u00e9 dans la masse avec un v\u00e9ritable placage bois.  \r\n<strong>Installation facile<\/strong> \u2013 appliquez simplement avec de la colle de montage.  \r\n<strong>Tailles personnalis\u00e9es<\/strong> \u2013 disponibles en diff\u00e9rentes longueurs et largeurs allant jusqu'\u00e0 3000 mm.\r\n\r\nChoisir la bonne taille :  \r\n- Latte de 27 mm \u2013 pour les panneaux mont\u00e9s directement sur le mur.  \r\n- Latte de 62 mm \u2013 pour les panneaux mont\u00e9s sur des lisses.\r\n\r\nAvec les lattes de finition, vous obtenez un effet bois massif et un look magnifique et poli pour votre projet Denpanels.\r\n\r\nDesign homog\u00e8ne. Installation simple. R\u00e9sultats impressionnants.","product_category-highlighted_media":28011,"product_category-cta":{"product_category_cta":null},"comparrison_image":null,"product_category-some_of_our_combinations":27539,"hero-media":[28012],"hero-h1":"Lattes De Finition","hero-sub_header":""},"_links":{"self":[{"href":"https:\/\/denpanels.com\/fr\/wp-json\/wp\/v2\/pages\/28008","targetHints":{"allow":["GET"]}}],"collection":[{"href":"https:\/\/denpanels.com\/fr\/wp-json\/wp\/v2\/pages"}],"about":[{"href":"https:\/\/denpanels.com\/fr\/wp-json\/wp\/v2\/types\/page"}],"author":[{"embeddable":true,"href":"https:\/\/denpanels.com\/fr\/wp-json\/wp\/v2\/users\/3"}],"replies":[{"embeddable":true,"href":"https:\/\/denpanels.com\/fr\/wp-json\/wp\/v2\/comments?post=28008"}],"version-history":[{"count":4,"href":"https:\/\/denpanels.com\/fr\/wp-json\/wp\/v2\/pages\/28008\/revisions"}],"predecessor-version":[{"id":28098,"href":"https:\/\/denpanels.com\/fr\/wp-json\/wp\/v2\/pages\/28008\/revisions\/28098"}],"up":[{"embeddable":true,"href":"https:\/\/denpanels.com\/fr\/wp-json\/wp\/v2\/pages\/27825"}],"acf:attachment":[{"embeddable":true,"href":"https:\/\/denpanels.com\/fr\/wp-json\/wp\/v2\/media\/28012"}],"acf:post":[{"embeddable":true,"href":"https:\/\/denpanels.com\/fr\/wp-json\/wp\/v2\/translation\/27539"}],"acf:term":[{"embeddable":true,"taxonomy":"product-category","href":"https:\/\/denpanels.com\/fr\/wp-json\/wp\/v2\/product-category\/454"},{"embeddable":true,"taxonomy":"product-category","href":"https:\/\/denpanels.com\/fr\/wp-json\/wp\/v2\/product-category\/518"},{"embeddable":true,"taxonomy":"product-category","href":"https:\/\/denpanels.com\/fr\/wp-json\/wp\/v2\/product-category\/513"}],"wp:attachment":[{"href":"https:\/\/denpanels.com\/fr\/wp-json\/wp\/v2\/media?parent=28008"}],"wp:term":[{"taxonomy":"page-section","embeddable":true,"href":"https:\/\/denpanels.com\/fr\/wp-json\/wp\/v2\/page-section?post=28008"},{"taxonomy":"page-template","embeddable":true,"href":"https:\/\/denpanels.com\/fr\/wp-json\/wp\/v2\/page-template?post=28008"}],"curies":[{"name":"wp","href":"https:\/\/api.w.org\/{rel}","templated":true}]}}