{"id":28002,"date":"2024-07-15T10:28:54","date_gmt":"2024-07-15T08:28:54","guid":{"rendered":"https:\/\/denpanels.com\/panels\/panneaux-de-design\/sticks\/"},"modified":"2025-04-11T09:12:08","modified_gmt":"2025-04-11T07:12:08","slug":"sticks","status":"publish","type":"page","link":"https:\/\/denpanels.com\/fr\/panels\/panneaux-de-design\/sticks\/","title":{"rendered":"Sticks"},"content":{"rendered":"","protected":false},"excerpt":{"rendered":"","protected":false},"author":3,"featured_media":0,"parent":27799,"menu_order":4,"comment_status":"closed","ping_status":"closed","template":"","meta":{"_acf_changed":false,"footnotes":""},"page-section":[525,528,526],"page-template":[493],"class_list":["post-28002","page","type-page","status-publish","hentry","page-section-hero","page-section-megamenu","page-section-product-category","page-template-category-sticks"],"acf":{"product_category-selected":338,"product_category-headline_p1":"Denpanels Sticks:","product_category-headline_p2":"Style sans effort & Cr\u00e9ativit\u00e9 infinie","product_category-introduction":"Chez Denpanels, nous vous proposons Sticks \u2013 une mani\u00e8re polyvalente et \u00e9l\u00e9gante de personnaliser vos murs et plafonds en toute simplicit\u00e9. Avec une vari\u00e9t\u00e9 de textures, de couleurs et de finitions, votre cr\u00e9ativit\u00e9 est la seule limite.\r\n\r\n<strong>Design raffin\u00e9<\/strong> \u2013 disponible en placage bois, linol\u00e9um, stratifi\u00e9 et film.  \r\n<strong>Qualit\u00e9 premium<\/strong> \u2013 fabriqu\u00e9 \u00e0 partir de MDF de 9 mm r\u00e9pondant aux normes environnementales Carb2 & AgBB.  \r\n<strong>Installation sans tracas<\/strong> \u2013 dos auto-adh\u00e9sif pour un montage rapide et facile.\r\n\r\nQue vous pr\u00e9f\u00e9riez l\u2019\u00e9l\u00e9gance du linol\u00e9um, la chaleur du bois ou l'aspect \u00e9pur\u00e9 du stratifi\u00e9, **Sticks** offre un m\u00e9lange homog\u00e8ne d'esth\u00e9tique et de praticit\u00e9 pour tout int\u00e9rieur \u2013 du minimalisme moderne \u00e0 la tradition intemporelle.\r\n\r\nInstallation simple. R\u00e9sultats impressionnants. Possibilit\u00e9s illimit\u00e9es.","product_category-highlighted_media":28006,"product_category-cta":{"product_category_cta":null},"comparrison_image":null,"product_category-some_of_our_combinations":27539,"hero-media":[28005],"hero-h1":"Sticks","hero-sub_header":""},"_links":{"self":[{"href":"https:\/\/denpanels.com\/fr\/wp-json\/wp\/v2\/pages\/28002","targetHints":{"allow":["GET"]}}],"collection":[{"href":"https:\/\/denpanels.com\/fr\/wp-json\/wp\/v2\/pages"}],"about":[{"href":"https:\/\/denpanels.com\/fr\/wp-json\/wp\/v2\/types\/page"}],"author":[{"embeddable":true,"href":"https:\/\/denpanels.com\/fr\/wp-json\/wp\/v2\/users\/3"}],"replies":[{"embeddable":true,"href":"https:\/\/denpanels.com\/fr\/wp-json\/wp\/v2\/comments?post=28002"}],"version-history":[{"count":1,"href":"https:\/\/denpanels.com\/fr\/wp-json\/wp\/v2\/pages\/28002\/revisions"}],"predecessor-version":[{"id":28007,"href":"https:\/\/denpanels.com\/fr\/wp-json\/wp\/v2\/pages\/28002\/revisions\/28007"}],"up":[{"embeddable":true,"href":"https:\/\/denpanels.com\/fr\/wp-json\/wp\/v2\/pages\/27799"}],"acf:attachment":[{"embeddable":true,"href":"https:\/\/denpanels.com\/fr\/wp-json\/wp\/v2\/media\/28005"}],"acf:post":[{"embeddable":true,"href":"https:\/\/denpanels.com\/fr\/wp-json\/wp\/v2\/translation\/27539"}],"acf:term":[{"embeddable":true,"taxonomy":"product-category","href":"https:\/\/denpanels.com\/fr\/wp-json\/wp\/v2\/product-category\/338"}],"wp:attachment":[{"href":"https:\/\/denpanels.com\/fr\/wp-json\/wp\/v2\/media?parent=28002"}],"wp:term":[{"taxonomy":"page-section","embeddable":true,"href":"https:\/\/denpanels.com\/fr\/wp-json\/wp\/v2\/page-section?post=28002"},{"taxonomy":"page-template","embeddable":true,"href":"https:\/\/denpanels.com\/fr\/wp-json\/wp\/v2\/page-template?post=28002"}],"curies":[{"name":"wp","href":"https:\/\/api.w.org\/{rel}","templated":true}]}}