{"id":27986,"date":"2024-07-10T13:55:56","date_gmt":"2024-07-10T11:55:56","guid":{"rendered":"https:\/\/denpanels.com\/panels\/panneaux-de-design\/wall-tiles-system\/"},"modified":"2025-04-11T09:09:27","modified_gmt":"2025-04-11T07:09:27","slug":"wall-tiles-system","status":"publish","type":"page","link":"https:\/\/denpanels.com\/fr\/panels\/panneaux-de-design\/wall-tiles-system\/","title":{"rendered":"Wall tiles"},"content":{"rendered":"","protected":false},"excerpt":{"rendered":"","protected":false},"author":1,"featured_media":0,"parent":27799,"menu_order":3,"comment_status":"closed","ping_status":"closed","template":"","meta":{"_acf_changed":false,"footnotes":""},"page-section":[524,525,528,526],"page-template":[496],"class_list":["post-27986","page","type-page","status-publish","hentry","page-section-datasheet","page-section-hero","page-section-megamenu","page-section-product-category","page-template-category-wall-tiles"],"acf":{"product_category-selected":275,"product_category-headline_p1":"Denpanels Wall Tiles: ","product_category-headline_p2":"L\u00e0 o\u00f9 la tradition rencontre la cr\u00e9ativit\u00e9","product_category-introduction":"Chez Denpanels, nous vous proposons le Wall Tiles System \u2013 une fusion de design classique et de cr\u00e9ativit\u00e9 moderne, id\u00e9ale pour transformer n'importe quel espace.\r\n\r\n<strong>S\u00e9lection polyvalente<\/strong> \u2013 disponible en placage, hexagones, losanges, linol\u00e9um et feutre.  \r\n<strong>Personnalisation infinie<\/strong> \u2013 m\u00e9langez et assortissez les textures pour un effet unique et tridimensionnel.  \r\n<strong>Styl\u00e9, pas seulement acoustique<\/strong> \u2013 con\u00e7u pour son attrait visuel plut\u00f4t que pour l'absorption du son.\r\n\r\n<strong>Inspir\u00e9 par la g\u00e9om\u00e9trie de la nature<\/strong>  \r\nInspirez-vous de l'\u00e9l\u00e9gance naturelle des hexagones avec nos Hexagons Wall Tiles modulaires en MDF. Disponibles en diverses surfaces et couleurs, elles vous permettent de cr\u00e9er des motifs personnalis\u00e9s qui refl\u00e8tent votre style \u2013 qu'il soit audacieux et dramatique ou subtil et raffin\u00e9.\r\n\r\nParfait pour les maisons, les bureaux et les espaces cr\u00e9atifs, les Wall Tiles Denpanels offrent une mani\u00e8re simple d'ajouter de la profondeur, du caract\u00e8re et de la flexibilit\u00e9 \u00e0 tout int\u00e9rieur.\r\n\r\nDesign innovant. Cr\u00e9ativit\u00e9 sans limites. Transformation sans effort.","product_category-highlighted_media":27999,"product_category-cta":{"product_category_cta":null},"comparrison_image":null,"product_category-some_of_our_combinations":27539,"hero-media":[27998],"hero-h1":"Wall Tiles System","hero-sub_header":""},"_links":{"self":[{"href":"https:\/\/denpanels.com\/fr\/wp-json\/wp\/v2\/pages\/27986","targetHints":{"allow":["GET"]}}],"collection":[{"href":"https:\/\/denpanels.com\/fr\/wp-json\/wp\/v2\/pages"}],"about":[{"href":"https:\/\/denpanels.com\/fr\/wp-json\/wp\/v2\/types\/page"}],"author":[{"embeddable":true,"href":"https:\/\/denpanels.com\/fr\/wp-json\/wp\/v2\/users\/1"}],"replies":[{"embeddable":true,"href":"https:\/\/denpanels.com\/fr\/wp-json\/wp\/v2\/comments?post=27986"}],"version-history":[{"count":1,"href":"https:\/\/denpanels.com\/fr\/wp-json\/wp\/v2\/pages\/27986\/revisions"}],"predecessor-version":[{"id":28001,"href":"https:\/\/denpanels.com\/fr\/wp-json\/wp\/v2\/pages\/27986\/revisions\/28001"}],"up":[{"embeddable":true,"href":"https:\/\/denpanels.com\/fr\/wp-json\/wp\/v2\/pages\/27799"}],"acf:attachment":[{"embeddable":true,"href":"https:\/\/denpanels.com\/fr\/wp-json\/wp\/v2\/media\/27998"}],"acf:post":[{"embeddable":true,"href":"https:\/\/denpanels.com\/fr\/wp-json\/wp\/v2\/translation\/27539"}],"acf:term":[{"embeddable":true,"taxonomy":"product-category","href":"https:\/\/denpanels.com\/fr\/wp-json\/wp\/v2\/product-category\/275"}],"wp:attachment":[{"href":"https:\/\/denpanels.com\/fr\/wp-json\/wp\/v2\/media?parent=27986"}],"wp:term":[{"taxonomy":"page-section","embeddable":true,"href":"https:\/\/denpanels.com\/fr\/wp-json\/wp\/v2\/page-section?post=27986"},{"taxonomy":"page-template","embeddable":true,"href":"https:\/\/denpanels.com\/fr\/wp-json\/wp\/v2\/page-template?post=27986"}],"curies":[{"name":"wp","href":"https:\/\/api.w.org\/{rel}","templated":true}]}}