{"id":27962,"date":"2024-07-15T10:05:41","date_gmt":"2024-07-15T08:05:41","guid":{"rendered":"https:\/\/denpanels.com\/panels\/panneaux-de-design\/acoustic-design\/"},"modified":"2025-04-11T09:04:47","modified_gmt":"2025-04-11T07:04:47","slug":"panneaux-de-design-acoustique","status":"publish","type":"page","link":"https:\/\/denpanels.com\/fr\/panels\/panneaux-de-design\/panneaux-de-design-acoustique\/","title":{"rendered":"Panneaux de Design Acoustique"},"content":{"rendered":"","protected":false},"excerpt":{"rendered":"","protected":false},"author":3,"featured_media":0,"parent":27799,"menu_order":2,"comment_status":"closed","ping_status":"closed","template":"","meta":{"_acf_changed":false,"footnotes":""},"page-section":[524,525,528,526],"page-template":[491],"class_list":["post-27962","page","type-page","status-publish","hentry","page-section-datasheet","page-section-hero","page-section-megamenu","page-section-product-category","page-template-category-acoustic-design-panels"],"acf":{"product_category-selected":324,"product_category-headline_p1":"Lib\u00e9rez la cr\u00e9ativit\u00e9 avec","product_category-headline_p2":"Panneaux de Design Denpanels","product_category-introduction":"Chez Denpanels, nous vous proposons des Panneaux de Design en 60\u00d760 et 60\u00d7120 cm, offrant d'innombrables possibilit\u00e9s pour cr\u00e9er des motifs uniques et des int\u00e9rieurs \u00e9l\u00e9gants.\r\n\r\n<strong>Agencements personnalisables<\/strong> \u2013 disposez-les de diff\u00e9rentes mani\u00e8res pour un look distinctif.  \r\n<strong>Finitions haut de gamme<\/strong> \u2013 con\u00e7us pour allier attrait esth\u00e9tique et avantages acoustiques.\r\n\r\nQue ce soit pour am\u00e9liorer un petit mur d'accent ou concevoir une pi\u00e8ce ma\u00eetresse audacieuse, nos Panneaux de Design polyvalents ajoutent du caract\u00e8re, du style et du confort acoustique \u00e0 n'importe quel espace.\r\n\r\nDesign danois. Cr\u00e9ativit\u00e9 sans fin. Qualit\u00e9 durable.","product_category-highlighted_media":19566,"product_category-cta":{"product_category_cta":null},"comparrison_image":null,"product_category-some_of_our_combinations":27539,"hero-media":[27983],"hero-h1":"Panneaux de Design Acoustique","hero-sub_header":""},"_links":{"self":[{"href":"https:\/\/denpanels.com\/fr\/wp-json\/wp\/v2\/pages\/27962","targetHints":{"allow":["GET"]}}],"collection":[{"href":"https:\/\/denpanels.com\/fr\/wp-json\/wp\/v2\/pages"}],"about":[{"href":"https:\/\/denpanels.com\/fr\/wp-json\/wp\/v2\/types\/page"}],"author":[{"embeddable":true,"href":"https:\/\/denpanels.com\/fr\/wp-json\/wp\/v2\/users\/3"}],"replies":[{"embeddable":true,"href":"https:\/\/denpanels.com\/fr\/wp-json\/wp\/v2\/comments?post=27962"}],"version-history":[{"count":3,"href":"https:\/\/denpanels.com\/fr\/wp-json\/wp\/v2\/pages\/27962\/revisions"}],"predecessor-version":[{"id":27985,"href":"https:\/\/denpanels.com\/fr\/wp-json\/wp\/v2\/pages\/27962\/revisions\/27985"}],"up":[{"embeddable":true,"href":"https:\/\/denpanels.com\/fr\/wp-json\/wp\/v2\/pages\/27799"}],"acf:attachment":[{"embeddable":true,"href":"https:\/\/denpanels.com\/fr\/wp-json\/wp\/v2\/media\/27983"}],"acf:post":[{"embeddable":true,"href":"https:\/\/denpanels.com\/fr\/wp-json\/wp\/v2\/translation\/27539"}],"acf:term":[{"embeddable":true,"taxonomy":"product-category","href":"https:\/\/denpanels.com\/fr\/wp-json\/wp\/v2\/product-category\/324"}],"wp:attachment":[{"href":"https:\/\/denpanels.com\/fr\/wp-json\/wp\/v2\/media?parent=27962"}],"wp:term":[{"taxonomy":"page-section","embeddable":true,"href":"https:\/\/denpanels.com\/fr\/wp-json\/wp\/v2\/page-section?post=27962"},{"taxonomy":"page-template","embeddable":true,"href":"https:\/\/denpanels.com\/fr\/wp-json\/wp\/v2\/page-template?post=27962"}],"curies":[{"name":"wp","href":"https:\/\/api.w.org\/{rel}","templated":true}]}}