{"id":27949,"date":"2024-07-15T10:19:12","date_gmt":"2024-07-15T08:19:12","guid":{"rendered":"https:\/\/denpanels.com\/panels\/panneaux-de-design\/clear\/"},"modified":"2025-04-11T09:01:57","modified_gmt":"2025-04-11T07:01:57","slug":"panneaux-clear","status":"publish","type":"page","link":"https:\/\/denpanels.com\/fr\/panels\/panneaux-de-design\/panneaux-clear\/","title":{"rendered":"Panneaux Clear"},"content":{"rendered":"","protected":false},"excerpt":{"rendered":"","protected":false},"author":3,"featured_media":0,"parent":27799,"menu_order":1,"comment_status":"closed","ping_status":"closed","template":"","meta":{"_acf_changed":false,"footnotes":""},"page-section":[524,525,528,526],"page-template":[495],"class_list":["post-27949","page","type-page","status-publish","hentry","page-section-datasheet","page-section-hero","page-section-megamenu","page-section-product-category","page-template-category-clear-panels"],"acf":{"product_category-selected":331,"product_category-headline_p1":"Panneaux Clear","product_category-headline_p2":"\u2013 \u00c9l\u00e9gance Naturelle","product_category-introduction":"Vous aimez l'aspect du bois v\u00e9ritable dans votre int\u00e9rieur ? Les Panneaux Clear de Denpanels vous permettent de cr\u00e9er une atmosph\u00e8re moderne et \u00e9l\u00e9gante tout en ajoutant chaleur et beaut\u00e9 naturelle \u00e0 n'importe quel espace \u2014 que ce soit votre salon, votre cuisine ou votre bureau.\r\n\r\n<ul>\r\n    <li><strong>Design raffin\u00e9<\/strong> \u2013 noyau en MDF solide avec placage bois v\u00e9ritable pour une finition premium.<\/li>\r\n    <li><strong>Options personnalisables<\/strong> \u2013 disponibles en ch\u00eane, noyer am\u00e9ricain et ch\u00eane fum\u00e9, avec un noyau MDF noir ou brun.<\/li>\r\n    <li><strong>Int\u00e9gration homog\u00e8ne<\/strong> \u2013 con\u00e7u pour compl\u00e9ter nos panneaux acoustiques tout en maintenant un aspect uniforme.<\/li>\r\n    <li><strong>Installation et entretien faciles<\/strong> \u2013 montage rapide avec peu d'outils et nettoyage simple avec un chiffon humide.<\/li>\r\n<\/ul>\r\n\r\nVous souhaitez am\u00e9liorer l'apparence et la long\u00e9vit\u00e9 de vos Panneaux Clear ? Appliquez un traitement \u00e0 l'huile naturelle pour pr\u00e9server et enrichir la texture unique du bois pendant des ann\u00e9es.\r\n\r\n<i>\u00c9l\u00e9gance sans effort. Design personnalisable. Qualit\u00e9 intemporelle.<\/i>","product_category-highlighted_media":27959,"product_category-cta":{"product_category_cta":null},"comparrison_image":null,"product_category-some_of_our_combinations":27539,"hero-media":[27950],"hero-h1":"Panneaux Clear","hero-sub_header":""},"_links":{"self":[{"href":"https:\/\/denpanels.com\/fr\/wp-json\/wp\/v2\/pages\/27949","targetHints":{"allow":["GET"]}}],"collection":[{"href":"https:\/\/denpanels.com\/fr\/wp-json\/wp\/v2\/pages"}],"about":[{"href":"https:\/\/denpanels.com\/fr\/wp-json\/wp\/v2\/types\/page"}],"author":[{"embeddable":true,"href":"https:\/\/denpanels.com\/fr\/wp-json\/wp\/v2\/users\/3"}],"replies":[{"embeddable":true,"href":"https:\/\/denpanels.com\/fr\/wp-json\/wp\/v2\/comments?post=27949"}],"version-history":[{"count":3,"href":"https:\/\/denpanels.com\/fr\/wp-json\/wp\/v2\/pages\/27949\/revisions"}],"predecessor-version":[{"id":27961,"href":"https:\/\/denpanels.com\/fr\/wp-json\/wp\/v2\/pages\/27949\/revisions\/27961"}],"up":[{"embeddable":true,"href":"https:\/\/denpanels.com\/fr\/wp-json\/wp\/v2\/pages\/27799"}],"acf:attachment":[{"embeddable":true,"href":"https:\/\/denpanels.com\/fr\/wp-json\/wp\/v2\/media\/27950"}],"acf:post":[{"embeddable":true,"href":"https:\/\/denpanels.com\/fr\/wp-json\/wp\/v2\/translation\/27539"}],"acf:term":[{"embeddable":true,"taxonomy":"product-category","href":"https:\/\/denpanels.com\/fr\/wp-json\/wp\/v2\/product-category\/331"}],"wp:attachment":[{"href":"https:\/\/denpanels.com\/fr\/wp-json\/wp\/v2\/media?parent=27949"}],"wp:term":[{"taxonomy":"page-section","embeddable":true,"href":"https:\/\/denpanels.com\/fr\/wp-json\/wp\/v2\/page-section?post=27949"},{"taxonomy":"page-template","embeddable":true,"href":"https:\/\/denpanels.com\/fr\/wp-json\/wp\/v2\/page-template?post=27949"}],"curies":[{"name":"wp","href":"https:\/\/api.w.org\/{rel}","templated":true}]}}