{"id":27893,"date":"2024-06-06T13:48:46","date_gmt":"2024-06-06T11:48:46","guid":{"rendered":"https:\/\/denpanels.com\/stone\/"},"modified":"2025-07-31T13:48:37","modified_gmt":"2025-07-31T11:48:37","slug":"panneaux-de-pierre","status":"publish","type":"page","link":"https:\/\/denpanels.com\/fr\/panels\/panneaux-de-pierre\/","title":{"rendered":"Panneaux De Pierre"},"content":{"rendered":"","protected":false},"excerpt":{"rendered":"","protected":false},"author":3,"featured_media":0,"parent":27947,"menu_order":11,"comment_status":"closed","ping_status":"closed","template":"","meta":{"_acf_changed":false,"footnotes":""},"page-section":[535,524,525,528,526,534],"page-template":[542],"class_list":["post-27893","page","type-page","status-publish","hentry","page-section-category-options","page-section-datasheet","page-section-hero","page-section-megamenu","page-section-product-category","page-section-the-panels-construction","page-template-category-stone"],"acf":{"product_category-selected":283,"product_category-headline_p1":"Panneaux Acoustiques en Pierre","product_category-headline_p2":"- \u00c9l\u00e9gance Naturelle & Acoustique Sup\u00e9rieure","product_category-introduction":"<strong>Vous souhaitez apporter la puissance de la nature dans votre espace ? Les panneaux acoustiques en pierre de Denpanels sont recouverts de v\u00e9ritable pierre himalayenne, ajoutant une beaut\u00e9 brute et une \u00e9l\u00e9gance intemporelle \u00e0 n'importe quel int\u00e9rieur. Chaque panneau est unique, portant les textures naturelles et le caract\u00e8re fa\u00e7onn\u00e9s par le temps et les \u00e9l\u00e9ments.<\/strong>\r\n\r\n<ul>\r\n    <li><strong>Surface en pierre himalayenne authentique<\/strong> \u2013 textures riches et variations naturelles.<\/li>\r\n    <li><strong>Fabrication raffin\u00e9e<\/strong> \u2013 placage de pierre ultra-fin mont\u00e9 avec expertise sur du MDF noir.<\/li>\r\n    <li><strong>Design homog\u00e8ne<\/strong> \u2013 con\u00e7u pour s\u2019aligner parfaitement entre deux panneaux pour un rendu coh\u00e9rent.<\/li>\r\n    <li><strong>Absorption sonore exceptionnelle<\/strong> \u2013 am\u00e9liore l\u2019acoustique tout en maintenant un esth\u00e9tique audacieux.<\/li>\r\n    <li><strong>Mat\u00e9riaux durables<\/strong> \u2013 base acoustique fabriqu\u00e9e \u00e0 partir d\u2019au moins 50 % de plastique recycl\u00e9.<\/li>\r\n    <li><strong>Design danois de haute qualit\u00e9<\/strong> \u2013 fusion de la beaut\u00e9 naturelle et de l'innovation moderne.<\/li>\r\n<\/ul>\r\n\r\nInspir\u00e9s par les paysages majestueux de l'Himalaya, ces panneaux ne sont pas seulement un \u00e9l\u00e9ment visuel \u2013 ils cr\u00e9ent une atmosph\u00e8re calme et accueillante en r\u00e9duisant le bruit et en am\u00e9liorant l\u2019acoustique.\r\n\r\n<i>Apportez la nature \u00e0 l\u2019int\u00e9rieur. Sublimez votre espace. D\u00e9couvrez l'\u00e9l\u00e9gance v\u00e9ritable.<\/i>","product_category-highlighted_media":27899,"product_category-cta":{"product_category_cta":null},"comparrison_image":"","product_category-some_of_our_combinations":27539,"hero-media":[27899],"hero-h1":"Panneaux De Pierre","hero-sub_header":""},"_links":{"self":[{"href":"https:\/\/denpanels.com\/fr\/wp-json\/wp\/v2\/pages\/27893","targetHints":{"allow":["GET"]}}],"collection":[{"href":"https:\/\/denpanels.com\/fr\/wp-json\/wp\/v2\/pages"}],"about":[{"href":"https:\/\/denpanels.com\/fr\/wp-json\/wp\/v2\/types\/page"}],"author":[{"embeddable":true,"href":"https:\/\/denpanels.com\/fr\/wp-json\/wp\/v2\/users\/3"}],"replies":[{"embeddable":true,"href":"https:\/\/denpanels.com\/fr\/wp-json\/wp\/v2\/comments?post=27893"}],"version-history":[{"count":6,"href":"https:\/\/denpanels.com\/fr\/wp-json\/wp\/v2\/pages\/27893\/revisions"}],"predecessor-version":[{"id":29649,"href":"https:\/\/denpanels.com\/fr\/wp-json\/wp\/v2\/pages\/27893\/revisions\/29649"}],"up":[{"embeddable":true,"href":"https:\/\/denpanels.com\/fr\/wp-json\/wp\/v2\/pages\/27947"}],"acf:attachment":[{"embeddable":true,"href":"https:\/\/denpanels.com\/fr\/wp-json\/wp\/v2\/media\/27899"}],"acf:post":[{"embeddable":true,"href":"https:\/\/denpanels.com\/fr\/wp-json\/wp\/v2\/translation\/27539"}],"acf:term":[{"embeddable":true,"taxonomy":"product-category","href":"https:\/\/denpanels.com\/fr\/wp-json\/wp\/v2\/product-category\/283"}],"wp:attachment":[{"href":"https:\/\/denpanels.com\/fr\/wp-json\/wp\/v2\/media?parent=27893"}],"wp:term":[{"taxonomy":"page-section","embeddable":true,"href":"https:\/\/denpanels.com\/fr\/wp-json\/wp\/v2\/page-section?post=27893"},{"taxonomy":"page-template","embeddable":true,"href":"https:\/\/denpanels.com\/fr\/wp-json\/wp\/v2\/page-template?post=27893"}],"curies":[{"name":"wp","href":"https:\/\/api.w.org\/{rel}","templated":true}]}}