{"id":27806,"date":"2024-06-06T13:48:20","date_gmt":"2024-06-06T11:48:20","guid":{"rendered":"https:\/\/denpanels.com\/raw\/"},"modified":"2025-08-13T11:54:20","modified_gmt":"2025-08-13T09:54:20","slug":"panneaux-raw","status":"publish","type":"page","link":"https:\/\/denpanels.com\/fr\/panels\/panneaux-raw\/","title":{"rendered":"Panneaux RAW"},"content":{"rendered":"","protected":false},"excerpt":{"rendered":"","protected":false},"author":3,"featured_media":0,"parent":27947,"menu_order":6,"comment_status":"closed","ping_status":"closed","template":"","meta":{"_acf_changed":false,"footnotes":""},"page-section":[535,533,524,525,528,526,534],"page-template":[470],"class_list":["post-27806","page","type-page","status-publish","hentry","page-section-category-options","page-section-certificates","page-section-datasheet","page-section-hero","page-section-megamenu","page-section-product-category","page-section-the-panels-construction","page-template-raw"],"acf":{"product_category-selected":247,"product_category-headline_p1":"Panneaux Acoustiques RAW","product_category-headline_p2":"Lib\u00e9rez votre cr\u00e9ativit\u00e9","product_category-introduction":"<strong>Vous voulez cr\u00e9er un espace v\u00e9ritablement unique et personnalis\u00e9 ? Les panneaux acoustiques RAW vous offrent la libert\u00e9 de personnaliser vos murs exactement comme vous l'imaginez. Livr\u00e9s sans placage bois, ces panneaux sont pr\u00eats \u00e0 \u00eatre peints, teint\u00e9s avec de l'huile naturelle ou laiss\u00e9s non trait\u00e9s pour un aspect brut et industriel. Que vous soyez un passionn\u00e9 de bricolage ou que vous souhaitiez simplement un int\u00e9rieur unique, les panneaux RAW vous permettent de prendre le contr\u00f4le total de votre design.<\/strong>\r\n\r\n<ul>\r\n    <li><strong>Parfait pour les projets DIY<\/strong> \u2013 peignez, huilez ou laissez naturel pour un esth\u00e9tique audacieux et brut.<\/li>\r\n    <li><strong>Excellente absorption sonore<\/strong> \u2013 r\u00e9duit l'\u00e9cho et am\u00e9liore l'acoustique de n'importe quel espace.<\/li>\r\n    <li><strong>Mat\u00e9riaux durables<\/strong> \u2013 fabriqu\u00e9s \u00e0 partir de lattes en MDF certifi\u00e9es FSC\u2122 sur un feutre acoustique en PET fabriqu\u00e9 \u00e0 partir d'au moins 50 % de plastique recycl\u00e9.<\/li>\r\n    <li><strong>Documentation de qualit\u00e9 professionnelle<\/strong> \u2013 certifi\u00e9 LCA et soutient les certifications DGNB, LEED et BREEAM pour la construction durable.<\/li>\r\n<\/ul>\r\n\r\nAvec les panneaux acoustiques RAW, vous obtenez une solution polyvalente et de haute qualit\u00e9 qui am\u00e9liore non seulement votre espace, mais aussi l'acoustique et contribue \u00e0 des pratiques de construction responsables.\r\n\r\n<i>Personnalisez. Absorbez le son. Cr\u00e9ez quelque chose d'unique.<\/i>","product_category-highlighted_media":27814,"product_category-cta":{"product_category_cta":null},"comparrison_image":"","product_category-some_of_our_combinations":27539,"hero-media":[28524],"hero-h1":"Panneaux RAW","hero-sub_header":""},"_links":{"self":[{"href":"https:\/\/denpanels.com\/fr\/wp-json\/wp\/v2\/pages\/27806","targetHints":{"allow":["GET"]}}],"collection":[{"href":"https:\/\/denpanels.com\/fr\/wp-json\/wp\/v2\/pages"}],"about":[{"href":"https:\/\/denpanels.com\/fr\/wp-json\/wp\/v2\/types\/page"}],"author":[{"embeddable":true,"href":"https:\/\/denpanels.com\/fr\/wp-json\/wp\/v2\/users\/3"}],"replies":[{"embeddable":true,"href":"https:\/\/denpanels.com\/fr\/wp-json\/wp\/v2\/comments?post=27806"}],"version-history":[{"count":5,"href":"https:\/\/denpanels.com\/fr\/wp-json\/wp\/v2\/pages\/27806\/revisions"}],"predecessor-version":[{"id":30115,"href":"https:\/\/denpanels.com\/fr\/wp-json\/wp\/v2\/pages\/27806\/revisions\/30115"}],"up":[{"embeddable":true,"href":"https:\/\/denpanels.com\/fr\/wp-json\/wp\/v2\/pages\/27947"}],"acf:attachment":[{"embeddable":true,"href":"https:\/\/denpanels.com\/fr\/wp-json\/wp\/v2\/media\/28524"}],"acf:post":[{"embeddable":true,"href":"https:\/\/denpanels.com\/fr\/wp-json\/wp\/v2\/translation\/27539"}],"acf:term":[{"embeddable":true,"taxonomy":"product-category","href":"https:\/\/denpanels.com\/fr\/wp-json\/wp\/v2\/product-category\/247"}],"wp:attachment":[{"href":"https:\/\/denpanels.com\/fr\/wp-json\/wp\/v2\/media?parent=27806"}],"wp:term":[{"taxonomy":"page-section","embeddable":true,"href":"https:\/\/denpanels.com\/fr\/wp-json\/wp\/v2\/page-section?post=27806"},{"taxonomy":"page-template","embeddable":true,"href":"https:\/\/denpanels.com\/fr\/wp-json\/wp\/v2\/page-template?post=27806"}],"curies":[{"name":"wp","href":"https:\/\/api.w.org\/{rel}","templated":true}]}}