{"id":27763,"date":"2024-06-06T13:47:19","date_gmt":"2024-06-06T11:47:19","guid":{"rendered":"https:\/\/denpanels.com\/laminate\/"},"modified":"2025-04-08T13:57:56","modified_gmt":"2025-04-08T11:57:56","slug":"panneaux-stratifies","status":"publish","type":"page","link":"https:\/\/denpanels.com\/fr\/panels\/panneaux-stratifies\/","title":{"rendered":"Panneaux Stratifies"},"content":{"rendered":"","protected":false},"excerpt":{"rendered":"","protected":false},"author":3,"featured_media":0,"parent":27947,"menu_order":8,"comment_status":"closed","ping_status":"closed","template":"","meta":{"_acf_changed":false,"footnotes":""},"page-section":[535,524,525,528,526,534],"page-template":[479],"class_list":["post-27763","page","type-page","status-publish","hentry","page-section-category-options","page-section-datasheet","page-section-hero","page-section-megamenu","page-section-product-category","page-section-the-panels-construction","page-template-laminat"],"acf":{"product_category-selected":261,"product_category-headline_p1":"Panneaux Stratifi\u00e9s","product_category-headline_p2":"- Aspect Naturel, Entretien Minime","product_category-introduction":"<strong>Vous cherchez une solution murale \u00e9l\u00e9gante et pratique ? Avec les panneaux stratifi\u00e9s de Denpanels, vous obtenez l'apparence r\u00e9aliste de mat\u00e9riaux naturels comme la pierre et le marbre, sans les tracas.<\/strong>\r\n\r\n<ul>\r\n    <li><strong>Design authentique<\/strong> \u2013 textures d\u00e9taill\u00e9es et profondeur.<\/li>\r\n    <li><strong>Entretien facile<\/strong> \u2013 r\u00e9siste aux traces de doigts et \u00e0 la salet\u00e9.<\/li>\r\n    <li><strong>Am\u00e9lioration acoustique<\/strong> \u2013 r\u00e9duit le bruit et les \u00e9chos pour un espace plus calme.<\/li>\r\n    <li><strong>Durable et pratique<\/strong> \u2013 id\u00e9al pour les maisons, bureaux et espaces publics.<\/li>\r\n    <li><strong>Design danois & haute qualit\u00e9<\/strong> \u2013 alliant esth\u00e9tique et fonctionnalit\u00e9.<\/li>\r\n<\/ul>\r\n\r\nLes panneaux stratifi\u00e9s offrent l'apparence \u00e9l\u00e9gante de la pierre ou du marbre dans une solution plus \u00e9conomique et facile \u00e0 nettoyer \u2013 parfaite pour les maisons anim\u00e9es et les environnements professionnels.\r\n\r\n<i>Design intemporel. Entretien minimal. Impact maximal.<\/i>","product_category-highlighted_media":27795,"product_category-cta":{"product_category_cta":null},"comparrison_image":null,"product_category-some_of_our_combinations":27539,"hero-media":[27796],"hero-h1":"Panneaux Stratifies","hero-sub_header":""},"_links":{"self":[{"href":"https:\/\/denpanels.com\/fr\/wp-json\/wp\/v2\/pages\/27763","targetHints":{"allow":["GET"]}}],"collection":[{"href":"https:\/\/denpanels.com\/fr\/wp-json\/wp\/v2\/pages"}],"about":[{"href":"https:\/\/denpanels.com\/fr\/wp-json\/wp\/v2\/types\/page"}],"author":[{"embeddable":true,"href":"https:\/\/denpanels.com\/fr\/wp-json\/wp\/v2\/users\/3"}],"replies":[{"embeddable":true,"href":"https:\/\/denpanels.com\/fr\/wp-json\/wp\/v2\/comments?post=27763"}],"version-history":[{"count":3,"href":"https:\/\/denpanels.com\/fr\/wp-json\/wp\/v2\/pages\/27763\/revisions"}],"predecessor-version":[{"id":27798,"href":"https:\/\/denpanels.com\/fr\/wp-json\/wp\/v2\/pages\/27763\/revisions\/27798"}],"up":[{"embeddable":true,"href":"https:\/\/denpanels.com\/fr\/wp-json\/wp\/v2\/pages\/27947"}],"acf:attachment":[{"embeddable":true,"href":"https:\/\/denpanels.com\/fr\/wp-json\/wp\/v2\/media\/27796"}],"acf:post":[{"embeddable":true,"href":"https:\/\/denpanels.com\/fr\/wp-json\/wp\/v2\/translation\/27539"}],"acf:term":[{"embeddable":true,"taxonomy":"product-category","href":"https:\/\/denpanels.com\/fr\/wp-json\/wp\/v2\/product-category\/261"}],"wp:attachment":[{"href":"https:\/\/denpanels.com\/fr\/wp-json\/wp\/v2\/media?parent=27763"}],"wp:term":[{"taxonomy":"page-section","embeddable":true,"href":"https:\/\/denpanels.com\/fr\/wp-json\/wp\/v2\/page-section?post=27763"},{"taxonomy":"page-template","embeddable":true,"href":"https:\/\/denpanels.com\/fr\/wp-json\/wp\/v2\/page-template?post=27763"}],"curies":[{"name":"wp","href":"https:\/\/api.w.org\/{rel}","templated":true}]}}