{"id":27686,"date":"2024-06-03T12:02:55","date_gmt":"2024-06-03T10:02:55","guid":{"rendered":"https:\/\/denpanels.com\/wood\/"},"modified":"2026-03-24T15:44:07","modified_gmt":"2026-03-24T14:44:07","slug":"panneaux-en-bois","status":"publish","type":"page","link":"https:\/\/denpanels.com\/fr\/panels\/panneaux-en-bois\/","title":{"rendered":"Panneaux en bois"},"content":{"rendered":"","protected":false},"excerpt":{"rendered":"","protected":false},"author":1,"featured_media":0,"parent":27947,"menu_order":1,"comment_status":"closed","ping_status":"closed","template":"","meta":{"_acf_changed":false,"footnotes":""},"page-section":[535,533,536,524,525,529,528,526,534],"page-template":[480],"class_list":["post-27686","page","type-page","status-publish","hentry","page-section-category-options","page-section-certificates","page-section-content-blocks","page-section-datasheet","page-section-hero","page-section-highlighted-inspiration","page-section-megamenu","page-section-product-category","page-section-the-panels-construction","page-template-wood-panels"],"acf":{"product_category-selected":219,"product_category-headline_p1":"Panneaux en bois","product_category-headline_p2":"Transformez votre espace avec la beaut\u00e9 naturelle","product_category-introduction":"<strong> Vous souhaitez cr\u00e9er un espace \u00e0 la fois beau et confortable ? Les panneaux en bois de Denpanels offrent une solution naturelle et \u00e9l\u00e9gante qui am\u00e9liore \u00e0 la fois votre int\u00e9rieur et l\u2019acoustique de la pi\u00e8ce. <\/strong>\r\n\r\n<ul>\r\n    <li><strong> Apportez la nature dans votre maison<\/strong> \u2013 cr\u00e9ez une atmosph\u00e8re chaleureuse et accueillante.<\/li>\r\n    <li><strong> Nordic Swan Ecolabel & choix \u00e9cologique<\/strong> \u2013 une d\u00e9cision consciente pour vous et pour l\u2019environnement.<\/li>\r\n    <li><strong> Surfaces en bois naturel<\/strong> \u2013 v\u00e9ritable placage bois qui ajoute \u00e9l\u00e9gance et profondeur.<\/li>\r\n    <li><strong> Bois durable & certifi\u00e9 FSC\u2122<\/strong> \u2013 mat\u00e9riaux provenant de sources responsables et durables.<\/li>\r\n    <li><strong> Design danois de haute qualit\u00e9<\/strong> \u2013 con\u00e7u avec attention \u00e0 l\u2019esth\u00e9tique et \u00e0 la fonctionnalit\u00e9.<\/li>\r\n<\/ul>\r\n\r\nNos panneaux en bois sont con\u00e7us pour absorber le son et r\u00e9duire la r\u00e9verb\u00e9ration, cr\u00e9ant ainsi un environnement acoustique plus calme et plus confortable \u2013 parfait pour les maisons, les bureaux et les espaces publics.\r\n\r\n<strong> Installation facile, design \u00e9poustouflant, et acoustique que vous pouvez ressentir. <\/strong>\r\n\r\n*Fabriqu\u00e9 en bois d\u2019ing\u00e9nierie pour garantir une apparence uniforme.","product_category-highlighted_media":27727,"product_category-cta":{"product_category_cta":null},"comparrison_image":"","product_category-some_of_our_combinations":27539,"hero-media":[27732],"hero-h1":"Panneaux en bois","hero-sub_header":""},"_links":{"self":[{"href":"https:\/\/denpanels.com\/fr\/wp-json\/wp\/v2\/pages\/27686","targetHints":{"allow":["GET"]}}],"collection":[{"href":"https:\/\/denpanels.com\/fr\/wp-json\/wp\/v2\/pages"}],"about":[{"href":"https:\/\/denpanels.com\/fr\/wp-json\/wp\/v2\/types\/page"}],"author":[{"embeddable":true,"href":"https:\/\/denpanels.com\/fr\/wp-json\/wp\/v2\/users\/1"}],"replies":[{"embeddable":true,"href":"https:\/\/denpanels.com\/fr\/wp-json\/wp\/v2\/comments?post=27686"}],"version-history":[{"count":3,"href":"https:\/\/denpanels.com\/fr\/wp-json\/wp\/v2\/pages\/27686\/revisions"}],"predecessor-version":[{"id":31094,"href":"https:\/\/denpanels.com\/fr\/wp-json\/wp\/v2\/pages\/27686\/revisions\/31094"}],"up":[{"embeddable":true,"href":"https:\/\/denpanels.com\/fr\/wp-json\/wp\/v2\/pages\/27947"}],"acf:attachment":[{"embeddable":true,"href":"https:\/\/denpanels.com\/fr\/wp-json\/wp\/v2\/media\/27732"}],"acf:post":[{"embeddable":true,"href":"https:\/\/denpanels.com\/fr\/wp-json\/wp\/v2\/translation\/27539"}],"acf:term":[{"embeddable":true,"taxonomy":"product-category","href":"https:\/\/denpanels.com\/fr\/wp-json\/wp\/v2\/product-category\/219"}],"wp:attachment":[{"href":"https:\/\/denpanels.com\/fr\/wp-json\/wp\/v2\/media?parent=27686"}],"wp:term":[{"taxonomy":"page-section","embeddable":true,"href":"https:\/\/denpanels.com\/fr\/wp-json\/wp\/v2\/page-section?post=27686"},{"taxonomy":"page-template","embeddable":true,"href":"https:\/\/denpanels.com\/fr\/wp-json\/wp\/v2\/page-template?post=27686"}],"curies":[{"name":"wp","href":"https:\/\/api.w.org\/{rel}","templated":true}]}}