{"id":27679,"date":"2024-07-11T14:10:27","date_gmt":"2024-07-11T12:10:27","guid":{"rendered":"https:\/\/denpanels.com\/responsibility\/"},"modified":"2025-04-08T13:05:09","modified_gmt":"2025-04-08T11:05:09","slug":"responsabilite","status":"publish","type":"page","link":"https:\/\/denpanels.com\/fr\/responsabilite\/","title":{"rendered":"Responsabilit\u00e9"},"content":{"rendered":"","protected":false},"excerpt":{"rendered":"","protected":false},"author":3,"featured_media":0,"parent":0,"menu_order":0,"comment_status":"closed","ping_status":"closed","template":"","meta":{"_acf_changed":false,"footnotes":""},"page-section":[525],"page-template":[543],"class_list":["post-27679","page","type-page","status-publish","hentry","page-section-hero","page-template-page-responsibility"],"acf":{"responsibility-intro_section":{"responsibility_intro-headline":"Engagement envers","responsibility_intro-headline_p2":"Production responsable","responsibility_intro-content":"Chez Denpanels, la responsabilit\u00e9 n\u2019est pas qu\u2019un concept \u00e0 la mode : c\u2019est une v\u00e9ritable ambition. Nous int\u00e9grons avec soin les consid\u00e9rations environnementales \u00e0 chaque \u00e9tape de notre cha\u00eene de valeur, de la conception jusqu\u2019au client final. Notre engagement envers des produits durables et de haute qualit\u00e9, comme nos panneaux acoustiques \u00e9l\u00e9gants et intemporels, refl\u00e8te notre volont\u00e9 de proposer des solutions intelligentes et plus durables.\r\n\r\nNotre engagement en mati\u00e8re de responsabilit\u00e9 est certifi\u00e9 par diff\u00e9rents labels. L\u2019utilisation de bois certifi\u00e9 FSC<sup>\u00ae<\/sup> dans nos panneaux garantit une production responsable et respectueuse de l\u2019environnement. Notre collaboration avec l\u2019\u00c9colabel Nordic Swan renforce notre volont\u00e9 de r\u00e9duire les d\u00e9chets et d\u2019\u00e9viter les substances chimiques toxiques. Nous soutenons activement les Objectifs de d\u00e9veloppement durable des Nations Unies, et nous alignons nos efforts sur les initiatives mondiales pour un monde meilleur.\r\n\r\nChez Denpanels, la consommation et la production responsables ne sont pas de simples id\u00e9aux, mais des pratiques quotidiennes. Notre contr\u00f4le qualit\u00e9 strict garantit que seuls des produits d\u2019excellente qualit\u00e9 arrivent chez nos clients. En cas de d\u00e9faut de fabrication, notre volont\u00e9 de r\u00e9parer et de recycler les mat\u00e9riaux t\u00e9moigne de notre engagement \u00e0 r\u00e9duire le gaspillage et \u00e0 \u00e9viter une consommation excessive de ressources.\r\n\r\nConscients de l\u2019impact de la pollution plastique sur la vie aquatique, Denpanels contribue \u00e0 une \u00e9conomie circulaire en recyclant les mat\u00e9riaux de ses panneaux acoustiques. Le feutre PET utilis\u00e9, compos\u00e9 d\u2019au moins 50\u202f% de bouteilles plastiques recycl\u00e9es, refl\u00e8te notre engagement pour la pr\u00e9servation de la vie aquatique. De plus, en tant qu\u2019entreprise certifi\u00e9e FSC<sup>\u00ae<\/sup>, nous veillons \u00e0 ce que nos panneaux en bois contribuent \u00e0 pr\u00e9server l\u2019\u00e9quilibre des for\u00eats et de la vie terrestre."},"responsibility-background_image":27681,"responsibility-certificates":{"certificate":[{"responsibility_certificates-logo":27680,"responsibility_certificates-title":"Forest Stewardship council","responsibility_certificates-description":"Nous fabriquons nos panneaux acoustiques \u00e0 partir de bois certifi\u00e9 FSC<sup>\u00ae<\/sup>, issu de for\u00eats g\u00e9r\u00e9es de mani\u00e8re responsable et d\u2019autres sources contr\u00f4l\u00e9es.\r\n\r\nLe Forest Stewardship Council<sup>\u00ae<\/sup> (FSC<sup>\u00ae<\/sup>) est un syst\u00e8me international de certification \u00e0 but non lucratif pour le bois et le papier. Le logo FSC<sup>\u00ae<\/sup> figure sur les produits en bois et en papier afin de vous permettre de les acheter en toute conscience. Dans les for\u00eats certifi\u00e9es FSC<sup>\u00ae<\/sup>, les arbres sont r\u00e9colt\u00e9s \u00e0 un rythme qui permet \u00e0 la for\u00eat de se r\u00e9g\u00e9n\u00e9rer naturellement. De plus, le FSC<sup>\u00ae<\/sup> garantit que les communaut\u00e9s locales, la biodiversit\u00e9 et les travailleurs forestiers sont trait\u00e9s avec respect.\r\n\r\nN\u2019h\u00e9sitez pas \u00e0 nous contacter si vous avez des questions concernant notre certification FSC<sup>\u00ae<\/sup> ou notre engagement en mati\u00e8re de durabilit\u00e9.","responsibility_certificates-cta_link":"","responsibility_certificates-cta_text":""},{"responsibility_certificates-logo":27682,"responsibility_certificates-title":"\u00c9colabel Nordic Swan","responsibility_certificates-description":"L\u2019\u00c9colabel Nordic Swan n\u2019est pas un simple label ou une certification de plus. Il s\u2019agit du label environnemental officiel des pays nordiques, reconnu comme l\u2019un des plus stricts et ambitieux au monde en mati\u00e8re d\u2019exigences \u00e9cologiques. V\u00e9ritable \u00e9toile polaire pour les consommateurs, il facilite l\u2019adoption d\u2019un mode de vie plus respectueux de l\u2019environnement. Sa notori\u00e9t\u00e9 ne cesse de cro\u00eetre dans toute la r\u00e9gion nordique.\r\n\r\nAu Danemark, 95\u202f% de la population conna\u00eet ce label, et 67\u202f% des consommateurs le recherchent activement lors de leurs achats \u2014 il est d\u00e9sormais \u00e9galement pr\u00e9sent sur les panneaux acoustiques. Pas moins de 68\u202f% des Danois prennent activement des mesures personnelles pour prot\u00e9ger l\u2019environnement.  \r\n\r\nLes titulaires d\u2019une licence de l\u2019\u00c9colabel Nordic Swan peuvent utiliser cet engagement environnemental comme un avantage concurrentiel strat\u00e9gique, en soutenant une soci\u00e9t\u00e9 plus durable.","responsibility_certificates-cta_link":"","responsibility_certificates-cta_text":""},{"responsibility_certificates-logo":27701,"responsibility_certificates-title":"Qualit\u00e9 de l\u2019air test\u00e9e","responsibility_certificates-description":"Lorsque vous choisissez des panneaux acoustiques Denpanels, test\u00e9s et approuv\u00e9s pour le climat int\u00e9rieur selon la norme allemande AgBB, vous obtenez bien plus qu\u2019une am\u00e9lioration sonore dans votre int\u00e9rieur. Vous b\u00e9n\u00e9ficiez d\u2019une solution qui contribue activement \u00e0 un environnement int\u00e9rieur plus sain et plus propre.\r\n\r\nL\u2019approbation AgBB garantit que les panneaux sont exempts d\u2019\u00e9missions nocives, ce qui vous permet de profiter d\u2019un cadre de vie confortable et sain en toute tranquillit\u00e9. Avec les panneaux acoustiques Denpanels, vous b\u00e9n\u00e9ficiez \u00e0 la fois d\u2019une acoustique optimale et de l\u2019assurance de respirer un air aussi pur que possible. C\u2019est un investissement \u00e0 la fois pour votre confort et votre sant\u00e9.","responsibility_certificates-cta_link":"","responsibility_certificates-cta_text":""}]},"hero-media":"","hero-h1":"","hero-sub_header":""},"_links":{"self":[{"href":"https:\/\/denpanels.com\/fr\/wp-json\/wp\/v2\/pages\/27679","targetHints":{"allow":["GET"]}}],"collection":[{"href":"https:\/\/denpanels.com\/fr\/wp-json\/wp\/v2\/pages"}],"about":[{"href":"https:\/\/denpanels.com\/fr\/wp-json\/wp\/v2\/types\/page"}],"author":[{"embeddable":true,"href":"https:\/\/denpanels.com\/fr\/wp-json\/wp\/v2\/users\/3"}],"replies":[{"embeddable":true,"href":"https:\/\/denpanels.com\/fr\/wp-json\/wp\/v2\/comments?post=27679"}],"version-history":[{"count":3,"href":"https:\/\/denpanels.com\/fr\/wp-json\/wp\/v2\/pages\/27679\/revisions"}],"predecessor-version":[{"id":27685,"href":"https:\/\/denpanels.com\/fr\/wp-json\/wp\/v2\/pages\/27679\/revisions\/27685"}],"wp:attachment":[{"href":"https:\/\/denpanels.com\/fr\/wp-json\/wp\/v2\/media?parent=27679"}],"wp:term":[{"taxonomy":"page-section","embeddable":true,"href":"https:\/\/denpanels.com\/fr\/wp-json\/wp\/v2\/page-section?post=27679"},{"taxonomy":"page-template","embeddable":true,"href":"https:\/\/denpanels.com\/fr\/wp-json\/wp\/v2\/page-template?post=27679"}],"curies":[{"name":"wp","href":"https:\/\/api.w.org\/{rel}","templated":true}]}}