{"id":27674,"date":"2024-05-23T15:21:12","date_gmt":"2024-05-23T13:21:12","guid":{"rendered":"https:\/\/denpanels.com\/about\/"},"modified":"2025-04-08T12:54:01","modified_gmt":"2025-04-08T10:54:01","slug":"a-propos","status":"publish","type":"page","link":"https:\/\/denpanels.com\/fr\/a-propos\/","title":{"rendered":"\u00c0 propos"},"content":{"rendered":"","protected":false},"excerpt":{"rendered":"","protected":false},"author":1,"featured_media":0,"parent":0,"menu_order":0,"comment_status":"closed","ping_status":"closed","template":"","meta":{"_acf_changed":false,"footnotes":""},"page-section":[536,525,526],"page-template":[111],"class_list":["post-27674","page","type-page","status-publish","hentry","page-section-content-blocks","page-section-hero","page-section-product-category","page-template-about-us"],"acf":{"product_category-selected":false,"product_category-headline_p1":"\u00c0 propos","product_category-headline_p2":"Denpanels","product_category-introduction":"Denpanels a \u00e9t\u00e9 fond\u00e9e avec la vision de cr\u00e9er une marque qui non seulement s\u2019adapte au march\u00e9 europ\u00e9en, mais c\u00e9l\u00e8bre aussi sa diversit\u00e9 et ses riches traditions en mati\u00e8re de design.  \r\n\r\nAvec des racines au Danemark et faisant partie de Fog & Ven\u00f8, Denpanels s\u2019est rapidement impos\u00e9e comme un symbole d\u2019artisanat de qualit\u00e9 et d\u2019innovation esth\u00e9tique.\r\n\r\nMais nous sommes bien plus que de belles surfaces \u2014 nous nous adressons \u00e0 ceux qui aiment cr\u00e9er. Que vous partiez de z\u00e9ro, r\u00e9noviez ou souhaitiez simplement ajouter une touche personnelle \u00e0 un espace, nos panneaux sont con\u00e7us pour \u00eatre faciles \u00e0 utiliser. Montez-les, d\u00e9coupez-les, peignez-les ou combinez-les de nouvelles fa\u00e7ons \u2014 le choix vous appartient !\r\n\r\nChez Denpanels, l\u2019essentiel est de vous permettre de cr\u00e9er facilement un espace qui vous ressemble. En parall\u00e8le, nous prenons nos responsabilit\u00e9s en choisissant des mat\u00e9riaux durables, en minimisant les d\u00e9chets et en garantissant des produits con\u00e7us pour durer.\r\n\r\nAlors, que vous soyez un bricoleur exp\u00e9riment\u00e9 ou que vous aimiez simplement mettre la main \u00e0 la p\u00e2te \u2014 attrapez vos outils et construisons ensemble quelque chose de formidable !","product_category-highlighted_media":28160,"product_category-cta":{"product_category_cta":null},"comparrison_image":null,"product_category-some_of_our_combinations":27539,"hero-media":[27675],"hero-h1":"Denpanels","hero-sub_header":"style europ\u00e9en \u00e9l\u00e9gant"},"_links":{"self":[{"href":"https:\/\/denpanels.com\/fr\/wp-json\/wp\/v2\/pages\/27674","targetHints":{"allow":["GET"]}}],"collection":[{"href":"https:\/\/denpanels.com\/fr\/wp-json\/wp\/v2\/pages"}],"about":[{"href":"https:\/\/denpanels.com\/fr\/wp-json\/wp\/v2\/types\/page"}],"author":[{"embeddable":true,"href":"https:\/\/denpanels.com\/fr\/wp-json\/wp\/v2\/users\/1"}],"replies":[{"embeddable":true,"href":"https:\/\/denpanels.com\/fr\/wp-json\/wp\/v2\/comments?post=27674"}],"version-history":[{"count":3,"href":"https:\/\/denpanels.com\/fr\/wp-json\/wp\/v2\/pages\/27674\/revisions"}],"predecessor-version":[{"id":27678,"href":"https:\/\/denpanels.com\/fr\/wp-json\/wp\/v2\/pages\/27674\/revisions\/27678"}],"acf:attachment":[{"embeddable":true,"href":"https:\/\/denpanels.com\/fr\/wp-json\/wp\/v2\/media\/27675"}],"acf:post":[{"embeddable":true,"href":"https:\/\/denpanels.com\/fr\/wp-json\/wp\/v2\/translation\/27539"}],"wp:attachment":[{"href":"https:\/\/denpanels.com\/fr\/wp-json\/wp\/v2\/media?parent=27674"}],"wp:term":[{"taxonomy":"page-section","embeddable":true,"href":"https:\/\/denpanels.com\/fr\/wp-json\/wp\/v2\/page-section?post=27674"},{"taxonomy":"page-template","embeddable":true,"href":"https:\/\/denpanels.com\/fr\/wp-json\/wp\/v2\/page-template?post=27674"}],"curies":[{"name":"wp","href":"https:\/\/api.w.org\/{rel}","templated":true}]}}