{"id":9796,"date":"2024-06-06T12:03:39","date_gmt":"2024-06-06T10:03:39","guid":{"rendered":"https:\/\/new.byveno.com\/nordic-swan-ecolabel\/"},"modified":"2024-11-28T14:52:26","modified_gmt":"2024-11-28T13:52:26","slug":"nordic-swan-ecolabel","status":"publish","type":"page","link":"https:\/\/denpanels.com\/de\/nordic-swan-ecolabel\/","title":{"rendered":"Nordic Swan Ecolabel"},"content":{"rendered":"<div>\n<p>    <video src=\"\/wp-content\/uploads\/Nordic-Swan-Ecolabel.mp4\"><\/video><\/p>\n<\/div>\n<div>\n<h1>Nordic Swan Ecolabel<\/h1>\n<\/div>\n<h2>Ein entscheidender Richtwert<\/h2>\n<h2>f\u00fcr Nachhaltigkeit und Qualit\u00e4t<\/h2>\n<div>\n<p>In der heutigen Bauindustrie ist das Nordic Swan Ecolabel zu einem wichtigen Ma\u00dfstab f\u00fcr Nachhaltigkeit und Qualit\u00e4t geworden. Dieses Emblem hat sich als anerkannter Standard f\u00fcr Umweltverantwortung, Nachhaltigkeit und Verbraucherbewusstsein etabliert, nicht nur in D\u00e4nemark, sondern in der gesamten nordischen Region.<\/p>\n<p>Wie k\u00f6nnen wir sicherstellen, dass die von uns geschaffenen R\u00e4ume gleichzeitig \u00e4sthetisch ansprechend, funktional und umweltfreundlich sind?<\/p>\n<p>Das Nordic Swan Ecolabel bietet die Antwort. In der gesamten nordischen Region nimmt die Bedeutung des Umweltzeichens Nordischer Schwan zu. Allein in D\u00e4nemark kennen 95 % der Bev\u00f6lkerung das Umweltzeichen, und 67 % suchen es aktiv bei ihren Kaufentscheidungen. Diese Zahlen spiegeln einen breiteren nordischen Trend wider, bei dem sowohl private Verbraucher als auch Unternehmen Nachhaltigkeit und Umweltaspekte zunehmend in den Vordergrund stellen.<\/p>\n<p>Eine schlechte Akustik kann das Raumerlebnis erheblich beeintr\u00e4chtigen, sei es am Arbeitsplatz, in \u00f6ffentlichen Bereichen oder in Privath\u00e4usern. Wenn Sie sich jedoch f\u00fcr unsere mit dem Nordic Swan Ecolabel zertifizierten Akustikplatten entscheiden, tun Sie nicht nur etwas f\u00fcr die Akustik, sondern signalisieren auch Ihr Engagement f\u00fcr die Umwelt. In professionellen Umgebungen, in denen Produktivit\u00e4t und Mitarbeiterzufriedenheit von entscheidender Bedeutung sind, werden die L\u00f6sungen von Nordic Swan Ecolabel zu einem Schl\u00fcsselfaktor. Diese L\u00f6sungen meistern nicht nur akustische Herausforderungen, sondern demonstrieren auch das Engagement des Unternehmens f\u00fcr Nachhaltigkeit.<\/p>\n<\/div>\n<p>\n    <a href=\"https:\/\/fog-veno.com\/de\/the-nordic-swan-ecolabel-de\/\" rel=\"nofollow noopener\" target=\"_blank\">Lesen Sie mehr \u00fcber unsere Zertifizierungen<\/a>\n<\/p>\n<p><img decoding=\"async\" src=\"\/wp-content\/uploads\/Render-1.jpg\" alt=\"\" title=\"\"><\/p>\n<h2>\n<p>Die Vorteile von Nordic Swan Ecolabel Akustikpaneele<\/p>\n<\/h2>\n<div>\n<p>Das Nordic Swan Ecolabel steht im Einklang mit den UN-Zielen f\u00fcr nachhaltige Entwicklung und konzentriert sich auf nachhaltige Produktion und verantwortungsvollen Konsum. Hier sehen Sie, was unsere mit dem Nordic Swan Ecolabel zertifizierten Akustikplatten auszeichnet:<\/p>\n<ul>\n<li><strong>Langlebigkeit<\/strong>: Eine Kombination aus Qualit\u00e4t und Nachhaltigkeit gew\u00e4hrleistet eine dauerhafte L\u00f6sung.<\/li>\n<li><strong>Nachhaltigkeit<\/strong>: Die Platten unterst\u00fctzen einen umweltfreundlicheren Bauprozess, indem sie Abf\u00e4lle minimieren und eine Kreislaufwirtschaft f\u00f6rdern. Sie werden mit Respekt vor der Natur hergestellt, von verantwortungsvoller Forstwirtschaft bis hin zum Upcycling von Materialien.<\/li>\n<li><strong>Gesundheit<\/strong>: Der Verzicht auf sch\u00e4dliche Chemikalien bedeutet, dass die R\u00e4ume, in denen die Paneele installiert sind, ges\u00fcnder bewohnt werden k\u00f6nnen, wodurch die Gesundheitsrisiken f\u00fcr die Menschen, die in diesen R\u00e4umen leben, arbeiten oder sie besuchen, verringert werden.<\/li>\n<li><strong>Unterst\u00fctzung f\u00fcr globale Initiativen<\/strong>: Wenn Sie sich f\u00fcr das Nordic Swan Ecolabel entscheiden, unterst\u00fctzen Sie auch die UN-Ziele f\u00fcr nachhaltige Entwicklung, insbesondere die Ziele 12 (Verantwortungsvoller Konsum und Produktion) und 15 (Leben auf dem Land).<\/li>\n<\/ul>\n<\/div>\n<div>\n<p>        <img decoding=\"async\" src=\"\/wp-content\/uploads\/nordicsvanecolabel-logo.png\" alt=\"\" title=\"\"><\/p>\n<h2>Suche nach <\/h2>\n<p>Das Nordic Swan Ecolabel<\/p>\n<div>\n<p>Die Zukunft des Bauens ist gr\u00fcn, funktionsorientiert und nutzerorientiert. Die Einbeziehung der Akustik von Anfang an ist nicht nur f\u00fcr ein optimales Nutzererlebnis notwendig, sondern auch Teil der gr\u00f6\u00dferen Verantwortung, die wir gegen\u00fcber unserem Planeten und seinen Bewohnern haben. Die mit dem Nordic Swan Ecolabel zertifizierten Akustikplatten von BY VEN\u00d8 bieten eine L\u00f6sung, die nicht nur die Klangqualit\u00e4t, sondern auch die Nachhaltigkeit und die Gesundheit unserer gebauten Umwelt ber\u00fccksichtigt.<\/p>\n<\/div>\n<p><a href=\"https:\/\/www.svanemaerket.dk\/en\" rel=\"nofollow noopener\" target=\"_blank\">Erfahren Sie mehr \u00fcber das Nordic Swan Ecolabel<\/a><\/p>\n<\/div>\n<p><!--more--><br \/>\n<!-- {\"type\":\"layout\",\"children\":[{\"type\":\"section\",\"props\":{\"\":\"linear-gradient(180deg, rgba(75,93,99,1) 0%, rgba(75,93,99,0.7217480742296919) 31%, rgba(75,93,99,0.14751838235294112) 100%);\",\"animation\":\"scale-up\",\"animation_delay\":\"200\",\"divider_height\":\"120\",\"divider_layers_gap\":\"5\",\"divider_layers_opacity\":\"0.5\",\"divider_position\":\"top\",\"divider_responsive\":true,\"divider_shadow_blur_radius\":\"5\",\"divider_shadow_color\":\"#00000080\",\"divider_shadow_offset_x\":\"0\",\"divider_shadow_offset_y\":\"5\",\"divider_width\":\"100\",\"header_transparent\":true,\"header_transparent_noplaceholder\":true,\"height_viewport\":35,\"image_effect\":\"parallax\",\"image_parallax_bgy\":\"100\",\"image_position\":\"center-center\",\"image_size\":\"cover\",\"image_width\":1920,\"media_background\":\"#4B5D63\",\"media_blend_mode\":\"multiply\",\"padding\":\"none\",\"padding_custom_bottom\":\"70\",\"padding_custom_top\":\"70\",\"style\":\"secondary\",\"style_custom_color\":\"#ccc\",\"text_color\":\"light\",\"title_breakpoint\":\"xl\",\"title_position\":\"top-left\",\"title_rotation\":\"left\",\"vertical_align\":\"middle\",\"width\":\"\"},\"children\":[{\"type\":\"row\",\"props\":{\"divider\":false,\"parallax\":true},\"children\":[{\"type\":\"column\",\"props\":{\"image_position\":\"center-center\",\"position_sticky_breakpoint\":\"m\"},\"children\":[{\"type\":\"slideshow\",\"props\":{\"blend\":false,\"class\":\"gradientoverlay\",\"css\":\".el-element {\\n    margin-bottom: 0px !important;\\n}\",\"image_loading\":true,\"image_width\":\"1920\",\"link_style\":\"default\",\"link_text\":\"Read more\",\"margin\":\"default\",\"meta_align\":\"below-title\",\"meta_element\":\"div\",\"meta_style\":\"text-meta\",\"nav\":\"\",\"nav_align\":\"center\",\"nav_below\":true,\"nav_breakpoint\":\"s\",\"nav_position\":\"bottom-center\",\"nav_position_margin\":\"medium\",\"overlay_animation\":\"parallax\",\"overlay_position\":\"center-left\",\"position\":\"relative\",\"show_content\":false,\"show_link\":false,\"show_meta\":false,\"show_thumbnail\":false,\"show_title\":false,\"slidenav\":\"bottom-left\",\"slidenav_breakpoint\":\"s\",\"slidenav_hover\":true,\"slidenav_large\":true,\"slidenav_margin\":\"medium\",\"slidenav_outside_breakpoint\":\"xl\",\"slideshow_animation\":\"fade\",\"slideshow_autoplay\":true,\"slideshow_autoplay_interval\":\"6\",\"slideshow_autoplay_pause\":true,\"slideshow_height\":\"viewport\",\"slideshow_height_offset_top\":false,\"slideshow_height_viewport\":80,\"slideshow_kenburns\":\"alternate\",\"slideshow_kenburns_duration\":\"20\",\"slideshow_min_height\":300,\"slideshow_parallax\":false,\"slideshow_parallax_easing\":\"0.3\",\"slideshow_ratio\":\"16:9\",\"text_color\":\"light\",\"thumbnav_height\":\"75\",\"thumbnav_nowrap\":true,\"thumbnav_svg_color\":\"emphasis\",\"thumbnav_width\":\"100\",\"title_element\":\"h3\"},\"children\":[{\"type\":\"slideshow_item\",\"props\":{\"video\":\"wp-content\\\/uploads\\\/Nordic-Swan-Ecolabel.mp4\"}}]},{\"type\":\"panel\",\"props\":{\"content_column_breakpoint\":\"m\",\"icon_width\":80,\"image_align\":\"top\",\"image_grid_breakpoint\":\"m\",\"image_grid_width\":\"1-2\",\"image_svg_color\":\"emphasis\",\"link_style\":\"default\",\"link_text\":\"Read more\",\"margin\":\"default\",\"margin_remove_bottom\":true,\"meta\":\"\",\"meta_align\":\"below-title\",\"meta_element\":\"div\",\"meta_style\":\"h4\",\"position\":\"absolute\",\"position_bottom\":\"5vh\",\"position_z_index\":\"3\",\"text_align\":\"center\",\"title\":\"Nordic Swan Ecolabel\",\"title_align\":\"top\",\"title_element\":\"h1\",\"title_grid_breakpoint\":\"m\",\"title_grid_width\":\"1-2\",\"title_hover_style\":\"reset\",\"title_style\":\"heading-medium\"}}]}]}],\"name\":\"Hero med slider\"},{\"type\":\"section\",\"props\":{\"animation_delay\":\"200\",\"image_position\":\"center-center\",\"style\":\"default\",\"title_breakpoint\":\"xl\",\"title_position\":\"top-left\",\"title_rotation\":\"left\",\"vertical_align\":\"middle\",\"width\":\"default\"},\"children\":[{\"type\":\"row\",\"children\":[{\"type\":\"column\",\"props\":{\"image_position\":\"center-center\",\"position_sticky_breakpoint\":\"m\",\"style\":\"tile-default\",\"vertical_align\":\"middle\"},\"children\":[{\"type\":\"headline\",\"props\":{\"content\":\"Ein entscheidender Richtwert\",\"margin_remove_bottom\":true,\"title_element\":\"h2\",\"title_style\":\"heading-medium\"}},{\"type\":\"headline\",\"props\":{\"content\":\"f\\u00fcr Nachhaltigkeit und Qualit\\u00e4t\",\"margin_remove_bottom\":false,\"margin_remove_top\":true,\"title_color\":\"primary\",\"title_element\":\"h2\",\"title_style\":\"heading-medium\"}},{\"type\":\"text\",\"props\":{\"column_breakpoint\":\"m\",\"content\":\"\n\n<p>In der heutigen Bauindustrie ist das Nordic Swan Ecolabel zu einem wichtigen Ma\\u00dfstab f\\u00fcr Nachhaltigkeit und Qualit\\u00e4t geworden. Dieses Emblem hat sich als anerkannter Standard f\\u00fcr Umweltverantwortung, Nachhaltigkeit und Verbraucherbewusstsein etabliert, nicht nur in D\\u00e4nemark, sondern in der gesamten nordischen Region.<\\\/p>\\n\n\n<p>Wie k\\u00f6nnen wir sicherstellen, dass die von uns geschaffenen R\\u00e4ume gleichzeitig \\u00e4sthetisch ansprechend, funktional und umweltfreundlich sind?<\\\/p>\\n\n\n<p>Das Nordic Swan Ecolabel bietet die Antwort. In der gesamten nordischen Region nimmt die Bedeutung des Umweltzeichens Nordischer Schwan zu. Allein in D\\u00e4nemark kennen 95 % der Bev\\u00f6lkerung das Umweltzeichen, und 67 % suchen es aktiv bei ihren Kaufentscheidungen. Diese Zahlen spiegeln einen breiteren nordischen Trend wider, bei dem sowohl private Verbraucher als auch Unternehmen Nachhaltigkeit und Umweltaspekte zunehmend in den Vordergrund stellen.<\\\/p>\\n\n\n<p>Eine schlechte Akustik kann das Raumerlebnis erheblich beeintr\\u00e4chtigen, sei es am Arbeitsplatz, in \\u00f6ffentlichen Bereichen oder in Privath\\u00e4usern. Wenn Sie sich jedoch f\\u00fcr unsere mit dem Nordic Swan Ecolabel zertifizierten Akustikplatten entscheiden, tun Sie nicht nur etwas f\\u00fcr die Akustik, sondern signalisieren auch Ihr Engagement f\\u00fcr die Umwelt. In professionellen Umgebungen, in denen Produktivit\\u00e4t und Mitarbeiterzufriedenheit von entscheidender Bedeutung sind, werden die L\\u00f6sungen von Nordic Swan Ecolabel zu einem Schl\\u00fcsselfaktor. Diese L\\u00f6sungen meistern nicht nur akustische Herausforderungen, sondern demonstrieren auch das Engagement des Unternehmens f\\u00fcr Nachhaltigkeit.<\\\/p>\",\"margin\":\"default\"}},{\"type\":\"button\",\"props\":{\"grid_column_gap\":\"small\",\"grid_row_gap\":\"small\",\"margin\":\"default\"},\"children\":[{\"type\":\"button_item\",\"props\":{\"button_style\":\"primary\",\"content\":\"Lesen Sie mehr \\u00fcber unsere Zertifizierungen\",\"icon_align\":\"left\",\"link\":\"https:\\\/\\\/fog-veno.com\\\/de\\\/the-nordic-swan-ecolabel-de\\\/\"}}]}]}]}],\"name\":\"Intro\"},{\"type\":\"section\",\"props\":{\"image_position\":\"center-center\",\"padding_remove_horizontal\":false,\"padding_remove_top\":false,\"style\":\"muted\",\"title_breakpoint\":\"xl\",\"title_position\":\"top-left\",\"title_rotation\":\"left\",\"vertical_align\":\"middle\",\"width\":\"default\"},\"children\":[{\"type\":\"row\",\"props\":{\"layout\":\"1-2,1-2\"},\"children\":[{\"type\":\"column\",\"props\":{\"image_position\":\"center-center\",\"position_sticky_breakpoint\":\"m\",\"vertical_align\":\"middle\",\"width_medium\":\"1-2\"},\"children\":[{\"type\":\"image\",\"props\":{\"image\":\"wp-content\\\/uploads\\\/Render-1.jpg\",\"image_height\":960,\"image_svg_color\":\"emphasis\",\"image_width\":1280,\"margin\":\"default\"}}]},{\"type\":\"column\",\"props\":{\"image_position\":\"center-center\",\"position_sticky_breakpoint\":\"m\",\"vertical_align\":\"middle\",\"width_medium\":\"1-2\"},\"children\":[{\"type\":\"headline\",\"props\":{\"content\":\"\n\n<p>Die Vorteile von Nordic Swan Ecolabel Akustikpaneele<\\\/p>\",\"title_element\":\"h2\",\"title_style\":\"h1\"}},{\"type\":\"text\",\"props\":{\"column_breakpoint\":\"m\",\"content\":\"\n\n<p>Das Nordic Swan Ecolabel steht im Einklang mit den UN-Zielen f\\u00fcr nachhaltige Entwicklung und konzentriert sich auf nachhaltige Produktion und verantwortungsvollen Konsum. Hier sehen Sie, was unsere mit dem Nordic Swan Ecolabel zertifizierten Akustikplatten auszeichnet:<\\\/p>\\n\n\n<ul>\\n\n\n<li><strong>Langlebigkeit<\\\/strong>: Eine Kombination aus Qualit\\u00e4t und Nachhaltigkeit gew\\u00e4hrleistet eine dauerhafte L\\u00f6sung.<\\\/li>\\n\n\n<li><strong>Nachhaltigkeit<\\\/strong>: Die Platten unterst\\u00fctzen einen umweltfreundlicheren Bauprozess, indem sie Abf\\u00e4lle minimieren und eine Kreislaufwirtschaft f\\u00f6rdern. Sie werden mit Respekt vor der Natur hergestellt, von verantwortungsvoller Forstwirtschaft bis hin zum Upcycling von Materialien.<\\\/li>\\n\n\n<li><strong>Gesundheit<\\\/strong>: Der Verzicht auf sch\\u00e4dliche Chemikalien bedeutet, dass die R\\u00e4ume, in denen die Paneele installiert sind, ges\\u00fcnder bewohnt werden k\\u00f6nnen, wodurch die Gesundheitsrisiken f\\u00fcr die Menschen, die in diesen R\\u00e4umen leben, arbeiten oder sie besuchen, verringert werden.<\\\/li>\\n\n\n<li><strong>Unterst\\u00fctzung f\\u00fcr globale Initiativen<\\\/strong>: Wenn Sie sich f\\u00fcr das Nordic Swan Ecolabel entscheiden, unterst\\u00fctzen Sie auch die UN-Ziele f\\u00fcr nachhaltige Entwicklung, insbesondere die Ziele 12 (Verantwortungsvoller Konsum und Produktion) und 15 (Leben auf dem Land).<\\\/li>\\n<\\\/ul>\",\"margin\":\"default\"}}]}]}]},{\"type\":\"section\",\"props\":{\"image_position\":\"center-center\",\"style\":\"default\",\"title_breakpoint\":\"xl\",\"title_position\":\"top-left\",\"title_rotation\":\"left\",\"vertical_align\":\"middle\",\"width\":\"default\"},\"children\":[{\"type\":\"row\",\"children\":[{\"type\":\"column\",\"props\":{\"image_position\":\"center-center\",\"position_sticky_breakpoint\":\"m\"},\"children\":[{\"type\":\"panel\",\"props\":{\"content\":\"\n\n<p>Die Zukunft des Bauens ist gr\\u00fcn, funktionsorientiert und nutzerorientiert. Die Einbeziehung der Akustik von Anfang an ist nicht nur f\\u00fcr ein optimales Nutzererlebnis notwendig, sondern auch Teil der gr\\u00f6\\u00dferen Verantwortung, die wir gegen\\u00fcber unserem Planeten und seinen Bewohnern haben. Die mit dem Nordic Swan Ecolabel zertifizierten Akustikplatten von BY VEN\\u00d8 bieten eine L\\u00f6sung, die nicht nur die Klangqualit\\u00e4t, sondern auch die Nachhaltigkeit und die Gesundheit unserer gebauten Umwelt ber\\u00fccksichtigt.<\\\/p>\",\"content_column_breakpoint\":\"m\",\"icon_width\":80,\"image\":\"wp-content\\\/uploads\\\/nordicsvanecolabel-logo.png\",\"image_align\":\"right\",\"image_grid_breakpoint\":\"m\",\"image_grid_width\":\"1-2\",\"image_height\":640,\"image_svg_color\":\"emphasis\",\"image_vertical_align\":true,\"image_width\":640,\"link\":\"https:\\\/\\\/www.svanemaerket.dk\\\/en\",\"link_style\":\"default\",\"link_target\":true,\"link_text\":\"Erfahren Sie mehr \\u00fcber das Nordic Swan Ecolabel\",\"margin\":\"default\",\"meta\":\"Das Nordic Swan Ecolabel\",\"meta_align\":\"below-title\",\"meta_color\":\"primary\",\"meta_element\":\"div\",\"meta_margin\":\"remove\",\"meta_style\":\"h1\",\"title\":\"Suche nach \",\"title_align\":\"top\",\"title_element\":\"h2\",\"title_grid_breakpoint\":\"m\",\"title_grid_width\":\"1-2\",\"title_hover_style\":\"reset\",\"title_style\":\"h1\"}}]}]}],\"name\":\"Panel med rigtige indstillinger\"}],\"version\":\"4.4.5\",\"yooessentialsVersion\":\"2.2.14\"} --><\/p>\n","protected":false},"excerpt":{"rendered":"<p>Nordic Swan Ecolabel Ein entscheidender Richtwert f\u00fcr Nachhaltigkeit und Qualit\u00e4t In der heutigen Bauindustrie ist das Nordic Swan Ecolabel zu einem wichtigen Ma\u00dfstab f\u00fcr Nachhaltigkeit und Qualit\u00e4t geworden. Dieses Emblem hat sich als anerkannter Standard f\u00fcr Umweltverantwortung, Nachhaltigkeit und Verbraucherbewusstsein etabliert, nicht nur in D\u00e4nemark, sondern in der gesamten nordischen Region. Wie k\u00f6nnen wir sicherstellen, [&hellip;]<\/p>\n","protected":false},"author":3,"featured_media":0,"parent":0,"menu_order":0,"comment_status":"closed","ping_status":"closed","template":"","meta":{"_acf_changed":false,"footnotes":""},"page-section":[],"page-template":[111],"class_list":["post-9796","page","type-page","status-publish","hentry","page-template-about-us"],"acf":[],"_links":{"self":[{"href":"https:\/\/denpanels.com\/de\/wp-json\/wp\/v2\/pages\/9796","targetHints":{"allow":["GET"]}}],"collection":[{"href":"https:\/\/denpanels.com\/de\/wp-json\/wp\/v2\/pages"}],"about":[{"href":"https:\/\/denpanels.com\/de\/wp-json\/wp\/v2\/types\/page"}],"author":[{"embeddable":true,"href":"https:\/\/denpanels.com\/de\/wp-json\/wp\/v2\/users\/3"}],"replies":[{"embeddable":true,"href":"https:\/\/denpanels.com\/de\/wp-json\/wp\/v2\/comments?post=9796"}],"version-history":[{"count":7,"href":"https:\/\/denpanels.com\/de\/wp-json\/wp\/v2\/pages\/9796\/revisions"}],"predecessor-version":[{"id":9830,"href":"https:\/\/denpanels.com\/de\/wp-json\/wp\/v2\/pages\/9796\/revisions\/9830"}],"wp:attachment":[{"href":"https:\/\/denpanels.com\/de\/wp-json\/wp\/v2\/media?parent=9796"}],"wp:term":[{"taxonomy":"page-section","embeddable":true,"href":"https:\/\/denpanels.com\/de\/wp-json\/wp\/v2\/page-section?post=9796"},{"taxonomy":"page-template","embeddable":true,"href":"https:\/\/denpanels.com\/de\/wp-json\/wp\/v2\/page-template?post=9796"}],"curies":[{"name":"wp","href":"https:\/\/api.w.org\/{rel}","templated":true}]}}