{"id":8064,"date":"2024-07-11T14:10:27","date_gmt":"2024-07-11T12:10:27","guid":{"rendered":"https:\/\/new.byveno.com\/responsibility\/"},"modified":"2025-03-05T11:38:32","modified_gmt":"2025-03-05T10:38:32","slug":"verantwortung","status":"publish","type":"page","link":"https:\/\/denpanels.com\/de\/verantwortung\/","title":{"rendered":"Verantwortung"},"content":{"rendered":"","protected":false},"excerpt":{"rendered":"","protected":false},"author":3,"featured_media":0,"parent":0,"menu_order":0,"comment_status":"closed","ping_status":"closed","template":"","meta":{"_acf_changed":false,"footnotes":""},"page-section":[525],"page-template":[543],"class_list":["post-8064","page","type-page","status-publish","hentry","page-section-hero","page-template-page-responsibility"],"acf":{"responsibility-intro_section":{"responsibility_intro-headline":"Dedication to","responsibility_intro-headline_p2":"Responsible Production","responsibility_intro-content":"Bei Denpanels ist Verantwortlichkeit nicht nur ein Trendbegriff, sondern eine Ambition. Wir integrieren Umweltaspekte sorgf\u00e4ltig in jeden Schritt unserer Wertsch\u00f6pfungskette \u2013 vom Konzept bis zum Endkunden. Unser Fokus auf langlebige Qualit\u00e4tsprodukte, wie unsere eleganten und zeitlosen Akustikpaneele, spiegelt unser Engagement f\u00fcr intelligente und nachhaltigere L\u00f6sungen wider.  \r\n\r\nUnser Engagement f\u00fcr Verantwortung wird durch verschiedene Zertifizierungen belegt. Die Verwendung von FSC\u00ae-zertifiziertem Holz in unseren Paneelen gew\u00e4hrleistet eine verantwortungsvolle und umweltbewusste Produktion. Unsere Zusammenarbeit mit dem Nordic Swan Ecolabel st\u00e4rkt unser Bestreben, Abf\u00e4lle zu minimieren und den Einsatz giftiger Chemikalien zu vermeiden. Wir setzen uns aktiv f\u00fcr die UN-Ziele f\u00fcr nachhaltige Entwicklung ein und harmonisieren unsere Bem\u00fchungen mit globalen Initiativen f\u00fcr eine bessere Welt.  \r\n\r\nBei Denpanels sind verantwortungsvoller Konsum und nachhaltige Produktion nicht nur Ideale, sondern gelebte Praxis. Unsere strenge Qualit\u00e4tskontrolle stellt sicher, dass nur Produkte von h\u00f6chster Qualit\u00e4t unsere Kunden erreichen. Im Falle von Herstellungsfehlern unterstreicht unser Engagement f\u00fcr Reparatur und Recycling unsere Entschlossenheit, Abf\u00e4lle zu reduzieren und unn\u00f6tigen Ressourcenverbrauch zu vermeiden.  \r\n\r\nIn Anerkennung der Auswirkungen der Plastikverschmutzung auf das aquatische Leben tr\u00e4gt Denpanels zur Kreislaufwirtschaft bei, indem wir recycelte Materialien in unseren Akustikpaneelen verwenden. Das in den Paneelen verwendete PET-Filz, das zu mindestens 50 % aus recycelten Plastikflaschen besteht, ist ein Beweis f\u00fcr unser Engagement f\u00fcr den Schutz des marinen Lebens. Dar\u00fcber hinaus stellen wir als FSC\u00ae-zertifiziertes Unternehmen sicher, dass unsere Holzpaneele zur Erhaltung eines gesunden Gleichgewichts in den W\u00e4ldern und im terrestrischen \u00d6kosystem der Welt beitragen."},"responsibility-background_image":21628,"responsibility-certificates":{"certificate":[{"responsibility_certificates-logo":5830,"responsibility_certificates-title":"Forest Stewardship council","responsibility_certificates-description":"Wir produzieren unsere Akustikpaneele aus FSC\u00ae-zertifiziertem Holz aus verantwortungsvoll bewirtschafteten W\u00e4ldern und anderen kontrollierten Quellen.  \r\n\r\nDer Forest Stewardship Council\u00ae ist ein internationales, gemeinn\u00fctziges Zertifizierungssystem f\u00fcr Holz und Papier. Das FSC\u00ae-Logo ist auf Holz- und Papierprodukten zu sehen, sodass Sie diese Produkte mit gutem Gewissen kaufen k\u00f6nnen. In FSC\u00ae-zertifizierten W\u00e4ldern werden B\u00e4ume nur in dem Ma\u00dfe geerntet, wie der Wald sich selbst regenerieren kann. Dar\u00fcber hinaus stellt FSC\u00ae sicher, dass lokale Gemeinschaften, die Biodiversit\u00e4t und Forstarbeiter mit Respekt behandelt werden.  \r\n\r\nBitte kontaktieren Sie uns, wenn Sie Fragen zu unserer FSC\u00ae-Zertifizierung oder unserem Fokus auf Nachhaltigkeit haben.","responsibility_certificates-cta_link":"","responsibility_certificates-cta_text":""},{"responsibility_certificates-logo":24186,"responsibility_certificates-title":"Nordic Swan Ecolabel","responsibility_certificates-description":"Das Nordic Swan Ecolabel ist nicht nur ein weiteres Label oder eine weitere Zertifizierung. Es ist das offizielle Umweltzeichen der nordischen L\u00e4nder und gilt als eine der weltweit strengsten und ambitioniertesten Umweltzertifizierungen. Das Nordic Swan Ecolabel dient als Leitstern f\u00fcr Verbraucher und erleichtert es, einen umweltfreundlicheren Lebensstil zu f\u00fchren. In der gesamten nordischen Region gewinnt das Nordic Swan Ecolabel zunehmend an Bedeutung.  \r\n\r\nAllein in D\u00e4nemark kennen 95 % der Bev\u00f6lkerung das Label, und 67 % achten aktiv darauf, wenn sie Kaufentscheidungen treffen; nun ist es auch auf Akustikpaneelen zu finden. Ganze 68 % der D\u00e4nen engagieren sich aktiv mit pers\u00f6nlichen Ma\u00dfnahmen f\u00fcr den Umweltschutz. Lizenznehmer des Nordic Swan Ecolabel k\u00f6nnen Umweltfreundlichkeit als strategischen Wettbewerbsvorteil nutzen und so eine nachhaltigere Gesellschaft unterst\u00fctzen.","responsibility_certificates-cta_link":"","responsibility_certificates-cta_text":""},{"responsibility_certificates-logo":4720,"responsibility_certificates-title":"Innenklima Getestet","responsibility_certificates-description":"Wenn Sie sich f\u00fcr Akustikpaneele von Denpanels entscheiden, die gem\u00e4\u00df der deutschen Norm AgBB auf das Innenraumklima getestet und zugelassen sind, erhalten Sie mehr als nur eine bessere Klangqualit\u00e4t in Ihrem Zuhause. Sie erhalten eine L\u00f6sung, die aktiv zu einer ges\u00fcnderen und saubereren Raumluft beitr\u00e4gt.  \r\n\r\nDie AgBB-Zulassung stellt sicher, dass die Paneele frei von sch\u00e4dlichen Emissionen sind, sodass Sie eine angenehme und gesunde Umgebung ohne Bedenken genie\u00dfen k\u00f6nnen. Mit den Akustikpaneelen von Denpanels erhalten Sie sowohl eine optimale Akustik als auch die Gewissheit, dass die Luft, die Sie atmen, so rein wie m\u00f6glich ist. Es ist eine Investition in Komfort und Gesundheit.","responsibility_certificates-cta_link":"","responsibility_certificates-cta_text":""}]},"hero-media":"","hero-h1":"","hero-sub_header":""},"_links":{"self":[{"href":"https:\/\/denpanels.com\/de\/wp-json\/wp\/v2\/pages\/8064","targetHints":{"allow":["GET"]}}],"collection":[{"href":"https:\/\/denpanels.com\/de\/wp-json\/wp\/v2\/pages"}],"about":[{"href":"https:\/\/denpanels.com\/de\/wp-json\/wp\/v2\/types\/page"}],"author":[{"embeddable":true,"href":"https:\/\/denpanels.com\/de\/wp-json\/wp\/v2\/users\/3"}],"replies":[{"embeddable":true,"href":"https:\/\/denpanels.com\/de\/wp-json\/wp\/v2\/comments?post=8064"}],"version-history":[{"count":17,"href":"https:\/\/denpanels.com\/de\/wp-json\/wp\/v2\/pages\/8064\/revisions"}],"predecessor-version":[{"id":24193,"href":"https:\/\/denpanels.com\/de\/wp-json\/wp\/v2\/pages\/8064\/revisions\/24193"}],"wp:attachment":[{"href":"https:\/\/denpanels.com\/de\/wp-json\/wp\/v2\/media?parent=8064"}],"wp:term":[{"taxonomy":"page-section","embeddable":true,"href":"https:\/\/denpanels.com\/de\/wp-json\/wp\/v2\/page-section?post=8064"},{"taxonomy":"page-template","embeddable":true,"href":"https:\/\/denpanels.com\/de\/wp-json\/wp\/v2\/page-template?post=8064"}],"curies":[{"name":"wp","href":"https:\/\/api.w.org\/{rel}","templated":true}]}}