{"id":7628,"date":"2024-05-23T15:21:12","date_gmt":"2024-05-23T13:21:12","guid":{"rendered":"https:\/\/new.byveno.com\/about\/"},"modified":"2025-02-18T11:48:54","modified_gmt":"2025-02-18T10:48:54","slug":"about","status":"publish","type":"page","link":"https:\/\/denpanels.com\/de\/about\/","title":{"rendered":"\u00dcber uns"},"content":{"rendered":"","protected":false},"excerpt":{"rendered":"","protected":false},"author":1,"featured_media":0,"parent":0,"menu_order":0,"comment_status":"closed","ping_status":"closed","template":"","meta":{"_acf_changed":false,"footnotes":""},"page-section":[536,525,526],"page-template":[111],"class_list":["post-7628","page","type-page","status-publish","hentry","page-section-content-blocks","page-section-hero","page-section-product-category","page-template-about-us"],"acf":{"product_category-selected":false,"product_category-headline_p1":"\u00dcber","product_category-headline_p2":"Denpanels","product_category-introduction":"Denpanels wurde mit der Vision gegr\u00fcndet, eine Marke zu schaffen, die sich nicht nur an den europ\u00e4ischen Markt anpasst, sondern auch dessen Vielfalt und reiche Designtraditionen zelebriert. Mit Wurzeln in D\u00e4nemark und als Teil von Fog &amp; Ven\u00f8 hat sich Denpanels schnell als Symbol f\u00fcr hochwertige Handwerkskunst und \u00e4sthetische Innovation etabliert.\r\n\r\nAber wir sind mehr als nur sch\u00f6ne Oberfl\u00e4chen - wir sind f\u00fcr alle da, die gerne gestalten. Ob Sie von Grund auf neu bauen, renovieren oder einfach einem Raum eine pers\u00f6nliche Note verleihen, unsere Platten sind so konzipiert, dass sie leicht zu verarbeiten sind. Montieren Sie sie, schneiden Sie sie zu, streichen Sie sie, oder kombinieren Sie sie auf neue Weise - Sie haben die Wahl!\r\n\r\nBei Denpanels geht es darum, es Ihnen leicht zu machen, etwas zu schaffen, das sich genau richtig anf\u00fchlt. Gleichzeitig \u00fcbernehmen wir Verantwortung, indem wir nachhaltige Materialien ausw\u00e4hlen, den Abfall minimieren und daf\u00fcr sorgen, dass unsere Produkte jahrelang halten.\r\n\r\nEgal, ob du ein erfahrener Heimwerker bist oder einfach nur gerne selbst Hand anlegst - schnapp dir dein Werkzeug und lass uns gemeinsam etwas Gro\u00dfartiges bauen!","product_category-highlighted_media":21469,"product_category-cta":{"product_category_cta":[{"product_category_cta-link":{"title":"Paneele","url":"https:\/\/denpanels.com\/de\/paneele\/","target":""},"product_category_cta-link_text":21266,"product_category_cta-button_look":"uk-button-secondary","product_category_cta-button_icon":"chevron-right"}]},"comparrison_image":null,"product_category-some_of_our_combinations":18934,"hero-media":[21436],"hero-h1":"Denpanels","hero-sub_header":"elegant European style"},"_links":{"self":[{"href":"https:\/\/denpanels.com\/de\/wp-json\/wp\/v2\/pages\/7628","targetHints":{"allow":["GET"]}}],"collection":[{"href":"https:\/\/denpanels.com\/de\/wp-json\/wp\/v2\/pages"}],"about":[{"href":"https:\/\/denpanels.com\/de\/wp-json\/wp\/v2\/types\/page"}],"author":[{"embeddable":true,"href":"https:\/\/denpanels.com\/de\/wp-json\/wp\/v2\/users\/1"}],"replies":[{"embeddable":true,"href":"https:\/\/denpanels.com\/de\/wp-json\/wp\/v2\/comments?post=7628"}],"version-history":[{"count":29,"href":"https:\/\/denpanels.com\/de\/wp-json\/wp\/v2\/pages\/7628\/revisions"}],"predecessor-version":[{"id":21525,"href":"https:\/\/denpanels.com\/de\/wp-json\/wp\/v2\/pages\/7628\/revisions\/21525"}],"acf:attachment":[{"embeddable":true,"href":"https:\/\/denpanels.com\/de\/wp-json\/wp\/v2\/media\/21436"}],"acf:post":[{"embeddable":true,"href":"https:\/\/denpanels.com\/de\/wp-json\/wp\/v2\/translation\/18934"}],"wp:attachment":[{"href":"https:\/\/denpanels.com\/de\/wp-json\/wp\/v2\/media?parent=7628"}],"wp:term":[{"taxonomy":"page-section","embeddable":true,"href":"https:\/\/denpanels.com\/de\/wp-json\/wp\/v2\/page-section?post=7628"},{"taxonomy":"page-template","embeddable":true,"href":"https:\/\/denpanels.com\/de\/wp-json\/wp\/v2\/page-template?post=7628"}],"curies":[{"name":"wp","href":"https:\/\/api.w.org\/{rel}","templated":true}]}}