{"id":30771,"date":"2026-02-02T15:45:49","date_gmt":"2026-02-02T14:45:49","guid":{"rendered":"https:\/\/denpanels.com\/metallic-panels\/"},"modified":"2026-02-03T11:46:31","modified_gmt":"2026-02-03T10:46:31","slug":"metallic-paneele","status":"publish","type":"page","link":"https:\/\/denpanels.com\/de\/metallic-paneele\/","title":{"rendered":"Metallic Paneele"},"content":{"rendered":"","protected":false},"excerpt":{"rendered":"","protected":false},"author":3,"featured_media":0,"parent":0,"menu_order":0,"comment_status":"closed","ping_status":"closed","template":"","meta":{"_acf_changed":false,"footnotes":""},"page-section":[535,524,525,530,526,532,527,534],"page-template":[945],"class_list":["post-30771","page","type-page","status-publish","hentry","page-section-category-options","page-section-datasheet","page-section-hero","page-section-main-category","page-section-product-category","page-section-specific-products","page-section-sub-category","page-section-the-panels-construction","page-template-category-metallic"],"acf":{"product_category-selected":937,"product_category-headline_p1":"Verleihen Sie einen markanten, modernen Look","product_category-headline_p2":"Ihrem Interieur","product_category-introduction":"Suchen Sie nach einer eleganten und modernen Wandl\u00f6sung mit einem exklusiven, industriellen Charakter? Metallic-Paneele von Denpanels verbinden den Look von geb\u00fcrstetem Stahl mit edlen Metallic-Farbt\u00f6nen und erm\u00f6glichen es Ihnen, einen Raum zu gestalten, der sowohl stilvoll als auch ruhig wirkt.\r\n\r\nPerfekt f\u00fcr Wohnr\u00e4ume, B\u00fcros und \u00f6ffentliche Bereiche verbessern diese Paneele die Raumakustik und sorgen gleichzeitig f\u00fcr eine klare, hochwertige Optik \u2013 mit einer Oberfl\u00e4che, die f\u00fcr den Alltag gemacht ist.\r\n\r\n<strong>Mit Metallic-Paneelen von Denpanels erhalten Sie:<\/strong>\r\n\r\n<ul>\r\n  <li>Einen modernen Look aus geb\u00fcrstetem Stahl \u2013 f\u00fcr ein minimalistisches und exklusives Finish<\/li>\r\n  <li>6 Metallic-Farben \u2013 Aluminium, Bronze, Kupfer, Gold, Inox und Titan<\/li>\r\n  <li>Bessere Akustik \u2013 Schallabsorption und reduzierte Nachhallzeiten<\/li>\r\n  <li>Einfache Pflege \u2013 eine robuste Laminatoberfl\u00e4che, die sich leicht reinigen l\u00e4sst<\/li>\r\n  <li>Weniger sichtbare Fingerabdr\u00fccke \u2013 f\u00fcr ein sauberes und einheitliches Erscheinungsbild<\/li>\r\n  <li>D\u00e4nisches Design &amp; Qualit\u00e4t \u2013 gefertigt mit Fokus auf Funktion und \u00c4sthetik<\/li>\r\n<\/ul>\r\n","product_category-highlighted_media":30759,"product_category-cta":{"product_category_cta":null},"comparrison_image":"","product_category-some_of_our_combinations":18934,"hero-media":[30728],"hero-h1":"Metallic Paneele","hero-sub_header":""},"_links":{"self":[{"href":"https:\/\/denpanels.com\/de\/wp-json\/wp\/v2\/pages\/30771","targetHints":{"allow":["GET"]}}],"collection":[{"href":"https:\/\/denpanels.com\/de\/wp-json\/wp\/v2\/pages"}],"about":[{"href":"https:\/\/denpanels.com\/de\/wp-json\/wp\/v2\/types\/page"}],"author":[{"embeddable":true,"href":"https:\/\/denpanels.com\/de\/wp-json\/wp\/v2\/users\/3"}],"replies":[{"embeddable":true,"href":"https:\/\/denpanels.com\/de\/wp-json\/wp\/v2\/comments?post=30771"}],"version-history":[{"count":3,"href":"https:\/\/denpanels.com\/de\/wp-json\/wp\/v2\/pages\/30771\/revisions"}],"predecessor-version":[{"id":30808,"href":"https:\/\/denpanels.com\/de\/wp-json\/wp\/v2\/pages\/30771\/revisions\/30808"}],"acf:attachment":[{"embeddable":true,"href":"https:\/\/denpanels.com\/de\/wp-json\/wp\/v2\/media\/30728"}],"acf:post":[{"embeddable":true,"href":"https:\/\/denpanels.com\/de\/wp-json\/wp\/v2\/translation\/18934"}],"acf:term":[{"embeddable":true,"taxonomy":"product-category","href":"https:\/\/denpanels.com\/de\/wp-json\/wp\/v2\/product-category\/937"}],"wp:attachment":[{"href":"https:\/\/denpanels.com\/de\/wp-json\/wp\/v2\/media?parent=30771"}],"wp:term":[{"taxonomy":"page-section","embeddable":true,"href":"https:\/\/denpanels.com\/de\/wp-json\/wp\/v2\/page-section?post=30771"},{"taxonomy":"page-template","embeddable":true,"href":"https:\/\/denpanels.com\/de\/wp-json\/wp\/v2\/page-template?post=30771"}],"curies":[{"name":"wp","href":"https:\/\/api.w.org\/{rel}","templated":true}]}}