{"id":28746,"date":"2025-06-05T08:51:11","date_gmt":"2025-06-05T06:51:11","guid":{"rendered":"https:\/\/denpanels.com\/?page_id=28746"},"modified":"2025-11-18T09:58:14","modified_gmt":"2025-11-18T08:58:14","slug":"nordic-outdoor-paneele","status":"publish","type":"page","link":"https:\/\/denpanels.com\/de\/paneele\/nordic-outdoor-paneele\/","title":{"rendered":"Nordic Outdoor Paneele"},"content":{"rendered":"","protected":false},"excerpt":{"rendered":"","protected":false},"author":1,"featured_media":0,"parent":8125,"menu_order":3,"comment_status":"closed","ping_status":"closed","template":"","meta":{"_acf_changed":false,"footnotes":""},"page-section":[525,530,528,526],"page-template":[765],"class_list":["post-28746","page","type-page","status-publish","hentry","page-section-hero","page-section-main-category","page-section-megamenu","page-section-product-category","page-template-category-outdoor-panels"],"acf":{"outdoorpanels_products":[{"outdoorpanels_products-images":[28582,28591,28618,28600,28609],"outdoorpanels_products-info":{"outdoorpanels_products-name":"Nordic Outdoor Design Paneele","outdoorpanels_products-description":"Die Nordic Outdoor Design Paneele sind ideal f\u00fcr Terrassen, Balkone und Carports, die Schutz vor direkter Witterung haben. Die ThermoWood-Lamellen sind auf feuchtigkeitsbest\u00e4ndigem Filz montiert und erzeugen eine warme, harmonische Oberfl\u00e4che.","outdoorpanels_products-usp_headline":"Warum Nordic Outdoor Design Paneele?","outdoorpanels_products-usp":[{"outdoorpanels_products-usp_text":"Perfekt f\u00fcr \u00fcberdachte Au\u00dfenbereiche"},{"outdoorpanels_products-usp_text":"Einheitliches, exklusives Erscheinungsbild"},{"outdoorpanels_products-usp_text":"Schnelle Montage ohne Spezialwerkzeug"}]},"outdoorpanels_products-datasheet":{"outdoorpanels_products-button_text":18955,"category_datasheet-issuu_link":"https:\/\/issuu.com\/fogveno\/docs\/de_nordic_outdoor_design_panel?fr=xKAE9_zMzMw"},"outdoorpanels_products-installation":{"outdoorpanels_products_installation-button_cta":28628,"outdoorpanels_products_installation-headline":28628,"outdoorpanels_products_installation-guide":"Schritt-f\u00fcr-Schritt-Montage\r\n\r\nVorbereitung: Stellen Sie sicher, dass die Wand eben und stabil ist. Installieren Sie bei Bedarf eine winddichte Membran. Lesen Sie die dem Verpackung beiliegende Montageanleitung.\r\n\r\nMontage der Latten: Verwenden Sie geeignete Holzlatten mit korrektem Abstand. Verwenden Sie mindestens 15 Nordic Outdoor PRO Fassadenschrauben pro Paneel (\u00d84,0 x 30 mm). Die Paneele sollten mit der filzbeschichteten Seite zu den Latten hin montiert werden.\r\n\r\nBefestigung der Paneele: Befestigen Sie die Paneele mit Nordic Outdoor PRO Fassadenschrauben.\r\n\r\nAnpassung der Paneele: Wenn Sie die Breite oder L\u00e4nge der Paneele anpassen m\u00fcssen, empfehlen wir die Verwendung einer Stichs\u00e4ge oder Kreiss\u00e4ge f\u00fcr pr\u00e4zise Schnitte.\r\n\r\n","outdoorpanels_products_installation-video_url":"https:\/\/youtu.be\/xeJ2UGuPZbQ"}},{"outdoorpanels_products-images":[28645,28654,28681,28672,28663],"outdoorpanels_products-info":{"outdoorpanels_products-name":"Nordic Outdoor FLEX Paneele","outdoorpanels_products-description":"Die Nordic Outdoor FLEX Paneele sind eine robuste Fassadenverkleidung mit sichtbarer Tr\u00e4gerplatte aus ThermoWood \u2013 ein gestalterischer Bestandteil des Designs. Ideal f\u00fcr Projekte, die eine schnelle und flexible Installation erfordern.","outdoorpanels_products-usp_headline":"Warum Nordic Outdoor FLEX Paneele?","outdoorpanels_products-usp":[{"outdoorpanels_products-usp_text":"Integrierte Tr\u00e4gerplatte f\u00fcr ein harmonisches Gesamtbild"},{"outdoorpanels_products-usp_text":"Zeitersparnis dank problemloser Montage"},{"outdoorpanels_products-usp_text":"Best\u00e4ndig gegen Feuchtigkeit, Schimmel und Temperaturschwankungen"}]},"outdoorpanels_products-datasheet":{"outdoorpanels_products-button_text":18955,"category_datasheet-issuu_link":"https:\/\/issuu.com\/fogveno\/docs\/de_nordic_outdoor_flex_panel?fr=xKAE9_zMzMw"},"outdoorpanels_products-installation":{"outdoorpanels_products_installation-button_cta":28628,"outdoorpanels_products_installation-headline":28628,"outdoorpanels_products_installation-guide":"Schritt-f\u00fcr-Schritt-Montage\r\n\r\nVorbereitung: Stellen Sie sicher, dass die angrenzenden Bauteile fachgerecht ausgef\u00fchrt sind und ausreichenden Schutz sowie Halt f\u00fcr die Verkleidung bieten. Sorgen Sie f\u00fcr Wasserableitung, Bel\u00fcftung und Spielraum f\u00fcr bauliche Bewegungen. Die Verkleidung darf nicht in direktem Kontakt mit dem Boden stehen (mindestens 200 mm Abstand zum Gel\u00e4nde).\r\n\r\nBefestigung der Paneele: Verwenden Sie entweder Ringn\u00e4gel oder Nordic Outdoor FLEX Fassadenschrauben. Es wird empfohlen, die Enden der Profile vorzubohren, um ein Aufspalten zu vermeiden.\r\n\r\nMontage der Paneele: Beginnen Sie unten und arbeiten Sie sich nach oben. \u00dcberpr\u00fcfen Sie fortlaufend die vertikale und horizontale Ausrichtung.\r\n\r\nAnpassung der Paneele: Verwenden Sie f\u00fcr pr\u00e4zise Schnitte eine Stichs\u00e4ge oder eine Kreiss\u00e4ge.","outdoorpanels_products_installation-video_url":"https:\/\/youtu.be\/xeJ2UGuPZbQ"}},{"outdoorpanels_products-images":[28690,28708,28735,28726,28699,28717],"outdoorpanels_products-info":{"outdoorpanels_products-name":"Nordic Outdoor PRO Paneel","outdoorpanels_products-description":"Nordic Outdoor PRO Paneele sind eine witterungsbest\u00e4ndige und \u00e4sthetische Fassadenl\u00f6sung. Das Paneel besteht aus Steinwolleplatten und exklusiven ThermoWood-Lamellen, die eine lange Haltbarkeit, minimalen Wartungsaufwand und Widerstandsf\u00e4higkeit gegen\u00fcber Feuchtigkeit und Temperaturschwankungen gew\u00e4hrleisten.","outdoorpanels_products-usp_headline":"Warum Nordic Outdoor PRO Paneele?","outdoorpanels_products-usp":[{"outdoorpanels_products-usp_text":"Kombination aus Steinwolleplatten & ThermoWood"},{"outdoorpanels_products-usp_text":"Sehr langlebig, witterungsbest\u00e4ndig und pflegeleicht"},{"outdoorpanels_products-usp_text":"Einfache Installation ohne Spezialwerkzeug"}]},"outdoorpanels_products-datasheet":{"outdoorpanels_products-button_text":18955,"category_datasheet-issuu_link":"https:\/\/issuu.com\/fogveno\/docs\/de_nordic_outdoor_pro_panel?fr=xKAE9_zMzMw"},"outdoorpanels_products-installation":{"outdoorpanels_products_installation-button_cta":28628,"outdoorpanels_products_installation-headline":28628,"outdoorpanels_products_installation-guide":"Schritt-f\u00fcr-Schritt-Montage\r\n\r\nVorbereitung: Reinigen und bereiten Sie die Oberfl\u00e4che vor. Lesen Sie die dem Verpackung beiliegende Montageanleitung. Installieren Sie bei Bedarf eine Windschutzmembran.\r\n\r\nMontage der Latten: Montieren Sie die Latten mit einem maximalen Abstand von C\/C 300 mm. Sorgen Sie f\u00fcr eine ausreichende Bel\u00fcftung.\r\n\r\nBefestigung der Paneele: Befestigen Sie die Paneele mit Fassadenschrauben, mit mindestens 10 Schrauben pro m\u00b2.\r\n\r\nAbschluss: \u00dcberpr\u00fcfen Sie, ob alle Paneele korrekt ausgerichtet sind. Installieren Sie bei Bedarf ein Insektenschutznetz oben und unten.\r\n\r\n","outdoorpanels_products_installation-video_url":"https:\/\/youtu.be\/KEGL-QCWLq8"}},{"outdoorpanels_products-images":[30160],"outdoorpanels_products-info":{"outdoorpanels_products-name":"Nordic Outdoor FR PRO Paneele","outdoorpanels_products-description":"F\u00fcr halb offene und \u00fcberdachte Au\u00dfenbereiche, in denen Brandsicherheit entscheidend ist, bieten die FR PRO Paneele zertifizierte Feuerwiderstandsklasse B-s2,d0. Mit ThermoWood-Lamellen und Steinwolleplatten vereinen sie Sicherheit und modernes nordisches Design.","outdoorpanels_products-usp_headline":"Warum Nordic Outdoor FR PRO Paneele?","outdoorpanels_products-usp":[{"outdoorpanels_products-usp_text":"Schwer entflammbar (B-s2,d0)"},{"outdoorpanels_products-usp_text":"Sicher, \u00e4sthetisch und langlebig"},{"outdoorpanels_products-usp_text":"Geeignet f\u00fcr Renovierungen und Neubauten"}]},"outdoorpanels_products-datasheet":{"outdoorpanels_products-button_text":18955,"category_datasheet-issuu_link":"https:\/\/issuu.com\/fogveno\/docs\/de_nordic_outdoor_fr_pro_panel?fr=xKAE9_zMzMw"},"outdoorpanels_products-installation":{"outdoorpanels_products_installation-button_cta":"","outdoorpanels_products_installation-headline":"","outdoorpanels_products_installation-guide":"","outdoorpanels_products_installation-video_url":""}}],"product_category-selected":false,"product_category-headline_p1":"REAL WOOD,","product_category-headline_p2":"REAL ACOUSTIC IMPROVEMENTS","product_category-introduction":"All BY VEN\u00d8 acoustic panels are much more than just a visual product. You get a product that makes the room\u2019s acoustics and level of reverberation significantly better!\r\n\r\nOur Danish-made acoustic panels break the sound and absorb the sound wave, so it dies out when it hits the panels.\r\n\r\nThis means that the sound wave is eliminated and the reverberation time is shortened, which will improve the indoor climate and the feeling of well-being in the room, whether we are talking about private, commercial or public buildings.\r\n\r\nThe combination of the slat structure and the acoustic polyester felt divides the sound waves and absorbs them when they hit the panel. This means that the sound is not reflected back into the room, but is absorbed into the panel.\r\n\r\nThe panel is made of slats of black MDF with a surface of real wood veneer, which is attached to a 9mm \/ 0.35 in black polyester felt of recycled plastic. Our wood panels are also made from materials from responsibly managed FSC\u2122certified forests and other controlled sources.","product_category-highlighted_media":"","product_category-cta":{"product_category_cta":null},"comparrison_image":"","product_category-some_of_our_combinations":"","hero-media":[28555,28564,28573],"hero-h1":"Nordic Outdoor Paneele","hero-sub_header":""},"_links":{"self":[{"href":"https:\/\/denpanels.com\/de\/wp-json\/wp\/v2\/pages\/28746","targetHints":{"allow":["GET"]}}],"collection":[{"href":"https:\/\/denpanels.com\/de\/wp-json\/wp\/v2\/pages"}],"about":[{"href":"https:\/\/denpanels.com\/de\/wp-json\/wp\/v2\/types\/page"}],"author":[{"embeddable":true,"href":"https:\/\/denpanels.com\/de\/wp-json\/wp\/v2\/users\/1"}],"replies":[{"embeddable":true,"href":"https:\/\/denpanels.com\/de\/wp-json\/wp\/v2\/comments?post=28746"}],"version-history":[{"count":5,"href":"https:\/\/denpanels.com\/de\/wp-json\/wp\/v2\/pages\/28746\/revisions"}],"predecessor-version":[{"id":30256,"href":"https:\/\/denpanels.com\/de\/wp-json\/wp\/v2\/pages\/28746\/revisions\/30256"}],"up":[{"embeddable":true,"href":"https:\/\/denpanels.com\/de\/wp-json\/wp\/v2\/pages\/8125"}],"acf:attachment":[{"embeddable":true,"href":"https:\/\/denpanels.com\/de\/wp-json\/wp\/v2\/media\/28573"},{"embeddable":true,"href":"https:\/\/denpanels.com\/de\/wp-json\/wp\/v2\/media\/28564"},{"embeddable":true,"href":"https:\/\/denpanels.com\/de\/wp-json\/wp\/v2\/media\/28555"}],"wp:attachment":[{"href":"https:\/\/denpanels.com\/de\/wp-json\/wp\/v2\/media?parent=28746"}],"wp:term":[{"taxonomy":"page-section","embeddable":true,"href":"https:\/\/denpanels.com\/de\/wp-json\/wp\/v2\/page-section?post=28746"},{"taxonomy":"page-template","embeddable":true,"href":"https:\/\/denpanels.com\/de\/wp-json\/wp\/v2\/page-template?post=28746"}],"curies":[{"name":"wp","href":"https:\/\/api.w.org\/{rel}","templated":true}]}}