{"id":20618,"date":"2025-01-09T12:11:21","date_gmt":"2025-01-09T11:11:21","guid":{"rendered":"https:\/\/byveno.com\/paneele\/zubehoer\/finish\/finishing-slates\/"},"modified":"2025-02-18T15:08:00","modified_gmt":"2025-02-18T14:08:00","slug":"abschlussleisten","status":"publish","type":"page","link":"https:\/\/denpanels.com\/de\/paneele\/zubehoer\/abschlussleisten\/","title":{"rendered":"Abschlussleisten"},"content":{"rendered":"","protected":false},"excerpt":{"rendered":"","protected":false},"author":3,"featured_media":0,"parent":12212,"menu_order":0,"comment_status":"closed","ping_status":"closed","template":"","meta":{"_acf_changed":false,"footnotes":""},"page-section":[536,524,525,528,526],"page-template":[497],"class_list":["post-20618","page","type-page","status-publish","hentry","page-section-content-blocks","page-section-datasheet","page-section-hero","page-section-megamenu","page-section-product-category","page-template-category-finishing-slates"],"acf":{"finishing_slats-sub_categories_copy":[514,519],"product_category-selected":453,"product_category-headline_p1":"Abschlussleisten","product_category-headline_p2":"Der perfekte letzte Schliff","product_category-introduction":"Bei Denpanels bieten wir Abschlussleisten f\u00fcr eine nahtlose und einheitliche Holzoberfl\u00e4che bei der Installation Ihrer Akustikpaneele. W\u00e4hrend einige schwarze Kanten bevorzugen, m\u00f6chten andere eine nat\u00fcrliche Holzoptik \u2013 und genau hier kommen unsere Abschlussleisten ins Spiel!  \r\n\r\n<strong>Passend zu Ihren Paneelen<\/strong> \u2013 hergestellt aus durchgef\u00e4rbtem MDF mit Echtholzfurnier.  \r\n<strong>Einfache Installation<\/strong> \u2013 einfach mit Montagekleber anbringen.  \r\n<strong>Individuelle Gr\u00f6\u00dfen<\/strong> \u2013 in verschiedenen L\u00e4ngen und Breiten bis zu 3000 mm erh\u00e4ltlich.  \r\n\r\nDie richtige Gr\u00f6\u00dfe w\u00e4hlen:  \r\n27 mm Leiste \u2013 f\u00fcr Paneele, die direkt an der Wand montiert sind.  \r\n62 mm Leiste \u2013 f\u00fcr Paneele, die auf Unterkonstruktionslatten montiert sind.  \r\n\r\nMit Abschlussleisten erzielen Sie eine Massivholzoptik und ein elegantes, hochwertiges Finish f\u00fcr Ihr Denpanels-Projekt.  \r\n\r\nNahtloses Design. Einfache Montage. Beeindruckendes Ergebnis.","product_category-highlighted_media":19769,"product_category-cta":{"product_category_cta":null},"comparrison_image":null,"product_category-some_of_our_combinations":18934,"hero-media":[19777],"hero-h1":"Abschlussleisten","hero-sub_header":""},"_links":{"self":[{"href":"https:\/\/denpanels.com\/de\/wp-json\/wp\/v2\/pages\/20618","targetHints":{"allow":["GET"]}}],"collection":[{"href":"https:\/\/denpanels.com\/de\/wp-json\/wp\/v2\/pages"}],"about":[{"href":"https:\/\/denpanels.com\/de\/wp-json\/wp\/v2\/types\/page"}],"author":[{"embeddable":true,"href":"https:\/\/denpanels.com\/de\/wp-json\/wp\/v2\/users\/3"}],"replies":[{"embeddable":true,"href":"https:\/\/denpanels.com\/de\/wp-json\/wp\/v2\/comments?post=20618"}],"version-history":[{"count":6,"href":"https:\/\/denpanels.com\/de\/wp-json\/wp\/v2\/pages\/20618\/revisions"}],"predecessor-version":[{"id":21695,"href":"https:\/\/denpanels.com\/de\/wp-json\/wp\/v2\/pages\/20618\/revisions\/21695"}],"up":[{"embeddable":true,"href":"https:\/\/denpanels.com\/de\/wp-json\/wp\/v2\/pages\/12212"}],"acf:attachment":[{"embeddable":true,"href":"https:\/\/denpanels.com\/de\/wp-json\/wp\/v2\/media\/19777"}],"acf:post":[{"embeddable":true,"href":"https:\/\/denpanels.com\/de\/wp-json\/wp\/v2\/translation\/18934"}],"acf:term":[{"embeddable":true,"taxonomy":"product-category","href":"https:\/\/denpanels.com\/de\/wp-json\/wp\/v2\/product-category\/453"},{"embeddable":true,"taxonomy":"product-category","href":"https:\/\/denpanels.com\/de\/wp-json\/wp\/v2\/product-category\/519"},{"embeddable":true,"taxonomy":"product-category","href":"https:\/\/denpanels.com\/de\/wp-json\/wp\/v2\/product-category\/514"}],"wp:attachment":[{"href":"https:\/\/denpanels.com\/de\/wp-json\/wp\/v2\/media?parent=20618"}],"wp:term":[{"taxonomy":"page-section","embeddable":true,"href":"https:\/\/denpanels.com\/de\/wp-json\/wp\/v2\/page-section?post=20618"},{"taxonomy":"page-template","embeddable":true,"href":"https:\/\/denpanels.com\/de\/wp-json\/wp\/v2\/page-template?post=20618"}],"curies":[{"name":"wp","href":"https:\/\/api.w.org\/{rel}","templated":true}]}}