{"id":20571,"date":"2025-01-09T12:05:05","date_gmt":"2025-01-09T11:05:05","guid":{"rendered":"https:\/\/byveno.com\/paneele\/zubehoer\/aufhaengung\/shelves\/"},"modified":"2025-04-15T13:07:29","modified_gmt":"2025-04-15T11:07:29","slug":"lagerung","status":"publish","type":"page","link":"https:\/\/denpanels.com\/de\/paneele\/zubehoer\/lagerung\/","title":{"rendered":"Lagerung"},"content":{"rendered":"<div><\/div>\n<div><\/div>\n<p>&nbsp;<\/p>\n<p>&nbsp;<\/p>\n<ul>\n<li><\/li>\n<li><\/li>\n<li><\/li>\n<li><\/li>\n<\/ul>\n<ul>\n<li><\/li>\n<li><\/li>\n<li><\/li>\n<li><\/li>\n<\/ul>\n<ul>\n<li><\/li>\n<li><\/li>\n<li><\/li>\n<li><\/li>\n<\/ul>\n<ul>\n<li><\/li>\n<li><\/li>\n<li><\/li>\n<li><\/li>\n<\/ul>\n<div><\/div>\n<p><!--more--><\/p>\n","protected":false},"excerpt":{"rendered":"<p>&nbsp; &nbsp;<\/p>\n","protected":false},"author":3,"featured_media":0,"parent":12212,"menu_order":0,"comment_status":"closed","ping_status":"closed","template":"","meta":{"_acf_changed":false,"footnotes":""},"page-section":[524,525,529,528,526],"page-template":[370],"class_list":["post-20571","page","type-page","status-publish","hentry","page-section-datasheet","page-section-hero","page-section-highlighted-inspiration","page-section-megamenu","page-section-product-category","page-template-product-sub-category"],"acf":{"product_category-selected":440,"product_category-headline_p1":"Elegante","product_category-headline_p2":"und praktische Regale","product_category-introduction":"Bei Denpanels verwandeln wir Ihre Akustikpaneele in funktionale Aufbewahrungsl\u00f6sungen mit unseren eleganten und praktischen Regalen. Diese Regale wurden f\u00fcr eine einfache Montage entwickelt und bieten eine clevere M\u00f6glichkeit, allt\u00e4gliche Dinge zu verstauen und auszustellen, ohne die Akustik zu beeintr\u00e4chtigen.\r\n\r\n<strong>M\u00fchelose Installation<\/strong> \u2013 integriert sich nahtlos in Ihre Akustikpaneele.\r\n<strong>Vielseitiges Design<\/strong> \u2013 perfekt f\u00fcr Pflanzen, B\u00fccher und dekorative Gegenst\u00e4nde.\r\n<strong>Stark & langlebig<\/strong> \u2013 tr\u00e4gt bis zu 5 kg \/ 11 lbs.\r\n\r\nAufbewahrung Regale mit Haken\r\nF\u00fcgen Sie sowohl Funktionalit\u00e4t als auch Stil Ihrem Eingangsbereich, B\u00fcro oder Wohnzimmer mit unseren Regalen mit vier integrierten Haken hinzu. Ideal f\u00fcr Schl\u00fcssel, Taschen und andere kleine Essentials, helfen sie dabei, Ihren Raum organisiert und stilvoll zu halten, w\u00e4hrend sie eine optimale Raumakustik bewahren.\r\n\r\nAbmessungen: 50 x 215 x 70 mm\r\nTragf\u00e4higkeit: 5 kg \/ 11 lbs\r\n\r\nCleverer Stauraum, einfach gemacht.","product_category-highlighted_media":20254,"product_category-cta":{"product_category_cta":null},"comparrison_image":null,"product_category-some_of_our_combinations":18934,"hero-media":[12386,22091],"hero-h1":"Lagerung","hero-sub_header":""},"_links":{"self":[{"href":"https:\/\/denpanels.com\/de\/wp-json\/wp\/v2\/pages\/20571","targetHints":{"allow":["GET"]}}],"collection":[{"href":"https:\/\/denpanels.com\/de\/wp-json\/wp\/v2\/pages"}],"about":[{"href":"https:\/\/denpanels.com\/de\/wp-json\/wp\/v2\/types\/page"}],"author":[{"embeddable":true,"href":"https:\/\/denpanels.com\/de\/wp-json\/wp\/v2\/users\/3"}],"replies":[{"embeddable":true,"href":"https:\/\/denpanels.com\/de\/wp-json\/wp\/v2\/comments?post=20571"}],"version-history":[{"count":7,"href":"https:\/\/denpanels.com\/de\/wp-json\/wp\/v2\/pages\/20571\/revisions"}],"predecessor-version":[{"id":28079,"href":"https:\/\/denpanels.com\/de\/wp-json\/wp\/v2\/pages\/20571\/revisions\/28079"}],"up":[{"embeddable":true,"href":"https:\/\/denpanels.com\/de\/wp-json\/wp\/v2\/pages\/12212"}],"acf:attachment":[{"embeddable":true,"href":"https:\/\/denpanels.com\/de\/wp-json\/wp\/v2\/media\/22091"},{"embeddable":true,"href":"https:\/\/denpanels.com\/de\/wp-json\/wp\/v2\/media\/12386"}],"acf:post":[{"embeddable":true,"href":"https:\/\/denpanels.com\/de\/wp-json\/wp\/v2\/translation\/18934"}],"acf:term":[{"embeddable":true,"taxonomy":"product-category","href":"https:\/\/denpanels.com\/de\/wp-json\/wp\/v2\/product-category\/440"}],"wp:attachment":[{"href":"https:\/\/denpanels.com\/de\/wp-json\/wp\/v2\/media?parent=20571"}],"wp:term":[{"taxonomy":"page-section","embeddable":true,"href":"https:\/\/denpanels.com\/de\/wp-json\/wp\/v2\/page-section?post=20571"},{"taxonomy":"page-template","embeddable":true,"href":"https:\/\/denpanels.com\/de\/wp-json\/wp\/v2\/page-template?post=20571"}],"curies":[{"name":"wp","href":"https:\/\/api.w.org\/{rel}","templated":true}]}}