{"id":20551,"date":"2025-01-09T12:01:39","date_gmt":"2025-01-09T11:01:39","guid":{"rendered":"https:\/\/byveno.com\/paneele\/zubehoer\/aufhaengung\/led-light-cover\/"},"modified":"2025-04-15T13:19:50","modified_gmt":"2025-04-15T11:19:50","slug":"led-light-cover","status":"publish","type":"page","link":"https:\/\/denpanels.com\/de\/paneele\/zubehoer\/led-light-cover\/","title":{"rendered":"LED Light Cover"},"content":{"rendered":"","protected":false},"excerpt":{"rendered":"","protected":false},"author":3,"featured_media":0,"parent":12212,"menu_order":0,"comment_status":"closed","ping_status":"closed","template":"","meta":{"_acf_changed":false,"footnotes":""},"page-section":[524,525,529,526],"page-template":[370],"class_list":["post-20551","page","type-page","status-publish","hentry","page-section-datasheet","page-section-hero","page-section-highlighted-inspiration","page-section-product-category","page-template-product-sub-category"],"acf":{"product_category-selected":435,"product_category-headline_p1":"Verbessern Sie Ihre Akustikpaneele","product_category-headline_p2":"mit LED-Lichtabdeckungen","product_category-introduction":"Bei Denpanels machen wir es einfach, stilvolle Beleuchtung in Ihre Akustikpaneele zu integrieren mit unserer LED-Lichtabdeckung.\r\n\r\nEntwickelt f\u00fcr eine m\u00fchelose Installation, passt dieses Profil perfekt \u00fcber einen LED-Streifen, der zwischen den Latten platziert wird, und sorgt f\u00fcr eine gleichm\u00e4\u00dfige Lichtverteilung und eine nahtlose \u00c4sthetik, ohne den LED-Streifen selbst zu ver\u00e4ndern.\r\n\r\n<strong>Schlank & modern<\/strong> \u2013 verbessert sowohl die Beleuchtung als auch das Paneeldesign.  \r\n<strong>Einfache Installation<\/strong> \u2013 einfach \u00fcber Ihren LED-Streifen legen.  \r\n<strong>Perfekte Passform<\/strong> \u2013 entwickelt f\u00fcr die Verwendung mit Denpanels Akustikpaneelen.\r\n\r\nProduktdetails:  \r\nAbmessungen: 600 x 45 x 10 mm  \r\nInklusive: 4 LED-Lichtabdeckungen  \r\n\r\nLED-Lichtstreifen nicht enthalten.\r\n\r\nSchaffen Sie mit minimalem Aufwand einen wundersch\u00f6n beleuchteten Raum!\r\n","product_category-highlighted_media":20502,"product_category-cta":{"product_category_cta":null},"comparrison_image":null,"product_category-some_of_our_combinations":18934,"hero-media":[20510],"hero-h1":"LED Light Cover","hero-sub_header":""},"_links":{"self":[{"href":"https:\/\/denpanels.com\/de\/wp-json\/wp\/v2\/pages\/20551","targetHints":{"allow":["GET"]}}],"collection":[{"href":"https:\/\/denpanels.com\/de\/wp-json\/wp\/v2\/pages"}],"about":[{"href":"https:\/\/denpanels.com\/de\/wp-json\/wp\/v2\/types\/page"}],"author":[{"embeddable":true,"href":"https:\/\/denpanels.com\/de\/wp-json\/wp\/v2\/users\/3"}],"replies":[{"embeddable":true,"href":"https:\/\/denpanels.com\/de\/wp-json\/wp\/v2\/comments?post=20551"}],"version-history":[{"count":5,"href":"https:\/\/denpanels.com\/de\/wp-json\/wp\/v2\/pages\/20551\/revisions"}],"predecessor-version":[{"id":28093,"href":"https:\/\/denpanels.com\/de\/wp-json\/wp\/v2\/pages\/20551\/revisions\/28093"}],"up":[{"embeddable":true,"href":"https:\/\/denpanels.com\/de\/wp-json\/wp\/v2\/pages\/12212"}],"acf:attachment":[{"embeddable":true,"href":"https:\/\/denpanels.com\/de\/wp-json\/wp\/v2\/media\/20510"}],"acf:post":[{"embeddable":true,"href":"https:\/\/denpanels.com\/de\/wp-json\/wp\/v2\/translation\/18934"}],"acf:term":[{"embeddable":true,"taxonomy":"product-category","href":"https:\/\/denpanels.com\/de\/wp-json\/wp\/v2\/product-category\/435"}],"wp:attachment":[{"href":"https:\/\/denpanels.com\/de\/wp-json\/wp\/v2\/media?parent=20551"}],"wp:term":[{"taxonomy":"page-section","embeddable":true,"href":"https:\/\/denpanels.com\/de\/wp-json\/wp\/v2\/page-section?post=20551"},{"taxonomy":"page-template","embeddable":true,"href":"https:\/\/denpanels.com\/de\/wp-json\/wp\/v2\/page-template?post=20551"}],"curies":[{"name":"wp","href":"https:\/\/api.w.org\/{rel}","templated":true}]}}