{"id":20453,"date":"2025-01-09T12:16:51","date_gmt":"2025-01-09T11:16:51","guid":{"rendered":"https:\/\/byveno.com\/paneele\/zubehoer\/montage-loesungen\/mounting-screws\/"},"modified":"2025-02-18T13:58:33","modified_gmt":"2025-02-18T12:58:33","slug":"montageshrauben","status":"publish","type":"page","link":"https:\/\/denpanels.com\/de\/paneele\/zubehoer\/montageshrauben\/","title":{"rendered":"Montageshrauben"},"content":{"rendered":"<p>&nbsp;<\/p>\n<p>&nbsp;<\/p>\n","protected":false},"excerpt":{"rendered":"<p>&nbsp; &nbsp;<\/p>\n","protected":false},"author":3,"featured_media":0,"parent":12212,"menu_order":0,"comment_status":"closed","ping_status":"closed","template":"","meta":{"_acf_changed":false,"footnotes":""},"page-section":[525,529,526],"page-template":[370],"class_list":["post-20453","page","type-page","status-publish","hentry","page-section-hero","page-section-highlighted-inspiration","page-section-product-category","page-template-product-sub-category"],"acf":{"product_category-selected":425,"product_category-headline_p1":"ECHTES HOLZ,","product_category-headline_p2":"ECHTE AKUSTISCHE VERBESSERUNGEN","product_category-introduction":"Bei Denpanels machen wir die Montage einfach und unauff\u00e4llig mit unseren pr\u00e4zisionsgefertigten Montageschrauben, die eine stabile und elegante Installation gew\u00e4hrleisten.\r\n<strong>Perfekte Passform<\/strong> \u2013 entwickelt, um sicher zwischen den Latten zu verankern.\r\n<strong>Unauff\u00e4lliges Aussehen<\/strong> \u2013 in vier Farben erh\u00e4ltlich, die zum Filzr\u00fccken des Paneels passen.\r\n<strong>Komplettes Set<\/strong> \u2013 enth\u00e4lt einen TX-20-Bit f\u00fcr eine einfache Installation.\r\n\r\nPaketdetails:\r\nAbmessungen: 4,0 x 30 mm\r\nMenge: 50 St\u00fcck\r\nInklusive: TX-20-Bit\r\n\r\nMit den Denpanels-Montageschrauben erhalten Sie alles, was Sie f\u00fcr eine professionelle, nahtlose und zuverl\u00e4ssige Installation ben\u00f6tigen.","product_category-highlighted_media":28342,"product_category-cta":{"product_category_cta":null},"comparrison_image":null,"product_category-some_of_our_combinations":18934,"hero-media":[21495],"hero-h1":"Montageschrauben","hero-sub_header":""},"_links":{"self":[{"href":"https:\/\/denpanels.com\/de\/wp-json\/wp\/v2\/pages\/20453","targetHints":{"allow":["GET"]}}],"collection":[{"href":"https:\/\/denpanels.com\/de\/wp-json\/wp\/v2\/pages"}],"about":[{"href":"https:\/\/denpanels.com\/de\/wp-json\/wp\/v2\/types\/page"}],"author":[{"embeddable":true,"href":"https:\/\/denpanels.com\/de\/wp-json\/wp\/v2\/users\/3"}],"replies":[{"embeddable":true,"href":"https:\/\/denpanels.com\/de\/wp-json\/wp\/v2\/comments?post=20453"}],"version-history":[{"count":5,"href":"https:\/\/denpanels.com\/de\/wp-json\/wp\/v2\/pages\/20453\/revisions"}],"predecessor-version":[{"id":21619,"href":"https:\/\/denpanels.com\/de\/wp-json\/wp\/v2\/pages\/20453\/revisions\/21619"}],"up":[{"embeddable":true,"href":"https:\/\/denpanels.com\/de\/wp-json\/wp\/v2\/pages\/12212"}],"acf:attachment":[{"embeddable":true,"href":"https:\/\/denpanels.com\/de\/wp-json\/wp\/v2\/media\/21495"}],"acf:post":[{"embeddable":true,"href":"https:\/\/denpanels.com\/de\/wp-json\/wp\/v2\/translation\/18934"}],"acf:term":[{"embeddable":true,"taxonomy":"product-category","href":"https:\/\/denpanels.com\/de\/wp-json\/wp\/v2\/product-category\/425"}],"wp:attachment":[{"href":"https:\/\/denpanels.com\/de\/wp-json\/wp\/v2\/media?parent=20453"}],"wp:term":[{"taxonomy":"page-section","embeddable":true,"href":"https:\/\/denpanels.com\/de\/wp-json\/wp\/v2\/page-section?post=20453"},{"taxonomy":"page-template","embeddable":true,"href":"https:\/\/denpanels.com\/de\/wp-json\/wp\/v2\/page-template?post=20453"}],"curies":[{"name":"wp","href":"https:\/\/api.w.org\/{rel}","templated":true}]}}