{"id":20355,"date":"2025-01-09T12:14:33","date_gmt":"2025-01-09T11:14:33","guid":{"rendered":"https:\/\/byveno.com\/paneele\/zubehoer\/finish\/oils\/"},"modified":"2025-02-20T10:54:40","modified_gmt":"2025-02-20T09:54:40","slug":"oel","status":"publish","type":"page","link":"https:\/\/denpanels.com\/de\/paneele\/zubehoer\/oel\/","title":{"rendered":"\u00d6l"},"content":{"rendered":"","protected":false},"excerpt":{"rendered":"","protected":false},"author":3,"featured_media":0,"parent":12212,"menu_order":0,"comment_status":"closed","ping_status":"closed","template":"","meta":{"_acf_changed":false,"footnotes":""},"page-section":[525,529,528,526],"page-template":[370],"class_list":["post-20355","page","type-page","status-publish","hentry","page-section-hero","page-section-highlighted-inspiration","page-section-megamenu","page-section-product-category","page-template-product-sub-category"],"acf":{"product_category-selected":376,"product_category-headline_p1":"Sch\u00fctzen, Verst\u00e4rken &","product_category-headline_p2":"Personalisieren Sie Ihre Holzpaneele","product_category-introduction":"At Denpanels helfen wir Ihnen, die Langlebigkeit zu verl\u00e4ngern, die nat\u00fcrliche Sch\u00f6nheit zu betonen und Ihre Paneele mit unseren hochwertigen Care Oils individuell zu gestalten.\r\n\r\n<strong>Revitalisiert & sch\u00fctzt<\/strong> \u2013 pflegt das Holz und sorgt f\u00fcr ein langlebiges Finish.\r\n<strong>Betont die Textur<\/strong> \u2013 hebt die nat\u00fcrliche Maserung f\u00fcr ein elegantes Erscheinungsbild hervor.\r\n<strong>Individuell anpassbar<\/strong> \u2013 erh\u00e4ltlich in f\u00fcnf eleganten Farben, die zu Ihrem Stil passen.\r\n\r\nJede 500-ml-Flasche ist einfach anzuwenden \u2013 folgen Sie einfach den Anweisungen f\u00fcr optimale Ergebnisse.\r\n\r\nBewahren. Verst\u00e4rken. Personalisieren.","product_category-highlighted_media":20383,"product_category-cta":{"product_category_cta":null},"comparrison_image":null,"product_category-some_of_our_combinations":18934,"hero-media":[19803],"hero-h1":"\u00d6l","hero-sub_header":""},"_links":{"self":[{"href":"https:\/\/denpanels.com\/de\/wp-json\/wp\/v2\/pages\/20355","targetHints":{"allow":["GET"]}}],"collection":[{"href":"https:\/\/denpanels.com\/de\/wp-json\/wp\/v2\/pages"}],"about":[{"href":"https:\/\/denpanels.com\/de\/wp-json\/wp\/v2\/types\/page"}],"author":[{"embeddable":true,"href":"https:\/\/denpanels.com\/de\/wp-json\/wp\/v2\/users\/3"}],"replies":[{"embeddable":true,"href":"https:\/\/denpanels.com\/de\/wp-json\/wp\/v2\/comments?post=20355"}],"version-history":[{"count":7,"href":"https:\/\/denpanels.com\/de\/wp-json\/wp\/v2\/pages\/20355\/revisions"}],"predecessor-version":[{"id":21690,"href":"https:\/\/denpanels.com\/de\/wp-json\/wp\/v2\/pages\/20355\/revisions\/21690"}],"up":[{"embeddable":true,"href":"https:\/\/denpanels.com\/de\/wp-json\/wp\/v2\/pages\/12212"}],"acf:attachment":[{"embeddable":true,"href":"https:\/\/denpanels.com\/de\/wp-json\/wp\/v2\/media\/19803"}],"acf:post":[{"embeddable":true,"href":"https:\/\/denpanels.com\/de\/wp-json\/wp\/v2\/translation\/18934"}],"acf:term":[{"embeddable":true,"taxonomy":"product-category","href":"https:\/\/denpanels.com\/de\/wp-json\/wp\/v2\/product-category\/376"}],"wp:attachment":[{"href":"https:\/\/denpanels.com\/de\/wp-json\/wp\/v2\/media?parent=20355"}],"wp:term":[{"taxonomy":"page-section","embeddable":true,"href":"https:\/\/denpanels.com\/de\/wp-json\/wp\/v2\/page-section?post=20355"},{"taxonomy":"page-template","embeddable":true,"href":"https:\/\/denpanels.com\/de\/wp-json\/wp\/v2\/page-template?post=20355"}],"curies":[{"name":"wp","href":"https:\/\/api.w.org\/{rel}","templated":true}]}}