{"id":20308,"date":"2024-11-28T10:50:59","date_gmt":"2024-11-28T09:50:59","guid":{"rendered":"https:\/\/byveno.com\/paneele\/zubehoer\/aufhaengung\/hooks-brackets\/"},"modified":"2025-04-15T13:13:12","modified_gmt":"2025-04-15T11:13:12","slug":"haken-klammen","status":"publish","type":"page","link":"https:\/\/denpanels.com\/de\/paneele\/zubehoer\/haken-klammen\/","title":{"rendered":"Haken &#038; Klammen"},"content":{"rendered":"","protected":false},"excerpt":{"rendered":"","protected":false},"author":1,"featured_media":0,"parent":12212,"menu_order":0,"comment_status":"closed","ping_status":"closed","template":"","meta":{"_acf_changed":false,"footnotes":""},"page-section":[524,525,529,526],"page-template":[370],"class_list":["post-20308","page","type-page","status-publish","hentry","page-section-datasheet","page-section-hero","page-section-highlighted-inspiration","page-section-product-category","page-template-product-sub-category"],"acf":{"product_category-selected":429,"product_category-headline_p1":"Verbessern Sie Ihre Akustikpaneele","product_category-headline_p2":"Mit smarter und stilvoller Funktionalit\u00e4t","product_category-introduction":"Bei Denpanels machen wir es einfach, Design und Praktikabilit\u00e4t mit unseren innovativen Haken und Halterungen zu kombinieren und Ihre Akustikpaneele in funktionale Aufbewahrungsl\u00f6sungen zu verwandeln.\r\n\r\n- Smart & stilvoll \u2013 integriert die Aufbewahrung nahtlos in das Paneeldesign.\r\n- Einfache Installation \u2013 funktioniert sowohl mit horizontalen als auch vertikalen Panel-Layouts.\r\n- Stark & sicher \u2013 tr\u00e4gt bis zu 5 kg \/ 11 lbs pro Haken.\r\n- Verwenden Sie unsere Haken, um Jacken, Taschen und Schl\u00fcssel aufzuh\u00e4ngen, oder passen Sie sie mit Halterungen f\u00fcr Regale, Griffe oder zus\u00e4tzliche Haken an, die Ihrem Stil entsprechen.\r\n\r\nDie Installation ist schnell und intuitiv:\r\n\r\n- Horizontale Paneele: Sichern Sie die Halterung hinter der Latte f\u00fcr eine verdeckte, stabile Passform.\r\n- Vertikale Paneele: Befestigen Sie die vertikale Montage (separat erh\u00e4ltlich) am Filz und verriegeln Sie dann die Halterung f\u00fcr eine flexible Positionierung.\r\nMit unseren Haken und Halterungen werden Ihre Akustikpaneele mehr als nur ein Designelement \u2013 sie werden zu einem organisierten und stilvollen Teil Ihres Raumes.\r\n\r\nJedes Paket enth\u00e4lt 2 St\u00fcck.","product_category-highlighted_media":20245,"product_category-cta":{"product_category_cta":null},"comparrison_image":null,"product_category-some_of_our_combinations":18934,"hero-media":[20236],"hero-h1":"Haken & Klammen","hero-sub_header":""},"_links":{"self":[{"href":"https:\/\/denpanels.com\/de\/wp-json\/wp\/v2\/pages\/20308","targetHints":{"allow":["GET"]}}],"collection":[{"href":"https:\/\/denpanels.com\/de\/wp-json\/wp\/v2\/pages"}],"about":[{"href":"https:\/\/denpanels.com\/de\/wp-json\/wp\/v2\/types\/page"}],"author":[{"embeddable":true,"href":"https:\/\/denpanels.com\/de\/wp-json\/wp\/v2\/users\/1"}],"replies":[{"embeddable":true,"href":"https:\/\/denpanels.com\/de\/wp-json\/wp\/v2\/comments?post=20308"}],"version-history":[{"count":7,"href":"https:\/\/denpanels.com\/de\/wp-json\/wp\/v2\/pages\/20308\/revisions"}],"predecessor-version":[{"id":28086,"href":"https:\/\/denpanels.com\/de\/wp-json\/wp\/v2\/pages\/20308\/revisions\/28086"}],"up":[{"embeddable":true,"href":"https:\/\/denpanels.com\/de\/wp-json\/wp\/v2\/pages\/12212"}],"acf:attachment":[{"embeddable":true,"href":"https:\/\/denpanels.com\/de\/wp-json\/wp\/v2\/media\/20236"}],"acf:post":[{"embeddable":true,"href":"https:\/\/denpanels.com\/de\/wp-json\/wp\/v2\/translation\/18934"}],"acf:term":[{"embeddable":true,"taxonomy":"product-category","href":"https:\/\/denpanels.com\/de\/wp-json\/wp\/v2\/product-category\/429"}],"wp:attachment":[{"href":"https:\/\/denpanels.com\/de\/wp-json\/wp\/v2\/media?parent=20308"}],"wp:term":[{"taxonomy":"page-section","embeddable":true,"href":"https:\/\/denpanels.com\/de\/wp-json\/wp\/v2\/page-section?post=20308"},{"taxonomy":"page-template","embeddable":true,"href":"https:\/\/denpanels.com\/de\/wp-json\/wp\/v2\/page-template?post=20308"}],"curies":[{"name":"wp","href":"https:\/\/api.w.org\/{rel}","templated":true}]}}