{"id":10895,"date":"2024-07-15T10:28:54","date_gmt":"2024-07-15T08:28:54","guid":{"rendered":"https:\/\/new.byveno.com\/self-adhesive-sticks\/"},"modified":"2025-02-18T15:10:37","modified_gmt":"2025-02-18T14:10:37","slug":"sticks","status":"publish","type":"page","link":"https:\/\/denpanels.com\/de\/paneele\/design\/sticks\/","title":{"rendered":"Sticks"},"content":{"rendered":"","protected":false},"excerpt":{"rendered":"","protected":false},"author":3,"featured_media":0,"parent":10916,"menu_order":4,"comment_status":"closed","ping_status":"closed","template":"","meta":{"_acf_changed":false,"footnotes":""},"page-section":[525,528,526],"page-template":[493],"class_list":["post-10895","page","type-page","status-publish","hentry","page-section-hero","page-section-megamenu","page-section-product-category","page-template-category-sticks"],"acf":{"product_category-selected":339,"product_category-headline_p1":"Denpanels Sticks:","product_category-headline_p2":"M\u00fcheloser Stil & Unendliche Kreativit\u00e4t","product_category-introduction":"Bei Denpanels bieten wir Ihnen Sticks \u2013 eine vielseitige und stilvolle M\u00f6glichkeit, W\u00e4nde und Decken m\u00fchelos individuell zu gestalten. Mit einer Vielzahl an Texturen, Farben und Oberfl\u00e4chen sind Ihrer Kreativit\u00e4t keine Grenzen gesetzt.\r\n\r\n<strong>Elegantes Design<\/strong> \u2013 erh\u00e4ltlich in Holzfurnier, Linoleum, Laminat und Folie.\r\n<strong>Hochwertige Qualit\u00e4t<\/strong> \u2013 gefertigt aus 9 mm MDF, das den Umweltstandards Carb2 & AgBB entspricht.\r\n<strong>Einfache Montage<\/strong> \u2013 selbstklebende R\u00fcckseite f\u00fcr eine schnelle und m\u00fchelose Befestigung.\r\n\r\nOb die Eleganz von Linoleum, die W\u00e4rme von Holz oder die moderne Optik von Laminat \u2013 Sticks vereinen \u00c4sthetik und Funktionalit\u00e4t nahtlos und passen zu jedem Interieur, von modernem Minimalismus bis hin zu zeitloser Tradition.\r\n\r\nEinfache Montage. Beeindruckendes Ergebnis. Unbegrenzte M\u00f6glichkeiten.","product_category-highlighted_media":21698,"product_category-cta":{"product_category_cta":null},"comparrison_image":null,"product_category-some_of_our_combinations":18934,"hero-media":[21697],"hero-h1":"Sticks","hero-sub_header":""},"_links":{"self":[{"href":"https:\/\/denpanels.com\/de\/wp-json\/wp\/v2\/pages\/10895","targetHints":{"allow":["GET"]}}],"collection":[{"href":"https:\/\/denpanels.com\/de\/wp-json\/wp\/v2\/pages"}],"about":[{"href":"https:\/\/denpanels.com\/de\/wp-json\/wp\/v2\/types\/page"}],"author":[{"embeddable":true,"href":"https:\/\/denpanels.com\/de\/wp-json\/wp\/v2\/users\/3"}],"replies":[{"embeddable":true,"href":"https:\/\/denpanels.com\/de\/wp-json\/wp\/v2\/comments?post=10895"}],"version-history":[{"count":5,"href":"https:\/\/denpanels.com\/de\/wp-json\/wp\/v2\/pages\/10895\/revisions"}],"predecessor-version":[{"id":21699,"href":"https:\/\/denpanels.com\/de\/wp-json\/wp\/v2\/pages\/10895\/revisions\/21699"}],"up":[{"embeddable":true,"href":"https:\/\/denpanels.com\/de\/wp-json\/wp\/v2\/pages\/10916"}],"acf:attachment":[{"embeddable":true,"href":"https:\/\/denpanels.com\/de\/wp-json\/wp\/v2\/media\/21697"}],"acf:post":[{"embeddable":true,"href":"https:\/\/denpanels.com\/de\/wp-json\/wp\/v2\/translation\/18934"}],"acf:term":[{"embeddable":true,"taxonomy":"product-category","href":"https:\/\/denpanels.com\/de\/wp-json\/wp\/v2\/product-category\/339"}],"wp:attachment":[{"href":"https:\/\/denpanels.com\/de\/wp-json\/wp\/v2\/media?parent=10895"}],"wp:term":[{"taxonomy":"page-section","embeddable":true,"href":"https:\/\/denpanels.com\/de\/wp-json\/wp\/v2\/page-section?post=10895"},{"taxonomy":"page-template","embeddable":true,"href":"https:\/\/denpanels.com\/de\/wp-json\/wp\/v2\/page-template?post=10895"}],"curies":[{"name":"wp","href":"https:\/\/api.w.org\/{rel}","templated":true}]}}