{"id":10777,"date":"2024-07-15T10:19:12","date_gmt":"2024-07-15T08:19:12","guid":{"rendered":"https:\/\/new.byveno.com\/clear-panels\/"},"modified":"2025-02-21T08:26:26","modified_gmt":"2025-02-21T07:26:26","slug":"clear-panels","status":"publish","type":"page","link":"https:\/\/denpanels.com\/de\/paneele\/design\/clear-panels\/","title":{"rendered":"Clear Panels"},"content":{"rendered":"","protected":false},"excerpt":{"rendered":"","protected":false},"author":3,"featured_media":0,"parent":10916,"menu_order":1,"comment_status":"closed","ping_status":"closed","template":"","meta":{"_acf_changed":false,"footnotes":""},"page-section":[524,525,528,526],"page-template":[495],"class_list":["post-10777","page","type-page","status-publish","hentry","page-section-datasheet","page-section-hero","page-section-megamenu","page-section-product-category","page-template-category-clear-panels"],"acf":{"product_category-selected":332,"product_category-headline_p1":"Clear Panels","product_category-headline_p2":"\u2013 Nat\u00fcrliche Eleganz","product_category-introduction":"Lieben Sie die Optik von echtem Holz in Ihrem Interieur? **Clear Panels** von Denpanels erm\u00f6glichen es Ihnen, eine moderne und elegante Atmosph\u00e4re zu schaffen, w\u00e4hrend sie jedem Raum \u2013 ob Wohnzimmer, K\u00fcche oder B\u00fcro \u2013 W\u00e4rme und nat\u00fcrliche Sch\u00f6nheit verleihen.  \r\n\r\n<ul>  \r\n<li><strong>Edles Design<\/strong> \u2013 massiver MDF-Kern mit Echtholzfurnier f\u00fcr ein hochwertiges Finish.<\/li>  \r\n<li><strong>Individuelle Auswahl<\/strong> \u2013 erh\u00e4ltlich in Eiche, Amerikanischem Nussbaum und R\u00e4uchereiche, mit schwarzem oder braunem MDF-Kern.<\/li>  \r\n<li><strong>Nahtlose Integration<\/strong> \u2013 perfekt abgestimmt auf unsere Akustikpaneele f\u00fcr ein einheitliches Erscheinungsbild.<\/li>  \r\n<li><strong>Einfache Montage & Pflege<\/strong> \u2013 schnell zu befestigen mit minimalem Werkzeugeinsatz und leicht mit einem feuchten Tuch zu reinigen.<\/li>    \r\n<\/ul>  \r\n\r\nM\u00f6chten Sie die Optik und Langlebigkeit Ihrer **Clear Panels** verbessern? Erg\u00e4nzen Sie eine Behandlung mit Natur\u00f6len, um die einzigartige Holzstruktur zu bewahren und zu veredeln \u2013 f\u00fcr Jahre.  \r\n\r\n*i M\u00fchelose Eleganz. Individuelles Design. Zeitlose Qualit\u00e4t.*","product_category-highlighted_media":27192,"product_category-cta":{"product_category_cta":null},"comparrison_image":null,"product_category-some_of_our_combinations":18934,"hero-media":[6564],"hero-h1":"Clear Panels","hero-sub_header":""},"_links":{"self":[{"href":"https:\/\/denpanels.com\/de\/wp-json\/wp\/v2\/pages\/10777","targetHints":{"allow":["GET"]}}],"collection":[{"href":"https:\/\/denpanels.com\/de\/wp-json\/wp\/v2\/pages"}],"about":[{"href":"https:\/\/denpanels.com\/de\/wp-json\/wp\/v2\/types\/page"}],"author":[{"embeddable":true,"href":"https:\/\/denpanels.com\/de\/wp-json\/wp\/v2\/users\/3"}],"replies":[{"embeddable":true,"href":"https:\/\/denpanels.com\/de\/wp-json\/wp\/v2\/comments?post=10777"}],"version-history":[{"count":6,"href":"https:\/\/denpanels.com\/de\/wp-json\/wp\/v2\/pages\/10777\/revisions"}],"predecessor-version":[{"id":22051,"href":"https:\/\/denpanels.com\/de\/wp-json\/wp\/v2\/pages\/10777\/revisions\/22051"}],"up":[{"embeddable":true,"href":"https:\/\/denpanels.com\/de\/wp-json\/wp\/v2\/pages\/10916"}],"acf:attachment":[{"embeddable":true,"href":"https:\/\/denpanels.com\/de\/wp-json\/wp\/v2\/media\/6564"}],"acf:post":[{"embeddable":true,"href":"https:\/\/denpanels.com\/de\/wp-json\/wp\/v2\/translation\/18934"}],"acf:term":[{"embeddable":true,"taxonomy":"product-category","href":"https:\/\/denpanels.com\/de\/wp-json\/wp\/v2\/product-category\/332"}],"wp:attachment":[{"href":"https:\/\/denpanels.com\/de\/wp-json\/wp\/v2\/media?parent=10777"}],"wp:term":[{"taxonomy":"page-section","embeddable":true,"href":"https:\/\/denpanels.com\/de\/wp-json\/wp\/v2\/page-section?post=10777"},{"taxonomy":"page-template","embeddable":true,"href":"https:\/\/denpanels.com\/de\/wp-json\/wp\/v2\/page-template?post=10777"}],"curies":[{"name":"wp","href":"https:\/\/api.w.org\/{rel}","templated":true}]}}