{"id":10402,"date":"2024-07-15T10:05:41","date_gmt":"2024-07-15T08:05:41","guid":{"rendered":"https:\/\/new.byveno.com\/60x60-design-panels\/"},"modified":"2025-11-13T12:44:44","modified_gmt":"2025-11-13T11:44:44","slug":"akustik-design","status":"publish","type":"page","link":"https:\/\/denpanels.com\/de\/paneele\/design\/akustik-design\/","title":{"rendered":"Akustik-Design-Paneele"},"content":{"rendered":"","protected":false},"excerpt":{"rendered":"","protected":false},"author":3,"featured_media":0,"parent":10916,"menu_order":2,"comment_status":"closed","ping_status":"closed","template":"","meta":{"_acf_changed":false,"footnotes":""},"page-section":[524,525,528,526],"page-template":[491],"class_list":["post-10402","page","type-page","status-publish","hentry","page-section-datasheet","page-section-hero","page-section-megamenu","page-section-product-category","page-template-category-acoustic-design-panels"],"acf":{"product_category-selected":325,"product_category-headline_p1":"Entfalten Sie Ihre Kreativit\u00e4t mit","product_category-headline_p2":"Denpanels Designpaneelen","product_category-introduction":"Bei Denpanels bieten wir Designpaneele in 60\u00d760 & 60\u00d7120 cm an, die unendliche M\u00f6glichkeiten zur Gestaltung einzigartiger Muster und stilvoller Innenr\u00e4ume er\u00f6ffnen.\r\n\r\n<strong>Individuelle Anordnung<\/strong> \u2013 in verschiedenen Konfigurationen kombinierbar f\u00fcr einen einzigartigen Look.\r\n<strong>Hochwertige Oberfl\u00e4chen<\/strong> \u2013 entwickelt f\u00fcr \u00e4sthetische Wirkung und akustische Vorteile.\r\n\r\nOb f\u00fcr eine kleine Akzentwand oder ein markantes Design-Statement \u2013 unsere vielseitigen Designpaneele verleihen jedem Raum Charakter, Stil und akustischen Komfort.\r\n\r\nD\u00e4nisches Design. Unendliche Kreativit\u00e4t. Nachhaltige Qualit\u00e4t.","product_category-highlighted_media":19570,"product_category-cta":{"product_category_cta":null},"comparrison_image":null,"product_category-some_of_our_combinations":18934,"hero-media":[21707],"hero-h1":"Akustik-Design-Paneele","hero-sub_header":""},"_links":{"self":[{"href":"https:\/\/denpanels.com\/de\/wp-json\/wp\/v2\/pages\/10402","targetHints":{"allow":["GET"]}}],"collection":[{"href":"https:\/\/denpanels.com\/de\/wp-json\/wp\/v2\/pages"}],"about":[{"href":"https:\/\/denpanels.com\/de\/wp-json\/wp\/v2\/types\/page"}],"author":[{"embeddable":true,"href":"https:\/\/denpanels.com\/de\/wp-json\/wp\/v2\/users\/3"}],"replies":[{"embeddable":true,"href":"https:\/\/denpanels.com\/de\/wp-json\/wp\/v2\/comments?post=10402"}],"version-history":[{"count":14,"href":"https:\/\/denpanels.com\/de\/wp-json\/wp\/v2\/pages\/10402\/revisions"}],"predecessor-version":[{"id":30252,"href":"https:\/\/denpanels.com\/de\/wp-json\/wp\/v2\/pages\/10402\/revisions\/30252"}],"up":[{"embeddable":true,"href":"https:\/\/denpanels.com\/de\/wp-json\/wp\/v2\/pages\/10916"}],"acf:attachment":[{"embeddable":true,"href":"https:\/\/denpanels.com\/de\/wp-json\/wp\/v2\/media\/21707"}],"acf:post":[{"embeddable":true,"href":"https:\/\/denpanels.com\/de\/wp-json\/wp\/v2\/translation\/18934"}],"acf:term":[{"embeddable":true,"taxonomy":"product-category","href":"https:\/\/denpanels.com\/de\/wp-json\/wp\/v2\/product-category\/325"}],"wp:attachment":[{"href":"https:\/\/denpanels.com\/de\/wp-json\/wp\/v2\/media?parent=10402"}],"wp:term":[{"taxonomy":"page-section","embeddable":true,"href":"https:\/\/denpanels.com\/de\/wp-json\/wp\/v2\/page-section?post=10402"},{"taxonomy":"page-template","embeddable":true,"href":"https:\/\/denpanels.com\/de\/wp-json\/wp\/v2\/page-template?post=10402"}],"curies":[{"name":"wp","href":"https:\/\/api.w.org\/{rel}","templated":true}]}}