{"id":30769,"date":"2026-02-02T15:45:49","date_gmt":"2026-02-02T14:45:49","guid":{"rendered":"https:\/\/denpanels.com\/metallic-panels\/"},"modified":"2026-02-03T11:32:26","modified_gmt":"2026-02-03T10:32:26","slug":"metallic-panely","status":"publish","type":"page","link":"https:\/\/denpanels.com\/cs\/metallic-panely\/","title":{"rendered":"Metallic Panely"},"content":{"rendered":"","protected":false},"excerpt":{"rendered":"","protected":false},"author":3,"featured_media":0,"parent":0,"menu_order":0,"comment_status":"closed","ping_status":"closed","template":"","meta":{"_acf_changed":false,"footnotes":""},"page-section":[535,524,525,530,526,532,527,534],"page-template":[945],"class_list":["post-30769","page","type-page","status-publish","hentry","page-section-category-options","page-section-datasheet","page-section-hero","page-section-main-category","page-section-product-category","page-section-specific-products","page-section-sub-category","page-section-the-panels-construction","page-template-category-metallic"],"acf":{"product_category-selected":936,"product_category-headline_p1":"odejte v\u00fdrazn\u00fd, modern\u00ed vzhled","product_category-headline_p2":"a\u0161emu interi\u00e9ru","product_category-introduction":"Hled\u00e1te elegantn\u00ed a modern\u00ed \u0159e\u0161en\u00ed st\u011bny s exkluzivn\u00edm industri\u00e1ln\u00edm n\u00e1dechem? Metalick\u00e9 panely od Denpanels spojuj\u00ed vzhled kart\u00e1\u010dovan\u00e9 oceli s vyt\u0159\u00edben\u00fdmi metalick\u00fdmi odst\u00edny a umo\u017e\u0148uj\u00ed vytvo\u0159it prostor, kter\u00fd p\u016fsob\u00ed z\u00e1rove\u0148 stylov\u011b i klidn\u011b.\r\n\r\nTyto panely jsou ide\u00e1ln\u00ed pro dom\u00e1cnosti, kancel\u00e1\u0159e i ve\u0159ejn\u00e9 prostory. Zlep\u0161uj\u00ed akustiku m\u00edstnosti a z\u00e1rove\u0148 p\u0159in\u00e1\u0161ej\u00ed \u010dist\u00fd, sofistikovan\u00fd vzhled \u2013 s povrchem navr\u017een\u00fdm pro ka\u017edodenn\u00ed pou\u017eit\u00ed.\r\n\r\n<strong>S Metalick\u00fdmi panely od Denpanels z\u00edsk\u00e1te:<\/strong>\r\n<ul>\r\n  <li>Modern\u00ed vzhled kart\u00e1\u010dovan\u00e9 oceli \u2013 pro minimalistickou a exkluzivn\u00ed \u00fapravu<\/li>\r\n  <li>6 metalick\u00fdch barev \u2013 Aluminium, Bronze, Copper, Gold, Inox a Titan<\/li>\r\n  <li>Lep\u0161\u00ed akustiku \u2013 pohlcov\u00e1n\u00ed zvuku a sn\u00ed\u017een\u00ed dozvuku<\/li>\r\n  <li>Snadnou \u00fadr\u017ebu \u2013 odoln\u00fd lamin\u00e1tov\u00fd povrch, kter\u00fd se snadno \u010dist\u00ed<\/li>\r\n  <li>M\u00e9n\u011b viditeln\u00e9 otisky prst\u016f \u2013 pro \u010dist\u00fd a jednotn\u00fd vzhled<\/li>\r\n  <li>D\u00e1nsk\u00fd design a kvalitu \u2013 vyrobeno s d\u016frazem na funk\u010dnost i estetiku<\/li>\r\n<\/ul>\r\n","product_category-highlighted_media":30757,"product_category-cta":{"product_category_cta":null},"comparrison_image":"","product_category-some_of_our_combinations":26790,"hero-media":[30726],"hero-h1":"Metallic Panely","hero-sub_header":""},"_links":{"self":[{"href":"https:\/\/denpanels.com\/cs\/wp-json\/wp\/v2\/pages\/30769","targetHints":{"allow":["GET"]}}],"collection":[{"href":"https:\/\/denpanels.com\/cs\/wp-json\/wp\/v2\/pages"}],"about":[{"href":"https:\/\/denpanels.com\/cs\/wp-json\/wp\/v2\/types\/page"}],"author":[{"embeddable":true,"href":"https:\/\/denpanels.com\/cs\/wp-json\/wp\/v2\/users\/3"}],"replies":[{"embeddable":true,"href":"https:\/\/denpanels.com\/cs\/wp-json\/wp\/v2\/comments?post=30769"}],"version-history":[{"count":2,"href":"https:\/\/denpanels.com\/cs\/wp-json\/wp\/v2\/pages\/30769\/revisions"}],"predecessor-version":[{"id":30786,"href":"https:\/\/denpanels.com\/cs\/wp-json\/wp\/v2\/pages\/30769\/revisions\/30786"}],"acf:attachment":[{"embeddable":true,"href":"https:\/\/denpanels.com\/cs\/wp-json\/wp\/v2\/media\/30726"}],"acf:post":[{"embeddable":true,"href":"https:\/\/denpanels.com\/cs\/wp-json\/wp\/v2\/translation\/26790"}],"acf:term":[{"embeddable":true,"taxonomy":"product-category","href":"https:\/\/denpanels.com\/cs\/wp-json\/wp\/v2\/product-category\/936"}],"wp:attachment":[{"href":"https:\/\/denpanels.com\/cs\/wp-json\/wp\/v2\/media?parent=30769"}],"wp:term":[{"taxonomy":"page-section","embeddable":true,"href":"https:\/\/denpanels.com\/cs\/wp-json\/wp\/v2\/page-section?post=30769"},{"taxonomy":"page-template","embeddable":true,"href":"https:\/\/denpanels.com\/cs\/wp-json\/wp\/v2\/page-template?post=30769"}],"curies":[{"name":"wp","href":"https:\/\/api.w.org\/{rel}","templated":true}]}}