{"id":29395,"date":"2025-06-17T14:52:19","date_gmt":"2025-06-17T12:52:19","guid":{"rendered":"https:\/\/denpanels.com\/faq\/"},"modified":"2025-06-25T08:17:45","modified_gmt":"2025-06-25T06:17:45","slug":"faq","status":"publish","type":"page","link":"https:\/\/denpanels.com\/cs\/faq\/","title":{"rendered":"FAQ"},"content":{"rendered":"","protected":false},"excerpt":{"rendered":"","protected":false},"author":1,"featured_media":0,"parent":0,"menu_order":0,"comment_status":"closed","ping_status":"closed","template":"","meta":{"_acf_changed":false,"footnotes":""},"page-section":[536,525,526],"page-template":[766],"class_list":["post-29395","page","type-page","status-publish","hentry","page-section-content-blocks","page-section-hero","page-section-product-category","page-template-faq"],"acf":{"product_category-selected":false,"product_category-headline_p1":"Nelze naj\u00edt","product_category-headline_p2":"co hled\u00e1te?","product_category-introduction":"V\u017edy se na n\u00e1s m\u016f\u017eete obr\u00e1tit - r\u00e1di v\u00e1m pom\u016f\u017eeme.\r\n\r\n<strong>Kontakt<\/strong>\r\ndenpanels@fog-veno.com\r\n(+45) 88 77 83 70\r\n\r\n<strong>Telefonn\u00ed hodiny (CET)<\/strong>\r\nPond\u011bl\u00ed 08:00 - 16:00\r\n\u00dater\u00fd 08:00 - 16:00\r\nSt\u0159eda 08:00 - 16:00\r\n\u010ctvrtek 08:00 - 16:00\r\nP\u00e1tek 08:00 - 14:00","product_category-highlighted_media":29414,"product_category-cta":{"product_category_cta":null},"comparrison_image":null,"product_category-some_of_our_combinations":"","hero-media":[29289],"hero-h1":"FAQ","hero-sub_header":""},"_links":{"self":[{"href":"https:\/\/denpanels.com\/cs\/wp-json\/wp\/v2\/pages\/29395","targetHints":{"allow":["GET"]}}],"collection":[{"href":"https:\/\/denpanels.com\/cs\/wp-json\/wp\/v2\/pages"}],"about":[{"href":"https:\/\/denpanels.com\/cs\/wp-json\/wp\/v2\/types\/page"}],"author":[{"embeddable":true,"href":"https:\/\/denpanels.com\/cs\/wp-json\/wp\/v2\/users\/1"}],"replies":[{"embeddable":true,"href":"https:\/\/denpanels.com\/cs\/wp-json\/wp\/v2\/comments?post=29395"}],"version-history":[{"count":2,"href":"https:\/\/denpanels.com\/cs\/wp-json\/wp\/v2\/pages\/29395\/revisions"}],"predecessor-version":[{"id":29404,"href":"https:\/\/denpanels.com\/cs\/wp-json\/wp\/v2\/pages\/29395\/revisions\/29404"}],"acf:attachment":[{"embeddable":true,"href":"https:\/\/denpanels.com\/cs\/wp-json\/wp\/v2\/media\/29289"}],"wp:attachment":[{"href":"https:\/\/denpanels.com\/cs\/wp-json\/wp\/v2\/media?parent=29395"}],"wp:term":[{"taxonomy":"page-section","embeddable":true,"href":"https:\/\/denpanels.com\/cs\/wp-json\/wp\/v2\/page-section?post=29395"},{"taxonomy":"page-template","embeddable":true,"href":"https:\/\/denpanels.com\/cs\/wp-json\/wp\/v2\/page-template?post=29395"}],"curies":[{"name":"wp","href":"https:\/\/api.w.org\/{rel}","templated":true}]}}