{"id":28744,"date":"2025-06-05T08:51:11","date_gmt":"2025-06-05T06:51:11","guid":{"rendered":"https:\/\/denpanels.com\/?page_id=28744"},"modified":"2025-09-03T11:13:52","modified_gmt":"2025-09-03T09:13:52","slug":"nordic-outdoor-panely","status":"publish","type":"page","link":"https:\/\/denpanels.com\/cs\/panely\/nordic-outdoor-panely\/","title":{"rendered":"Nordic Outdoor Panely"},"content":{"rendered":"","protected":false},"excerpt":{"rendered":"","protected":false},"author":1,"featured_media":0,"parent":27140,"menu_order":3,"comment_status":"closed","ping_status":"closed","template":"","meta":{"_acf_changed":false,"footnotes":""},"page-section":[525,530,528,526],"page-template":[765],"class_list":["post-28744","page","type-page","status-publish","hentry","page-section-hero","page-section-main-category","page-section-megamenu","page-section-product-category","page-template-category-outdoor-panels"],"acf":{"outdoorpanels_products":[{"outdoorpanels_products-images":[28580,28589,28616,28598,28607],"outdoorpanels_products-info":{"outdoorpanels_products-name":"Nordic Outdoor designov\u00fd panel","outdoorpanels_products-description":"Nordic Outdoor designov\u00e9 panely byly vyvinuty pro kryt\u00e9 venkovn\u00ed prostory, jako jsou terasy, p\u0159\u00edst\u0159e\u0161ky pro auta a balkony. Spojuj\u00ed estetiku a funk\u010dnost a jsou vyrobeny z odoln\u00fdch lamel ThermoWood namontovan\u00fdch na vlhkuvzdorn\u00e9 plsti. Designov\u00e9 panely vytv\u00e1\u0159ej\u00ed harmonick\u00fd a jednotn\u00fd vzhled, kter\u00fd dod\u00e1v\u00e1 hloubku a teplo va\u0161im kryt\u00fdm venkovn\u00edm prostor\u016fm.","outdoorpanels_products-usp_headline":"Pro\u010d si vybrat Nordic Outdoor designov\u00e9 panely?","outdoorpanels_products-usp":[{"outdoorpanels_products-usp_text":"Ide\u00e1ln\u00ed pro kryt\u00e9 venkovn\u00ed prostory \u2013 vytvo\u0159te exkluzivn\u00ed vzhled"},{"outdoorpanels_products-usp_text":"\u0158e\u0161en\u00ed \u0161et\u0159\u00edc\u00ed \u010das"},{"outdoorpanels_products-usp_text":"Snadn\u00e1 instalace bez pot\u0159eby speci\u00e1ln\u00edho n\u00e1\u0159ad\u00ed"}]},"outdoorpanels_products-datasheet":{"outdoorpanels_products-button_text":26793,"category_datasheet-issuu_link":"https:\/\/issuu.com\/fogveno\/docs\/en_nordic_outdoor_design_panel?fr=xKAE9_zMzMw"},"outdoorpanels_products-installation":{"outdoorpanels_products_installation-button_cta":28626,"outdoorpanels_products_installation-headline":28626,"outdoorpanels_products_installation-guide":"Instalace krok za krokem\r\n\r\nP\u0159\u00edprava: Ujist\u011bte se, \u017ee st\u011bna je rovn\u00e1 a stabiln\u00ed. V p\u0159\u00edpad\u011b pot\u0159eby nainstalujte v\u011btruodolnou membr\u00e1nu. P\u0159e\u010dt\u011bte si mont\u00e1\u017en\u00ed n\u00e1vod, kter\u00fd je sou\u010d\u00e1st\u00ed balen\u00ed.\r\n\r\nMont\u00e1\u017e lat\u00ed: Pou\u017eijte vhodn\u00e9 d\u0159ev\u011bn\u00e9 lat\u011b se spr\u00e1vn\u00fdm rozestupem. Na ka\u017ed\u00fd panel pou\u017eijte minim\u00e1ln\u011b 15 fas\u00e1dn\u00edch \u0161roub\u016f Nordic Outdoor PRO (\u00d84,0 x 30 mm). Panely by m\u011bly b\u00fdt montov\u00e1ny filcovou stranou sm\u011brem k lat\u00edm.\r\n\r\nUpevn\u011bn\u00ed panel\u016f: Panely upevn\u011bte pomoc\u00ed fas\u00e1dn\u00edch \u0161roub\u016f Nordic Outdoor PRO.\r\n\r\n\u00daprava panelu: Pokud pot\u0159ebujete upravit \u0161\u00ed\u0159ku nebo d\u00e9lku panel\u016f, doporu\u010dujeme pou\u017e\u00edt p\u0159\u00edmo\u010darou nebo kotou\u010dovou pilu.","outdoorpanels_products_installation-video_url":"https:\/\/youtu.be\/xeJ2UGuPZbQ"}},{"outdoorpanels_products-images":[28643,28652,28679,28670,28661],"outdoorpanels_products-info":{"outdoorpanels_products-name":"Nordic Outdoor FLEX panel","outdoorpanels_products-description":"Nordic Outdoor FLEX panely jsou odoln\u00fdm a estetick\u00fdm \u0159e\u0161en\u00edm obkladu, navr\u017een\u00fdm pro rychlou a p\u0159esnou instalaci. Panel se skl\u00e1d\u00e1 z lamel ThermoWood namontovan\u00fdch na podkladu ze stejn\u00e9ho materi\u00e1lu \u2013 tento podklad je viditelnou a ned\u00edlnou sou\u010d\u00e1st\u00ed designu. Vytv\u00e1\u0159\u00ed harmonick\u00fd a jednotn\u00fd vzhled mezi lamelami a dod\u00e1v\u00e1 fas\u00e1d\u011b hloubku a teplo.","outdoorpanels_products-usp_headline":"Pro\u010d si vybrat Nordic Outdoor FLEX panely?","outdoorpanels_products-usp":[{"outdoorpanels_products-usp_text":"Viditeln\u00fd podklad za panelem"},{"outdoorpanels_products-usp_text":"U\u0161et\u0159ete \u010das: Rychl\u00e1 instalace a flexibiln\u00ed p\u0159izp\u016fsoben\u00ed"},{"outdoorpanels_products-usp_text":"Odoln\u00e9 v\u016f\u010di vlhkosti, pl\u00edsn\u00edm a v\u00fdkyv\u016fm teplot"}]},"outdoorpanels_products-datasheet":{"outdoorpanels_products-button_text":26793,"category_datasheet-issuu_link":"https:\/\/issuu.com\/fogveno\/docs\/en_nordic_outdoor_flex_panel?fr=xKAE9_zMzMw"},"outdoorpanels_products-installation":{"outdoorpanels_products_installation-button_cta":28626,"outdoorpanels_products_installation-headline":28626,"outdoorpanels_products_installation-guide":"Instalace krok za krokem\r\n\r\nP\u0159\u00edprava: Ujist\u011bte se, \u017ee okoln\u00ed stavebn\u00ed prvky jsou spr\u00e1vn\u011b proveden\u00e9 a poskytuj\u00ed dostate\u010dnou ochranu a podporu pro obklad. Zajist\u011bte odvodn\u011bn\u00ed, v\u011btr\u00e1n\u00ed a prostor pro konstruk\u010dn\u00ed pohyb. Obklad nesm\u00ed b\u00fdt v p\u0159\u00edm\u00e9m kontaktu se zem\u00ed (minim\u00e1ln\u00ed sv\u011btl\u00e1 v\u00fd\u0161ka od ter\u00e9nu je 200 mm).\r\n\r\nUpevn\u011bn\u00ed panel\u016f: Pou\u017eijte kroucen\u00e9 h\u0159eb\u00edky nebo fas\u00e1dn\u00ed \u0161rouby Nordic Outdoor FLEX. Doporu\u010duje se p\u0159edvrt\u00e1n\u00ed otvor\u016f na konc\u00edch profil\u016f, aby se zabr\u00e1nilo prasknut\u00ed.\r\n\r\nMont\u00e1\u017e panel\u016f: Za\u010dn\u011bte odspodu a postupujte sm\u011brem nahoru. Pr\u016fb\u011b\u017en\u011b kontrolujte svisl\u00e9 i vodorovn\u00e9 zarovn\u00e1n\u00ed.\r\n\r\n\u00daprava panel\u016f: Pro p\u0159esn\u00e9 \u0159ez\u00e1n\u00ed pou\u017eijte p\u0159\u00edmo\u010darou nebo kotou\u010dovou pilu.","outdoorpanels_products_installation-video_url":"https:\/\/youtu.be\/xeJ2UGuPZbQ"}},{"outdoorpanels_products-images":[28688,28706,28733,28724,28697,28715],"outdoorpanels_products-info":{"outdoorpanels_products-name":"Nordic Outdoor PRO panel","outdoorpanels_products-description":"Nordic Outdoor PRO panely jsou odoln\u00fdm a estetick\u00fdm \u0159e\u0161en\u00edm fas\u00e1dy. Panel je vyroben z desek z kamenn\u00e9 vlny a exkluzivn\u00edch lamel ThermoWood, co\u017e zaji\u0161\u0165uje dlouhou \u017eivotnost, minim\u00e1ln\u00ed \u00fadr\u017ebu a odolnost v\u016f\u010di vlhkosti a v\u00fdkyv\u016fm teplot.","outdoorpanels_products-usp_headline":"Pro\u010d si vybrat Nordic Outdoor PRO panely?","outdoorpanels_products-usp":[{"outdoorpanels_products-usp_text":"Unik\u00e1tn\u00ed konstrukce z desek z kamenn\u00e9 vlny a lamel ThermoWood"},{"outdoorpanels_products-usp_text":"Odoln\u00e1 a pov\u011btrnostn\u00edm vliv\u016fm vzdorn\u00e1 fas\u00e1da s minim\u00e1ln\u00ed \u00fadr\u017ebou"},{"outdoorpanels_products-usp_text":"Snadn\u00e1 instalace bez pot\u0159eby speci\u00e1ln\u00edho n\u00e1\u0159ad\u00ed"}]},"outdoorpanels_products-datasheet":{"outdoorpanels_products-button_text":26793,"category_datasheet-issuu_link":"https:\/\/issuu.com\/fogveno\/docs\/en_nordic_outdoor_pro_panel?fr=xKAE9_zMzMw"},"outdoorpanels_products-installation":{"outdoorpanels_products_installation-button_cta":28626,"outdoorpanels_products_installation-headline":28626,"outdoorpanels_products_installation-guide":"Instalace krok za krokem\r\n\r\nP\u0159\u00edprava: O\u010dist\u011bte a p\u0159ipravte povrch. P\u0159e\u010dt\u011bte si mont\u00e1\u017en\u00ed n\u00e1vod, kter\u00fd je sou\u010d\u00e1st\u00ed balen\u00ed. V p\u0159\u00edpad\u011b pot\u0159eby nainstalujte v\u011btrnou z\u00e1branu.\r\n\r\nMont\u00e1\u017e lat\u00ed: Namontujte lat\u011b s maxim\u00e1ln\u00edm rozestupem C\/C 300 mm. Zajist\u011bte spr\u00e1vn\u00e9 odv\u011btr\u00e1n\u00ed.\r\n\r\nUpevn\u011bn\u00ed panel\u016f: Panely p\u0159ipevn\u011bte pomoc\u00ed fas\u00e1dn\u00edch \u0161roub\u016f, s minim\u00e1ln\u011b 10 \u0161rouby na m\u00b2.\r\n\r\nDokon\u010den\u00ed: Zkontrolujte, \u017ee jsou v\u0161echny panely spr\u00e1vn\u011b zarovn\u00e1ny. V p\u0159\u00edpad\u011b pot\u0159eby nainstalujte s\u00ed\u0165 proti hmyzu naho\u0159e a dole.","outdoorpanels_products_installation-video_url":"https:\/\/youtu.be\/KEGL-QCWLq8"}},{"outdoorpanels_products-images":[30158],"outdoorpanels_products-info":{"outdoorpanels_products-name":"Panely Nordic Outdoor FR PRO","outdoorpanels_products-description":"Panely Nordic Outdoor FR PRO jsou navr\u017eeny pro polouzav\u0159en\u00e9 a kryt\u00e9 venkovn\u00ed prostory, kde jsou z\u00e1sadn\u00ed jak bezpe\u010dnost, tak estetika. Jsou vyrobeny z neho\u0159lav\u00fdch desek z kamenn\u00e9 vlny a li\u0161t ThermoWood a spojuj\u00ed seversk\u00fd design s certifikovanou po\u017e\u00e1rn\u00ed odolnost\u00ed (B-s2,d0). Nab\u00edzej\u00ed dlouhodob\u00fd v\u00fdkon s minim\u00e1ln\u00ed \u00fadr\u017ebou, co\u017e z nich \u010din\u00ed ide\u00e1ln\u00ed \u0159e\u0161en\u00ed jak pro nov\u00e9 stavby, tak pro rekonstrukce.","outdoorpanels_products-usp_headline":"Pro\u010d zvolit panely Nordic Outdoor FR PRO?","outdoorpanels_products-usp":[{"outdoorpanels_products-usp_text":"Neho\u0159lav\u00e9 \u0159e\u0161en\u00ed (B-s2,d0) pro venkovn\u00ed pou\u017eit\u00ed"},{"outdoorpanels_products-usp_text":"Kombinuje bezpe\u010dnost se severskou estetikou designu"},{"outdoorpanels_products-usp_text":"Snadn\u00e1 a rychl\u00e1 instalace"}]},"outdoorpanels_products-datasheet":{"outdoorpanels_products-button_text":26793,"category_datasheet-issuu_link":"https:\/\/issuu.com\/fogveno\/docs\/en_nordic_outdoor_fr_pro_panel?fr=xKAE9_zMzMw"},"outdoorpanels_products-installation":{"outdoorpanels_products_installation-button_cta":"","outdoorpanels_products_installation-headline":"","outdoorpanels_products_installation-guide":"","outdoorpanels_products_installation-video_url":""}}],"product_category-selected":false,"product_category-headline_p1":"REAL WOOD,","product_category-headline_p2":"REAL ACOUSTIC IMPROVEMENTS","product_category-introduction":"All BY VEN\u00d8 acoustic panels are much more than just a visual product. You get a product that makes the room\u2019s acoustics and level of reverberation significantly better!\r\n\r\nOur Danish-made acoustic panels break the sound and absorb the sound wave, so it dies out when it hits the panels.\r\n\r\nThis means that the sound wave is eliminated and the reverberation time is shortened, which will improve the indoor climate and the feeling of well-being in the room, whether we are talking about private, commercial or public buildings.\r\n\r\nThe combination of the slat structure and the acoustic polyester felt divides the sound waves and absorbs them when they hit the panel. This means that the sound is not reflected back into the room, but is absorbed into the panel.\r\n\r\nThe panel is made of slats of black MDF with a surface of real wood veneer, which is attached to a 9mm \/ 0.35 in black polyester felt of recycled plastic. Our wood panels are also made from materials from responsibly managed FSC\u2122certified forests and other controlled sources.","product_category-highlighted_media":"","product_category-cta":{"product_category_cta":null},"comparrison_image":"","product_category-some_of_our_combinations":"","hero-media":[28553,28562,28571],"hero-h1":"Nordic Outdoor Panely","hero-sub_header":""},"_links":{"self":[{"href":"https:\/\/denpanels.com\/cs\/wp-json\/wp\/v2\/pages\/28744","targetHints":{"allow":["GET"]}}],"collection":[{"href":"https:\/\/denpanels.com\/cs\/wp-json\/wp\/v2\/pages"}],"about":[{"href":"https:\/\/denpanels.com\/cs\/wp-json\/wp\/v2\/types\/page"}],"author":[{"embeddable":true,"href":"https:\/\/denpanels.com\/cs\/wp-json\/wp\/v2\/users\/1"}],"replies":[{"embeddable":true,"href":"https:\/\/denpanels.com\/cs\/wp-json\/wp\/v2\/comments?post=28744"}],"version-history":[{"count":4,"href":"https:\/\/denpanels.com\/cs\/wp-json\/wp\/v2\/pages\/28744\/revisions"}],"predecessor-version":[{"id":30176,"href":"https:\/\/denpanels.com\/cs\/wp-json\/wp\/v2\/pages\/28744\/revisions\/30176"}],"up":[{"embeddable":true,"href":"https:\/\/denpanels.com\/cs\/wp-json\/wp\/v2\/pages\/27140"}],"acf:attachment":[{"embeddable":true,"href":"https:\/\/denpanels.com\/cs\/wp-json\/wp\/v2\/media\/28571"},{"embeddable":true,"href":"https:\/\/denpanels.com\/cs\/wp-json\/wp\/v2\/media\/28562"},{"embeddable":true,"href":"https:\/\/denpanels.com\/cs\/wp-json\/wp\/v2\/media\/28553"}],"wp:attachment":[{"href":"https:\/\/denpanels.com\/cs\/wp-json\/wp\/v2\/media?parent=28744"}],"wp:term":[{"taxonomy":"page-section","embeddable":true,"href":"https:\/\/denpanels.com\/cs\/wp-json\/wp\/v2\/page-section?post=28744"},{"taxonomy":"page-template","embeddable":true,"href":"https:\/\/denpanels.com\/cs\/wp-json\/wp\/v2\/page-template?post=28744"}],"curies":[{"name":"wp","href":"https:\/\/api.w.org\/{rel}","templated":true}]}}