{"id":27364,"date":"2024-06-06T12:03:39","date_gmt":"2024-06-06T10:03:39","guid":{"rendered":"https:\/\/denpanels.com\/nordic-swan-ecolabel\/"},"modified":"2025-04-02T10:41:10","modified_gmt":"2025-04-02T08:41:10","slug":"nordic-swan-ecolabel","status":"publish","type":"page","link":"https:\/\/denpanels.com\/cs\/nordic-swan-ecolabel\/","title":{"rendered":"Nordic Swan Ecolabel"},"content":{"rendered":"<div>\n<p>        <video src=\"\/wp-content\/uploads\/Nordic-Swan-Ecolabel.mp4\"><\/video><\/p>\n<\/div>\n<div>\n<h1>Nordic Swan Ecolabel<\/h1>\n<\/div>\n<h2>Kl\u00ed\u010dov\u00fd miln\u00edk<\/h2>\n<h2>pro udr\u017eitelnost a kvalitu<\/h2>\n<div>\n<p>V dne\u0161n\u00edm stavebn\u00edm pr\u016fmyslu se Nordic Swan Ecolabel stal kl\u00ed\u010dov\u00fdm miln\u00edkem pro udr\u017eitelnost a kvalitu. Tento symbol se etabloval jako uzn\u00e1van\u00fd standard pro ekologickou odpov\u011bdnost, udr\u017eitelnost a pov\u011bdom\u00ed spot\u0159ebitel\u016f, a to nejen v D\u00e1nsku, ale po cel\u00e9m severu Evropy.<\/p>\n<p>Jak zajistit, aby prostory, kter\u00e9 vytv\u00e1\u0159\u00edme, byly nejen esteticky p\u0159ita\u017eliv\u00e9 a funk\u010dn\u00ed, ale z\u00e1rove\u0148 i ekologicky \u0161etrn\u00e9?<\/p>\n<p>Na tuto ot\u00e1zku nab\u00edz\u00ed odpov\u011b\u010f Nordic Swan Ecolabel. V\u00fdznam tohoto ozna\u010den\u00ed roste po cel\u00e9m severu Evropy. V D\u00e1nsku je 95 % populace obezn\u00e1meno s t\u00edmto \u0161t\u00edtkem a 67 % aktivn\u011b hled\u00e1 tento symbol p\u0159i rozhodov\u00e1n\u00ed o n\u00e1kupu. Tato \u010d\u00edsla odr\u00e1\u017eej\u00ed \u0161ir\u0161\u00ed trend v cel\u00e9 severn\u00ed Evrop\u011b, kde jak soukrom\u00ed spot\u0159ebitel\u00e9, tak firmy st\u00e1le v\u00edce up\u0159ednost\u0148uj\u00ed udr\u017eitelnost a environment\u00e1ln\u00ed faktory.<\/p>\n<p>\u0160patn\u00e1 akustika m\u016f\u017ee v\u00fdrazn\u011b zhor\u0161it z\u00e1\u017eitek z jak\u00e9hokoli prostoru, a\u0165 u\u017e jde o pracovn\u00ed prost\u0159ed\u00ed, ve\u0159ejn\u00e9 prostory nebo soukrom\u00e9 domovy. Nicm\u00e9n\u011b volbou na\u0161ich akustick\u00fdch panel\u016f certifikovan\u00fdch Nordic Swan Ecolabel se nezab\u00fdv\u00e1te pouze akustikou, ale tak\u00e9 vys\u00edl\u00e1te sign\u00e1l o va\u0161em z\u00e1vazku v\u016f\u010di planet\u011b. V profesion\u00e1ln\u00edch prost\u0159ed\u00edch, kde jsou produktivita a spokojenost zam\u011bstnanc\u016f kl\u00ed\u010dov\u00e9, se \u0159e\u0161en\u00ed s Nordic Swan Ecolabel st\u00e1v\u00e1 d\u016fle\u017eit\u00fdm faktorem. Tato \u0159e\u0161en\u00ed nejen \u0159e\u0161\u00ed akustick\u00e9 probl\u00e9my, ale tak\u00e9 ukazuj\u00ed oddanost firmy udr\u017eitelnosti.<\/p>\n<\/div>\n<p><p>\n        <a href=\"https:\/\/fog-veno.com\/en\/nordic-swan-ecolabel\/\" rel=\"nofollow noopener\" target=\"_blank\">P\u0159e\u010dt\u011bte si v\u00edce o na\u0161\u00ed certifikaci<\/a>\n    <\/p>\n<\/p>\n<p><img decoding=\"async\" src=\"\/wp-content\/uploads\/Render-1.jpg\" alt=\"\" title=\"\"><\/p>\n<h2>\n<p>V\u00fdhody akustick\u00fdch panel\u016f s certifikac\u00ed Nordic Swan Ecolabel<\/p>\n<\/h2>\n<div>\n<p>Certifikace Nordic Swan Ecolabel je v souladu s c\u00edli udr\u017eiteln\u00e9ho rozvoje OSN, zam\u011b\u0159uje se na udr\u017eiteln\u00e9 v\u00fdrobn\u00ed procesy a odpov\u011bdnou spot\u0159ebu. Zde je n\u011bkolik d\u016fvod\u016f, pro\u010d na\u0161e akustick\u00e9 panely s certifikac\u00ed Nordic Swan Ecolabel vynikaj\u00ed:<\/p>\n<ul>\n<li><strong>Trvanlivost<\/strong>: Kombinace kvality a udr\u017eitelnosti zaji\u0161\u0165uje dlouhodob\u00e9 \u0159e\u0161en\u00ed.<\/li>\n<li><strong>Udr\u017eitelnost<\/strong>: Panely podporuj\u00ed ekologi\u010dt\u011bj\u0161\u00ed stavebn\u00ed procesy t\u00edm, \u017ee minimalizuj\u00ed odpad a podporuj\u00ed cirkul\u00e1rn\u00ed ekonomiku. Jsou vyr\u00e1b\u011bny s respektem k p\u0159\u00edrod\u011b, od odpov\u011bdn\u00e9ho hospoda\u0159en\u00ed s lesy po recyklaci materi\u00e1l\u016f.<\/li>\n<li><strong>Zdrav\u00ed<\/strong>: Absence \u0161kodliv\u00fdch chemik\u00e1li\u00ed znamen\u00e1, \u017ee prostory, kde jsou panely instalov\u00e1ny, se st\u00e1vaj\u00ed zdrav\u011bj\u0161\u00edmi pro obyvatele, sni\u017euj\u00ed zdravotn\u00ed rizika pro ty, kte\u0159\u00ed v t\u011bchto prostorech \u017eij\u00ed, pracuj\u00ed nebo je nav\u0161t\u011bvuj\u00ed.<\/li>\n<li><strong>Podpora glob\u00e1ln\u00edch iniciativ<\/strong>: V\u00fdb\u011brem certifikace Nordic Swan Ecolabel podporujete tak\u00e9 c\u00edle udr\u017eiteln\u00e9ho rozvoje OSN, zejm\u00e9na c\u00edle 12 (Odpov\u011bdn\u00e1 spot\u0159eba a v\u00fdroba) a 15 (\u017divot na zemi).<\/li>\n<\/ul>\n<\/div>\n<div>\n<p>        <img decoding=\"async\" src=\"\/wp-content\/uploads\/UK_Swan.png\" alt=\"\" title=\"\"><\/p>\n<h2>Hledat<\/h2>\n<p>certifikaci Nordic Swan Ecolabel<\/p>\n<div>\n<p>Budoucnost stavebnictv\u00ed je zelen\u00e1, zam\u011b\u0159en\u00e1 na funk\u010dnost a u\u017eivatele. Zohledn\u011bn\u00ed akustiky od za\u010d\u00e1tku nen\u00ed pouze nutnost\u00ed pro optim\u00e1ln\u00ed u\u017eivatelsk\u00fd z\u00e1\u017eitek, ale tak\u00e9 sou\u010d\u00e1st\u00ed v\u011bt\u0161\u00ed odpov\u011bdnosti, kterou m\u00e1me v\u016f\u010di na\u0161\u00ed planet\u011b a jej\u00edm obyvatel\u016fm. Akustick\u00e9 panely BY VEN\u00d8 s certifikac\u00ed Nordic Swan Ecolabel nab\u00edzej\u00ed \u0159e\u0161en\u00ed, kter\u00e9 se zam\u011b\u0159uje nejen na kvalitu zvuku, ale tak\u00e9 na udr\u017eitelnost a zdrav\u00ed na\u0161ich stavebn\u00edch prost\u0159ed\u00ed.<\/p>\n<\/div>\n<p><a href=\"https:\/\/www.svanemaerket.dk\/en\" rel=\"nofollow noopener\" target=\"_blank\">P\u0159e\u010dt\u011bte si v\u00edce o certifikaci Nordic Swan Ecolabel<\/a><\/p>\n<\/div>\n<p><!--more--><br \/>\n<!-- {\"type\":\"layout\",\"children\":[{\"type\":\"section\",\"props\":{\"\":\"linear-gradient(180deg, rgba(75,93,99,1) 0%, rgba(75,93,99,0.7217480742296919) 31%, rgba(75,93,99,0.14751838235294112) 100%);\",\"animation\":\"scale-up\",\"animation_delay\":\"200\",\"divider_height\":\"120\",\"divider_layers_gap\":\"5\",\"divider_layers_opacity\":\"0.5\",\"divider_position\":\"top\",\"divider_responsive\":true,\"divider_shadow_blur_radius\":\"5\",\"divider_shadow_color\":\"#00000080\",\"divider_shadow_offset_x\":\"0\",\"divider_shadow_offset_y\":\"5\",\"divider_width\":\"100\",\"header_transparent\":true,\"header_transparent_noplaceholder\":true,\"height_viewport\":35,\"image_effect\":\"parallax\",\"image_parallax_bgy\":\"100\",\"image_position\":\"center-center\",\"image_size\":\"cover\",\"image_width\":1920,\"media_background\":\"#4B5D63\",\"media_blend_mode\":\"multiply\",\"padding\":\"none\",\"padding_custom_bottom\":\"70\",\"padding_custom_top\":\"70\",\"style\":\"secondary\",\"style_custom_color\":\"#ccc\",\"text_color\":\"light\",\"title_breakpoint\":\"xl\",\"title_position\":\"top-left\",\"title_rotation\":\"left\",\"vertical_align\":\"middle\",\"width\":\"\"},\"children\":[{\"type\":\"row\",\"props\":{\"divider\":false,\"parallax\":true},\"children\":[{\"type\":\"column\",\"props\":{\"image_position\":\"center-center\",\"position_sticky_breakpoint\":\"m\"},\"children\":[{\"type\":\"slideshow\",\"props\":{\"blend\":false,\"class\":\"gradientoverlay\",\"css\":\".el-element {\\n    margin-bottom: 0px !important;\\n}\",\"image_loading\":true,\"image_width\":\"1920\",\"link_style\":\"default\",\"link_text\":\"Read more\",\"margin\":\"default\",\"meta_align\":\"below-title\",\"meta_element\":\"div\",\"meta_style\":\"text-meta\",\"nav\":\"\",\"nav_align\":\"center\",\"nav_below\":true,\"nav_breakpoint\":\"s\",\"nav_position\":\"bottom-center\",\"nav_position_margin\":\"medium\",\"overlay_animation\":\"parallax\",\"overlay_position\":\"center-left\",\"position\":\"relative\",\"show_content\":false,\"show_link\":false,\"show_meta\":false,\"show_thumbnail\":false,\"show_title\":false,\"slidenav\":\"bottom-left\",\"slidenav_breakpoint\":\"s\",\"slidenav_hover\":true,\"slidenav_large\":true,\"slidenav_margin\":\"medium\",\"slidenav_outside_breakpoint\":\"xl\",\"slideshow_animation\":\"fade\",\"slideshow_autoplay\":true,\"slideshow_autoplay_interval\":\"6\",\"slideshow_autoplay_pause\":true,\"slideshow_height\":\"viewport\",\"slideshow_height_offset_top\":false,\"slideshow_height_viewport\":80,\"slideshow_kenburns\":\"alternate\",\"slideshow_kenburns_duration\":\"20\",\"slideshow_min_height\":300,\"slideshow_parallax\":false,\"slideshow_parallax_easing\":\"0.3\",\"slideshow_ratio\":\"16:9\",\"text_color\":\"light\",\"thumbnav_height\":\"75\",\"thumbnav_nowrap\":true,\"thumbnav_svg_color\":\"emphasis\",\"thumbnav_width\":\"100\",\"title_element\":\"h3\",\"title_hover_style\":\"reset\"},\"children\":[{\"type\":\"slideshow_item\",\"props\":{\"video\":\"wp-content\\\/uploads\\\/Nordic-Swan-Ecolabel.mp4\"}}]},{\"type\":\"panel\",\"props\":{\"content_column_breakpoint\":\"m\",\"icon_width\":80,\"image_align\":\"top\",\"image_grid_breakpoint\":\"m\",\"image_grid_width\":\"1-2\",\"image_svg_color\":\"emphasis\",\"link_style\":\"default\",\"link_text\":\"Read more\",\"margin\":\"default\",\"margin_remove_bottom\":true,\"meta\":\"\",\"meta_align\":\"below-title\",\"meta_element\":\"div\",\"meta_style\":\"h4\",\"position\":\"absolute\",\"position_bottom\":\"5vh\",\"position_z_index\":\"3\",\"text_align\":\"center\",\"title\":\"Nordic Swan Ecolabel\",\"title_align\":\"top\",\"title_element\":\"h1\",\"title_grid_breakpoint\":\"m\",\"title_grid_width\":\"1-2\",\"title_hover_style\":\"reset\",\"title_style\":\"heading-medium\"}}]}]}],\"name\":\"Hero med slider\"},{\"type\":\"section\",\"props\":{\"animation_delay\":\"200\",\"image_position\":\"center-center\",\"style\":\"default\",\"title_breakpoint\":\"xl\",\"title_position\":\"top-left\",\"title_rotation\":\"left\",\"vertical_align\":\"middle\",\"width\":\"default\"},\"children\":[{\"type\":\"row\",\"children\":[{\"type\":\"column\",\"props\":{\"image_position\":\"center-center\",\"position_sticky_breakpoint\":\"m\",\"style\":\"tile-default\",\"vertical_align\":\"middle\"},\"children\":[{\"type\":\"headline\",\"props\":{\"content\":\"Kl\\u00ed\\u010dov\\u00fd miln\\u00edk\",\"margin_remove_bottom\":true,\"title_element\":\"h2\",\"title_style\":\"heading-medium\"}},{\"type\":\"headline\",\"props\":{\"content\":\"pro udr\\u017eitelnost a kvalitu\",\"margin_remove_bottom\":false,\"margin_remove_top\":true,\"title_color\":\"primary\",\"title_element\":\"h2\",\"title_style\":\"heading-medium\"}},{\"type\":\"text\",\"props\":{\"column_breakpoint\":\"m\",\"content\":\"\n\n<p>V dne\\u0161n\\u00edm stavebn\\u00edm pr\\u016fmyslu se Nordic Swan Ecolabel stal kl\\u00ed\\u010dov\\u00fdm miln\\u00edkem pro udr\\u017eitelnost a kvalitu. Tento symbol se etabloval jako uzn\\u00e1van\\u00fd standard pro ekologickou odpov\\u011bdnost, udr\\u017eitelnost a pov\\u011bdom\\u00ed spot\\u0159ebitel\\u016f, a to nejen v D\\u00e1nsku, ale po cel\\u00e9m severu Evropy.<\\\/p>\\n\n\n<p>Jak zajistit, aby prostory, kter\\u00e9 vytv\\u00e1\\u0159\\u00edme, byly nejen esteticky p\\u0159ita\\u017eliv\\u00e9 a funk\\u010dn\\u00ed, ale z\\u00e1rove\\u0148 i ekologicky \\u0161etrn\\u00e9?<\\\/p>\\n\n\n<p>Na tuto ot\\u00e1zku nab\\u00edz\\u00ed odpov\\u011b\\u010f Nordic Swan Ecolabel. V\\u00fdznam tohoto ozna\\u010den\\u00ed roste po cel\\u00e9m severu Evropy. V D\\u00e1nsku je 95 % populace obezn\\u00e1meno s t\\u00edmto \\u0161t\\u00edtkem a 67 % aktivn\\u011b hled\\u00e1 tento symbol p\\u0159i rozhodov\\u00e1n\\u00ed o n\\u00e1kupu. Tato \\u010d\\u00edsla odr\\u00e1\\u017eej\\u00ed \\u0161ir\\u0161\\u00ed trend v cel\\u00e9 severn\\u00ed Evrop\\u011b, kde jak soukrom\\u00ed spot\\u0159ebitel\\u00e9, tak firmy st\\u00e1le v\\u00edce up\\u0159ednost\\u0148uj\\u00ed udr\\u017eitelnost a environment\\u00e1ln\\u00ed faktory.<\\\/p>\\n\n\n<p>\\u0160patn\\u00e1 akustika m\\u016f\\u017ee v\\u00fdrazn\\u011b zhor\\u0161it z\\u00e1\\u017eitek z jak\\u00e9hokoli prostoru, a\\u0165 u\\u017e jde o pracovn\\u00ed prost\\u0159ed\\u00ed, ve\\u0159ejn\\u00e9 prostory nebo soukrom\\u00e9 domovy. Nicm\\u00e9n\\u011b volbou na\\u0161ich akustick\\u00fdch panel\\u016f certifikovan\\u00fdch Nordic Swan Ecolabel se nezab\\u00fdv\\u00e1te pouze akustikou, ale tak\\u00e9 vys\\u00edl\\u00e1te sign\\u00e1l o va\\u0161em z\\u00e1vazku v\\u016f\\u010di planet\\u011b. V profesion\\u00e1ln\\u00edch prost\\u0159ed\\u00edch, kde jsou produktivita a spokojenost zam\\u011bstnanc\\u016f kl\\u00ed\\u010dov\\u00e9, se \\u0159e\\u0161en\\u00ed s Nordic Swan Ecolabel st\\u00e1v\\u00e1 d\\u016fle\\u017eit\\u00fdm faktorem. Tato \\u0159e\\u0161en\\u00ed nejen \\u0159e\\u0161\\u00ed akustick\\u00e9 probl\\u00e9my, ale tak\\u00e9 ukazuj\\u00ed oddanost firmy udr\\u017eitelnosti.<\\\/p>\",\"margin\":\"default\"}},{\"type\":\"button\",\"props\":{\"grid_column_gap\":\"small\",\"grid_row_gap\":\"small\",\"margin\":\"default\"},\"children\":[{\"type\":\"button_item\",\"props\":{\"button_style\":\"primary\",\"content\":\"P\\u0159e\\u010dt\\u011bte si v\\u00edce o na\\u0161\\u00ed certifikaci\",\"dialog_layout\":\"modal\",\"dialog_offcanvas_flip\":true,\"icon_align\":\"left\",\"link\":\"https:\\\/\\\/fog-veno.com\\\/en\\\/nordic-swan-ecolabel\\\/\"}}]}]}]}],\"name\":\"Intro\"},{\"type\":\"section\",\"props\":{\"image_position\":\"center-center\",\"padding_remove_horizontal\":false,\"padding_remove_top\":false,\"style\":\"muted\",\"title_breakpoint\":\"xl\",\"title_position\":\"top-left\",\"title_rotation\":\"left\",\"vertical_align\":\"middle\",\"width\":\"default\"},\"children\":[{\"type\":\"row\",\"props\":{\"layout\":\"1-2,1-2\"},\"children\":[{\"type\":\"column\",\"props\":{\"image_position\":\"center-center\",\"position_sticky_breakpoint\":\"m\",\"vertical_align\":\"middle\",\"width_medium\":\"1-2\"},\"children\":[{\"type\":\"image\",\"props\":{\"image\":\"wp-content\\\/uploads\\\/Render-1.jpg\",\"image_height\":960,\"image_svg_color\":\"emphasis\",\"image_width\":1280,\"margin\":\"default\"}}]},{\"type\":\"column\",\"props\":{\"image_position\":\"center-center\",\"position_sticky_breakpoint\":\"m\",\"vertical_align\":\"middle\",\"width_medium\":\"1-2\"},\"children\":[{\"type\":\"headline\",\"props\":{\"content\":\"\n\n<p>V\\u00fdhody akustick\\u00fdch panel\\u016f s certifikac\\u00ed Nordic Swan Ecolabel<\\\/p>\",\"title_element\":\"h2\",\"title_style\":\"h1\"}},{\"type\":\"text\",\"props\":{\"column_breakpoint\":\"m\",\"content\":\"\n\n<p>Certifikace Nordic Swan Ecolabel je v souladu s c\\u00edli udr\\u017eiteln\\u00e9ho rozvoje OSN, zam\\u011b\\u0159uje se na udr\\u017eiteln\\u00e9 v\\u00fdrobn\\u00ed procesy a odpov\\u011bdnou spot\\u0159ebu. Zde je n\\u011bkolik d\\u016fvod\\u016f, pro\\u010d na\\u0161e akustick\\u00e9 panely s certifikac\\u00ed Nordic Swan Ecolabel vynikaj\\u00ed:<\\\/p>\\n\n\n<ul>\\n\n\n<li><strong>Trvanlivost<\\\/strong>: Kombinace kvality a udr\\u017eitelnosti zaji\\u0161\\u0165uje dlouhodob\\u00e9 \\u0159e\\u0161en\\u00ed.<\\\/li>\\n\n\n<li><strong>Udr\\u017eitelnost<\\\/strong>: Panely podporuj\\u00ed ekologi\\u010dt\\u011bj\\u0161\\u00ed stavebn\\u00ed procesy t\\u00edm, \\u017ee minimalizuj\\u00ed odpad a podporuj\\u00ed cirkul\\u00e1rn\\u00ed ekonomiku. Jsou vyr\\u00e1b\\u011bny s respektem k p\\u0159\\u00edrod\\u011b, od odpov\\u011bdn\\u00e9ho hospoda\\u0159en\\u00ed s lesy po recyklaci materi\\u00e1l\\u016f.<\\\/li>\\n\n\n<li><strong>Zdrav\\u00ed<\\\/strong>: Absence \\u0161kodliv\\u00fdch chemik\\u00e1li\\u00ed znamen\\u00e1, \\u017ee prostory, kde jsou panely instalov\\u00e1ny, se st\\u00e1vaj\\u00ed zdrav\\u011bj\\u0161\\u00edmi pro obyvatele, sni\\u017euj\\u00ed zdravotn\\u00ed rizika pro ty, kte\\u0159\\u00ed v t\\u011bchto prostorech \\u017eij\\u00ed, pracuj\\u00ed nebo je nav\\u0161t\\u011bvuj\\u00ed.<\\\/li>\\n\n\n<li><strong>Podpora glob\\u00e1ln\\u00edch iniciativ<\\\/strong>: V\\u00fdb\\u011brem certifikace Nordic Swan Ecolabel podporujete tak\\u00e9 c\\u00edle udr\\u017eiteln\\u00e9ho rozvoje OSN, zejm\\u00e9na c\\u00edle 12 (Odpov\\u011bdn\\u00e1 spot\\u0159eba a v\\u00fdroba) a 15 (\\u017divot na zemi).<\\\/li>\\n<\\\/ul>\",\"margin\":\"default\"}}]}]}]},{\"type\":\"section\",\"props\":{\"image_position\":\"center-center\",\"style\":\"default\",\"title_breakpoint\":\"xl\",\"title_position\":\"top-left\",\"title_rotation\":\"left\",\"vertical_align\":\"middle\",\"width\":\"default\"},\"children\":[{\"type\":\"row\",\"children\":[{\"type\":\"column\",\"props\":{\"image_position\":\"center-center\",\"position_sticky_breakpoint\":\"m\"},\"children\":[{\"type\":\"panel\",\"props\":{\"content\":\"\n\n<p>Budoucnost stavebnictv\\u00ed je zelen\\u00e1, zam\\u011b\\u0159en\\u00e1 na funk\\u010dnost a u\\u017eivatele. Zohledn\\u011bn\\u00ed akustiky od za\\u010d\\u00e1tku nen\\u00ed pouze nutnost\\u00ed pro optim\\u00e1ln\\u00ed u\\u017eivatelsk\\u00fd z\\u00e1\\u017eitek, ale tak\\u00e9 sou\\u010d\\u00e1st\\u00ed v\\u011bt\\u0161\\u00ed odpov\\u011bdnosti, kterou m\\u00e1me v\\u016f\\u010di na\\u0161\\u00ed planet\\u011b a jej\\u00edm obyvatel\\u016fm. Akustick\\u00e9 panely BY VEN\\u00d8 s certifikac\\u00ed Nordic Swan Ecolabel nab\\u00edzej\\u00ed \\u0159e\\u0161en\\u00ed, kter\\u00e9 se zam\\u011b\\u0159uje nejen na kvalitu zvuku, ale tak\\u00e9 na udr\\u017eitelnost a zdrav\\u00ed na\\u0161ich stavebn\\u00edch prost\\u0159ed\\u00ed.<\\\/p>\",\"content_column_breakpoint\":\"m\",\"icon_width\":80,\"image\":\"wp-content\\\/uploads\\\/UK_Swan.png\",\"image_align\":\"right\",\"image_grid_breakpoint\":\"m\",\"image_grid_width\":\"1-2\",\"image_height\":640,\"image_svg_color\":\"emphasis\",\"image_vertical_align\":true,\"image_width\":640,\"link\":\"https:\\\/\\\/www.svanemaerket.dk\\\/en\",\"link_style\":\"default\",\"link_target\":true,\"link_text\":\"P\\u0159e\\u010dt\\u011bte si v\\u00edce o certifikaci Nordic Swan Ecolabel\",\"margin\":\"default\",\"meta\":\"certifikaci Nordic Swan Ecolabel\",\"meta_align\":\"below-title\",\"meta_color\":\"primary\",\"meta_element\":\"div\",\"meta_margin\":\"remove\",\"meta_style\":\"h1\",\"title\":\"Hledat\",\"title_align\":\"top\",\"title_element\":\"h2\",\"title_grid_breakpoint\":\"m\",\"title_grid_width\":\"1-2\",\"title_hover_style\":\"reset\",\"title_style\":\"h1\"}}]}]}],\"name\":\"Panel med rigtige indstillinger\"}],\"version\":\"4.5.11\",\"yooessentialsVersion\":\"2.3.9\"} --><\/p>\n","protected":false},"excerpt":{"rendered":"<p>Nordic Swan Ecolabel Kl\u00ed\u010dov\u00fd miln\u00edk pro udr\u017eitelnost a kvalitu V dne\u0161n\u00edm stavebn\u00edm pr\u016fmyslu se Nordic Swan Ecolabel stal kl\u00ed\u010dov\u00fdm miln\u00edkem pro udr\u017eitelnost a kvalitu. Tento symbol se etabloval jako uzn\u00e1van\u00fd standard pro ekologickou odpov\u011bdnost, udr\u017eitelnost a pov\u011bdom\u00ed spot\u0159ebitel\u016f, a to nejen v D\u00e1nsku, ale po cel\u00e9m severu Evropy. Jak zajistit, aby prostory, kter\u00e9 vytv\u00e1\u0159\u00edme, byly [&hellip;]<\/p>\n","protected":false},"author":3,"featured_media":0,"parent":0,"menu_order":0,"comment_status":"closed","ping_status":"closed","template":"","meta":{"_acf_changed":false,"footnotes":""},"page-section":[],"page-template":[111],"class_list":["post-27364","page","type-page","status-publish","hentry","page-template-about-us"],"acf":[],"_links":{"self":[{"href":"https:\/\/denpanels.com\/cs\/wp-json\/wp\/v2\/pages\/27364","targetHints":{"allow":["GET"]}}],"collection":[{"href":"https:\/\/denpanels.com\/cs\/wp-json\/wp\/v2\/pages"}],"about":[{"href":"https:\/\/denpanels.com\/cs\/wp-json\/wp\/v2\/types\/page"}],"author":[{"embeddable":true,"href":"https:\/\/denpanels.com\/cs\/wp-json\/wp\/v2\/users\/3"}],"replies":[{"embeddable":true,"href":"https:\/\/denpanels.com\/cs\/wp-json\/wp\/v2\/comments?post=27364"}],"version-history":[{"count":3,"href":"https:\/\/denpanels.com\/cs\/wp-json\/wp\/v2\/pages\/27364\/revisions"}],"predecessor-version":[{"id":27372,"href":"https:\/\/denpanels.com\/cs\/wp-json\/wp\/v2\/pages\/27364\/revisions\/27372"}],"wp:attachment":[{"href":"https:\/\/denpanels.com\/cs\/wp-json\/wp\/v2\/media?parent=27364"}],"wp:term":[{"taxonomy":"page-section","embeddable":true,"href":"https:\/\/denpanels.com\/cs\/wp-json\/wp\/v2\/page-section?post=27364"},{"taxonomy":"page-template","embeddable":true,"href":"https:\/\/denpanels.com\/cs\/wp-json\/wp\/v2\/page-template?post=27364"}],"curies":[{"name":"wp","href":"https:\/\/api.w.org\/{rel}","templated":true}]}}