{"id":27339,"date":"2025-01-09T12:21:06","date_gmt":"2025-01-09T11:21:06","guid":{"rendered":"https:\/\/denpanels.com\/panely\/prislusenstvi\/adhesive\/"},"modified":"2025-04-02T10:23:26","modified_gmt":"2025-04-02T08:23:26","slug":"montazni-lepidlo","status":"publish","type":"page","link":"https:\/\/denpanels.com\/cs\/panely\/prislusenstvi\/montazni-lepidlo\/","title":{"rendered":"Mont\u00e1\u017en\u00ed lepidlo"},"content":{"rendered":"","protected":false},"excerpt":{"rendered":"","protected":false},"author":3,"featured_media":0,"parent":27050,"menu_order":0,"comment_status":"closed","ping_status":"closed","template":"","meta":{"_acf_changed":false,"footnotes":""},"page-section":[525,529,528,526],"page-template":[370],"class_list":["post-27339","page","type-page","status-publish","hentry","page-section-hero","page-section-highlighted-inspiration","page-section-megamenu","page-section-product-category","page-template-product-sub-category"],"acf":{"product_category-selected":746,"product_category-headline_p1":"Siln\u00e9 a spolehliv\u00e9 mont\u00e1\u017en\u00ed lepidlo","product_category-headline_p2":"pro akustick\u00e9 panely","product_category-introduction":"V Denpanels v\u00e1m usnad\u0148ujeme instalaci d\u00edky na\u0161emu vysoce v\u00fdkonn\u00e9mu mont\u00e1\u017en\u00edmu lepidlu \u2013 navr\u017een\u00e9mu pro siln\u00e9, pru\u017en\u00e9 a trvanliv\u00e9 p\u0159ilnut\u00ed.\r\n\r\n<strong>Extra siln\u00e9 spojen\u00ed<\/strong> \u2013 udr\u017e\u00ed panely na m\u00edst\u011b i b\u011bhem schnut\u00ed.  \r\n<strong>Odoln\u00e9 a pru\u017en\u00e9<\/strong> \u2013 absorbuje pohyby mezi stavebn\u00edmi prvky.  \r\n<strong>Univerz\u00e1ln\u00ed pou\u017eit\u00ed<\/strong> \u2013 p\u0159ilne ke d\u0159evu, sklu, betonu, cihle, kovu a dal\u0161\u00edm povrch\u016fm.  \r\n<strong>Snadn\u00e9 pou\u017eit\u00ed<\/strong> \u2013 snadno se aplikuje p\u0159i teplot\u00e1ch od +5 \u00b0C do +40 \u00b0C.\r\n\r\nDos\u00e1hn\u011bte profesion\u00e1ln\u00edho a dlouhotrvaj\u00edc\u00edho v\u00fdsledku bez pot\u0159eby dal\u0161\u00edho upevn\u011bn\u00ed.\r\n\r\nObsah: 290 ml v jedn\u00e9 tub\u011b.","product_category-highlighted_media":27342,"product_category-cta":{"product_category_cta":null},"comparrison_image":null,"product_category-some_of_our_combinations":26790,"hero-media":[26889],"hero-h1":"Mont\u00e1\u017en\u00ed lepidlo","hero-sub_header":""},"_links":{"self":[{"href":"https:\/\/denpanels.com\/cs\/wp-json\/wp\/v2\/pages\/27339","targetHints":{"allow":["GET"]}}],"collection":[{"href":"https:\/\/denpanels.com\/cs\/wp-json\/wp\/v2\/pages"}],"about":[{"href":"https:\/\/denpanels.com\/cs\/wp-json\/wp\/v2\/types\/page"}],"author":[{"embeddable":true,"href":"https:\/\/denpanels.com\/cs\/wp-json\/wp\/v2\/users\/3"}],"replies":[{"embeddable":true,"href":"https:\/\/denpanels.com\/cs\/wp-json\/wp\/v2\/comments?post=27339"}],"version-history":[{"count":3,"href":"https:\/\/denpanels.com\/cs\/wp-json\/wp\/v2\/pages\/27339\/revisions"}],"predecessor-version":[{"id":27344,"href":"https:\/\/denpanels.com\/cs\/wp-json\/wp\/v2\/pages\/27339\/revisions\/27344"}],"up":[{"embeddable":true,"href":"https:\/\/denpanels.com\/cs\/wp-json\/wp\/v2\/pages\/27050"}],"acf:attachment":[{"embeddable":true,"href":"https:\/\/denpanels.com\/cs\/wp-json\/wp\/v2\/media\/26889"}],"acf:post":[{"embeddable":true,"href":"https:\/\/denpanels.com\/cs\/wp-json\/wp\/v2\/translation\/26790"}],"acf:term":[{"embeddable":true,"taxonomy":"product-category","href":"https:\/\/denpanels.com\/cs\/wp-json\/wp\/v2\/product-category\/746"}],"wp:attachment":[{"href":"https:\/\/denpanels.com\/cs\/wp-json\/wp\/v2\/media?parent=27339"}],"wp:term":[{"taxonomy":"page-section","embeddable":true,"href":"https:\/\/denpanels.com\/cs\/wp-json\/wp\/v2\/page-section?post=27339"},{"taxonomy":"page-template","embeddable":true,"href":"https:\/\/denpanels.com\/cs\/wp-json\/wp\/v2\/page-template?post=27339"}],"curies":[{"name":"wp","href":"https:\/\/api.w.org\/{rel}","templated":true}]}}