{"id":27332,"date":"2025-01-09T12:16:51","date_gmt":"2025-01-09T11:16:51","guid":{"rendered":"https:\/\/denpanels.com\/panely\/prislusenstvi\/screws\/"},"modified":"2025-04-02T10:21:16","modified_gmt":"2025-04-02T08:21:16","slug":"montazni-srouby","status":"publish","type":"page","link":"https:\/\/denpanels.com\/cs\/panely\/prislusenstvi\/montazni-srouby\/","title":{"rendered":"Mont\u00e1\u017en\u00ed \u0161rouby"},"content":{"rendered":"","protected":false},"excerpt":{"rendered":"","protected":false},"author":3,"featured_media":0,"parent":27050,"menu_order":0,"comment_status":"closed","ping_status":"closed","template":"","meta":{"_acf_changed":false,"footnotes":""},"page-section":[525,529,526],"page-template":[370],"class_list":["post-27332","page","type-page","status-publish","hentry","page-section-hero","page-section-highlighted-inspiration","page-section-product-category","page-template-product-sub-category"],"acf":{"product_category-selected":759,"product_category-headline_p1":"Pevn\u00e1 a nen\u00e1padn\u00e1 instalace","product_category-headline_p2":"pro va\u0161e panely","product_category-introduction":"V Denpanels v\u00e1m usnad\u0148ujeme mont\u00e1\u017e pomoc\u00ed p\u0159esn\u011b navr\u017een\u00fdch mont\u00e1\u017en\u00edch \u0161roub\u016f, kter\u00e9 zaji\u0161\u0165uj\u00ed pevn\u00e9 a elegantn\u00ed uchycen\u00ed.\r\n\r\n<strong>Dokonal\u00e9 p\u0159izp\u016fsoben\u00ed<\/strong> \u2013 navr\u017eeno pro bezpe\u010dn\u00e9 uchycen\u00ed mezi lamelami.  \r\n<strong>Nen\u00e1padn\u00fd vzhled<\/strong> \u2013 k dispozici ve \u010dty\u0159ech barv\u00e1ch lad\u00edc\u00edch s plst\u00ed panelu.  \r\n<strong>Kompletn\u00ed sada<\/strong> \u2013 obsahuje bit TX-20 pro snadnou instalaci.\r\n\r\n<strong>Specifikace balen\u00ed:<\/strong>  \r\nRozm\u011bry: 4,0 \u00d7 30 mm  \r\nMno\u017estv\u00ed: 50 ks  \r\nObsah balen\u00ed: bit TX-20\r\n\r\nS mont\u00e1\u017en\u00edmi \u0161rouby Denpanels z\u00edsk\u00e1te v\u0161e pot\u0159ebn\u00e9 pro profesion\u00e1ln\u00ed, plynulou a spolehlivou instalaci.","product_category-highlighted_media":28340,"product_category-cta":{"product_category_cta":null},"comparrison_image":null,"product_category-some_of_our_combinations":26790,"hero-media":[26969],"hero-h1":"Mont\u00e1\u017en\u00ed \u0161rouby","hero-sub_header":""},"_links":{"self":[{"href":"https:\/\/denpanels.com\/cs\/wp-json\/wp\/v2\/pages\/27332","targetHints":{"allow":["GET"]}}],"collection":[{"href":"https:\/\/denpanels.com\/cs\/wp-json\/wp\/v2\/pages"}],"about":[{"href":"https:\/\/denpanels.com\/cs\/wp-json\/wp\/v2\/types\/page"}],"author":[{"embeddable":true,"href":"https:\/\/denpanels.com\/cs\/wp-json\/wp\/v2\/users\/3"}],"replies":[{"embeddable":true,"href":"https:\/\/denpanels.com\/cs\/wp-json\/wp\/v2\/comments?post=27332"}],"version-history":[{"count":3,"href":"https:\/\/denpanels.com\/cs\/wp-json\/wp\/v2\/pages\/27332\/revisions"}],"predecessor-version":[{"id":27338,"href":"https:\/\/denpanels.com\/cs\/wp-json\/wp\/v2\/pages\/27332\/revisions\/27338"}],"up":[{"embeddable":true,"href":"https:\/\/denpanels.com\/cs\/wp-json\/wp\/v2\/pages\/27050"}],"acf:attachment":[{"embeddable":true,"href":"https:\/\/denpanels.com\/cs\/wp-json\/wp\/v2\/media\/26969"}],"acf:post":[{"embeddable":true,"href":"https:\/\/denpanels.com\/cs\/wp-json\/wp\/v2\/translation\/26790"}],"acf:term":[{"embeddable":true,"taxonomy":"product-category","href":"https:\/\/denpanels.com\/cs\/wp-json\/wp\/v2\/product-category\/759"}],"wp:attachment":[{"href":"https:\/\/denpanels.com\/cs\/wp-json\/wp\/v2\/media?parent=27332"}],"wp:term":[{"taxonomy":"page-section","embeddable":true,"href":"https:\/\/denpanels.com\/cs\/wp-json\/wp\/v2\/page-section?post=27332"},{"taxonomy":"page-template","embeddable":true,"href":"https:\/\/denpanels.com\/cs\/wp-json\/wp\/v2\/page-template?post=27332"}],"curies":[{"name":"wp","href":"https:\/\/api.w.org\/{rel}","templated":true}]}}