{"id":27328,"date":"2025-03-11T08:56:57","date_gmt":"2025-03-11T07:56:57","guid":{"rendered":"https:\/\/denpanels.com\/panely\/prislusenstvi\/boards\/"},"modified":"2025-04-15T12:59:26","modified_gmt":"2025-04-15T10:59:26","slug":"tabule","status":"publish","type":"page","link":"https:\/\/denpanels.com\/cs\/panely\/prislusenstvi\/tabule\/","title":{"rendered":"Tabule"},"content":{"rendered":"","protected":false},"excerpt":{"rendered":"","protected":false},"author":3,"featured_media":0,"parent":27050,"menu_order":0,"comment_status":"closed","ping_status":"closed","template":"","meta":{"_acf_changed":false,"footnotes":""},"page-section":[524,525,528,526],"page-template":[370],"class_list":["post-27328","page","type-page","status-publish","hentry","page-section-datasheet","page-section-hero","page-section-megamenu","page-section-product-category","page-template-product-sub-category"],"acf":{"product_category-selected":758,"product_category-headline_p1":"Chytr\u00e9 \u00falo\u017en\u00e9 \u0159e\u0161en\u00ed","product_category-headline_p2":"v kombinaci se stylov\u00fdm designem","product_category-introduction":"Vylep\u0161ete sv\u00e9 akustick\u00e9 panely Denpanels funk\u010dn\u00edmi a stylov\u00fdmi \u00falo\u017en\u00fdmi \u0159e\u0161en\u00edmi, kter\u00e1 udr\u017e\u00ed v\u00e1\u0161 prostor uspo\u0159\u00e1dan\u00fd a elegantn\u00ed. Tyto \u00falo\u017en\u00e9 tabule jsou navr\u017eeny pro plynulou integraci a spojuj\u00ed prakti\u010dnost s modern\u00ed estetikou.\r\n\r\n<strong>\u010cern\u00fd \u00falo\u017en\u00fd panel se 4 h\u00e1\u010dky<\/strong> \u2013 odoln\u00e1 kovov\u00e1 m\u0159\u00ed\u017eka ide\u00e1ln\u00ed pro zav\u011b\u0161en\u00ed kl\u00ed\u010d\u016f, dopl\u0148k\u016f nebo kancel\u00e1\u0159sk\u00fdch pot\u0159eb.  \r\n<strong>\u010cern\u00e1 magnetick\u00e1 tabule s polic\u00ed<\/strong> \u2013 magnetick\u00fd povrch s integrovanou polic\u00ed, ide\u00e1ln\u00ed pro pozn\u00e1mky, p\u0159ipom\u00ednky a drobnosti.  \r\n<strong>\u010cern\u00e1 pozn\u00e1mkov\u00e1 tabule<\/strong> \u2013 elegantn\u00ed a minimalistick\u00e1 tabule pro zapisov\u00e1n\u00ed \u00fakol\u016f nebo vystaven\u00ed dekorac\u00ed.\r\n\r\nSnadn\u00e1 instalace a dokonal\u00e9 p\u0159izp\u016fsoben\u00ed akustick\u00fdm panel\u016fm \u2013 tyto tabule p\u0159id\u00e1vaj\u00ed praktick\u00fd a prostorov\u011b \u00fasporn\u00fd prvek bez kompromisu ve stylu.\r\n\r\nChytr\u00e9 \u00falo\u017en\u00e9 \u0159e\u0161en\u00ed. Plynul\u00fd design. Maxim\u00e1ln\u00ed funk\u010dnost.","product_category-highlighted_media":22271,"product_category-cta":{"product_category_cta":null},"comparrison_image":null,"product_category-some_of_our_combinations":"","hero-media":[24175],"hero-h1":"Tabule","hero-sub_header":""},"_links":{"self":[{"href":"https:\/\/denpanels.com\/cs\/wp-json\/wp\/v2\/pages\/27328","targetHints":{"allow":["GET"]}}],"collection":[{"href":"https:\/\/denpanels.com\/cs\/wp-json\/wp\/v2\/pages"}],"about":[{"href":"https:\/\/denpanels.com\/cs\/wp-json\/wp\/v2\/types\/page"}],"author":[{"embeddable":true,"href":"https:\/\/denpanels.com\/cs\/wp-json\/wp\/v2\/users\/3"}],"replies":[{"embeddable":true,"href":"https:\/\/denpanels.com\/cs\/wp-json\/wp\/v2\/comments?post=27328"}],"version-history":[{"count":4,"href":"https:\/\/denpanels.com\/cs\/wp-json\/wp\/v2\/pages\/27328\/revisions"}],"predecessor-version":[{"id":28071,"href":"https:\/\/denpanels.com\/cs\/wp-json\/wp\/v2\/pages\/27328\/revisions\/28071"}],"up":[{"embeddable":true,"href":"https:\/\/denpanels.com\/cs\/wp-json\/wp\/v2\/pages\/27050"}],"acf:attachment":[{"embeddable":true,"href":"https:\/\/denpanels.com\/cs\/wp-json\/wp\/v2\/media\/24175"}],"acf:term":[{"embeddable":true,"taxonomy":"product-category","href":"https:\/\/denpanels.com\/cs\/wp-json\/wp\/v2\/product-category\/758"}],"wp:attachment":[{"href":"https:\/\/denpanels.com\/cs\/wp-json\/wp\/v2\/media?parent=27328"}],"wp:term":[{"taxonomy":"page-section","embeddable":true,"href":"https:\/\/denpanels.com\/cs\/wp-json\/wp\/v2\/page-section?post=27328"},{"taxonomy":"page-template","embeddable":true,"href":"https:\/\/denpanels.com\/cs\/wp-json\/wp\/v2\/page-template?post=27328"}],"curies":[{"name":"wp","href":"https:\/\/api.w.org\/{rel}","templated":true}]}}